{"id":25993246,"date":"2024-09-22T13:51:13","date_gmt":"2024-09-22T11:51:13","guid":{"rendered":"https:\/\/hgm-rack.at\/carro-de-la-compra\/"},"modified":"2024-09-27T14:29:24","modified_gmt":"2024-09-27T12:29:24","slug":"carro-de-la-compra","status":"publish","type":"page","link":"https:\/\/hgm-rack.at\/es\/carro-de-la-compra\/","title":{"rendered":"Carro de la compra"},"content":{"rendered":"<p>[et_pb_section fb_built=\u00bb1&#8243; custom_padding_last_edited=\u00bbon|phone\u00bb admin_label=\u00bbsection\u00bb _builder_version=\u00bb4.25.0&#8243; custom_margin_tablet=\u00bb\u00bb custom_margin_phone=\u00bb\u00bb custom_margin_last_edited=\u00bbon|phone\u00bb custom_padding_tablet=\u00bb\u00bb custom_padding_phone=\u00bb15px||||false|false\u00bb global_colors_info=\u00bb{}\u00bb][et_pb_row admin_label=\u00bbfila\u00bb _builder_version=\u00bb4.16&#8243; background_size=\u00bbinitial\u00bb background_position=\u00bbtop_left\u00bb background_repeat=\u00bbrepeat\u00bb global_colors_info=\u00bb{}\u00bb][et_pb_column type=\u00bb4_4&#8243; _builder_version=\u00bb4.16&#8243; custom_padding=\u00bb|||\u00bb global_colors_info=\u00bb{}\u00bb custom_padding__hover=\u00bb|||\u00bb][et_pb_text _builder_version=\u00bb4.25.0&#8243; _module_preset=\u00bbec5fe9ba-1303-4c9b-957c-2b5324f5035d\u00bb header_2_font_size_tablet=\u00bb\u00bb header_2_font_size_phone=\u00bb\u00bb header_2_font_size_last_edited=\u00bbon|phone\u00bb global_colors_info=\u00bb{}\u00bb]<\/p>\n<h1>Cesta de la compra Art\u00edculo<\/h1>\n<p>[\/et_pb_text][et_pb_wc_cart_products show_coupon_code=\u00bboff\u00bb _builder_version=\u00bb4.27.0&#8243; _module_preset=\u00bbdefault\u00bb body_font_size=\u00bb16px\u00bb link_font_size=\u00bb16px\u00bb background_enable_color=\u00bboff\u00bb custom_button=\u00bbon\u00bb custom_disabled_button=\u00bbon\u00bb disabled_button_text_size=\u00bb15px\u00bb disabled_button_text_color=\u00bb#F9F9F9&#8243; disabled_button_bg_color=\u00bb#CE0C0C\u00bb disabled_button_border_radius=\u00bb10px\u00bb disabled_button_font=\u00bb||||||||\u00bb disabled_button_use_icon=\u00bboff\u00bb disabled_button_custom_padding=\u00bb6px|20px|6px|20px|true|true\u00bb disabled_button_custom_padding_tablet=\u00bb|20px||20px|true|true\u00bb disabled_button_custom_padding_phone=\u00bb6px||6px||true|true\u00bb disabled_button_custom_padding_last_edited=\u00bbon|phone\u00bb custom_padding_tablet=\u00bb||40px||false|false\u00bb custom_padding_phone=\u00bb||20px||false|false\u00bb custom_padding_last_edited=\u00bbon|phone\u00bb body_font_size_tablet=\u00bb16px\u00bb body_font_size_phone=\u00bb15px\u00bb body_font_size_last_edited=\u00bbon|phone\u00bb link_font_size_tablet=\u00bb16px\u00bb link_font_size_phone=\u00bb15px\u00bb link_font_size_last_edited=\u00bbon|phone\u00bb form_field_font_size_tablet=\u00bb\u00bb form_field_font_size_phone=\u00bb\u00bb form_field_font_size_last_edited=\u00bbon|phone\u00bb button_text_size_tablet=\u00bb\u00bb button_text_size_phone=\u00bb\u00bb button_text_size_last_edited=\u00bbon|desktop\u00bb disabled_button_text_size_tablet=\u00bb15px\u00bb disabled_button_text_size_phone=\u00bb14px\u00bb disabled_button_text_size_last_edited=\u00bbon|phone\u00bb box_shadow_style_disabled_button=\u00bbpreset1&#8243; box_shadow_vertical_disabled_button=\u00bb9px\u00bb box_shadow_blur_disabled_button=\u00bb10px\u00bb box_shadow_color_disabled_button=\u00bbrgba(206,12,12,0.3)\u00bb global_colors_info=\u00bb{}\u00bb][\/et_pb_wc_cart_products][et_pb_wc_cart_totals _builder_version=\u00bb4.25.0&#8243; _module_preset=\u00bbdefault\u00bb title_font=\u00bb|700|||||||\u00bb title_font_size=\u00bb30px\u00bb body_font_size=\u00bb16px\u00bb max_width=\u00bb800px\u00bb module_alignment=\u00bbright\u00bb custom_margin=\u00bb||0px||false|false\u00bb custom_margin_tablet=\u00bb||0px||false|false\u00bb custom_margin_last_edited=\u00bboff|desktop\u00bb custom_padding=\u00bb||0px||false|false\u00bb title_font_size_tablet=\u00bb25px\u00bb title_font_size_phone=\u00bb20px\u00bb title_font_size_last_edited=\u00bbon|phone\u00bb column_label_font_size_tablet=\u00bb\u00bb column_label_font_size_phone=\u00bb14px\u00bb column_label_font_size_last_edited=\u00bbon|phone\u00bb body_font_size_tablet=\u00bb16px\u00bb body_font_size_phone=\u00bb14px\u00bb body_font_size_last_edited=\u00bbon|phone\u00bb global_colors_info=\u00bb{}\u00bb][\/et_pb_wc_cart_totals][et_pb_button button_url=\u00bbhttps:\/\/hgm-rack.at\/es\/pedido\/\u00bb button_text=\u00bbA la caja\u00bb button_alignment=\u00bbright\u00bb disabled_on=\u00bboff|off|off\u00bb _builder_version=\u00bb4.25.1&#8243; _module_preset=\u00bb_initial\u00bb button_font=\u00bbInter|700|||||||\u00bb button_use_icon=\u00bboff\u00bb custom_margin=\u00bb0px||||false|false\u00bb custom_margin_tablet=\u00bb0px||||false|false\u00bb custom_margin_phone=\u00bb0px||||false|false\u00bb custom_margin_last_edited=\u00bbon|phone\u00bb custom_padding=\u00bb12px|40px|12px|40px|true|true\u00bb custom_padding_tablet=\u00bb|35px||35px|true|true\u00bb custom_padding_phone=\u00bb10px||10px||true|true\u00bb custom_padding_last_edited=\u00bbon|phone\u00bb custom_css_main_element=\u00bbborder:0px !important;\u00bb box_shadow_style=\u00bbpreset1&#8243; box_shadow_vertical=\u00bb9px\u00bb box_shadow_blur=\u00bb10px\u00bb box_shadow_color=\u00bbRGBA(206,12,12,0.3)\u00bb box_shadow_color_last_edited=\u00bboff|desktop\u00bb global_colors_info=\u00bb{}\u00bb][\/et_pb_button][\/et_pb_column][\/et_pb_row][et_pb_row disabled_on=\u00bboff|off|on\u00bb _builder_version=\u00bb4.27.0&#8243; _module_preset=\u00bbdefault\u00bb width=\u00bb100%\u00bb hover_enabled=\u00bb0&#8243; global_module=\u00bb25994362&#8243; saved_tabs=\u00bball\u00bb locked=\u00bboff\u00bb global_colors_info=\u00bb{}\u00bb sticky_enabled=\u00bb0&#8243;][et_pb_column type=\u00bb4_4&#8243; _builder_version=\u00bb4.27.0&#8243; _module_preset=\u00bbdefault\u00bb global_colors_info=\u00bb{}\u00bb][et_pb_code disabled_on=\u00bboff|off|off\u00bb _builder_version=\u00bb4.27.0&#8243; _module_preset=\u00bbdefault\u00bb positioning=\u00bbfixed\u00bb position_origin_f=\u00bbbottom_center\u00bb vertical_offset=\u00bb0px\u00bb z_index=\u00bb200&#8243; position_origin_a_tablet=\u00bb\u00bb position_origin_a_phone=\u00bb\u00bb position_origin_a_last_edited=\u00bbon|tablet\u00bb position_origin_f_tablet=\u00bbbottom_right\u00bb position_origin_f_phone=\u00bbbottom_center\u00bb position_origin_f_last_edited=\u00bbon|phone\u00bb position_origin_r_tablet=\u00bb\u00bb position_origin_r_phone=\u00bb\u00bb position_origin_r_last_edited=\u00bbon|tablet\u00bb width=\u00bb100%\u00bb hover_enabled=\u00bb0&#8243; positioning_tablet=\u00bb\u00bb positioning_phone=\u00bb\u00bb positioning_last_edited=\u00bbon|tablet\u00bb global_colors_info=\u00bb{}\u00bb sticky_enabled=\u00bb0&#8243; custom_padding=\u00bb||||false|false\u00bb custom_margin=\u00bb0px||0px||false|false\u00bb]<div data-src=\"https:\/\/cdn.trustindex.io\/loader.js?bdc323e356eb189907665073301\"><\/div>[\/et_pb_code][\/et_pb_column][\/et_pb_row][et_pb_row disabled_on=\u00bbon|on|off\u00bb _builder_version=\u00bb4.27.0&#8243; _module_preset=\u00bbdefault\u00bb background_enable_color=\u00bboff\u00bb positioning=\u00bbabsolute\u00bb position_origin_a=\u00bbtop_right\u00bb position_origin_f=\u00bbtop_right\u00bb max_width=\u00bb250px\u00bb custom_margin=\u00bb|20px|||false|false\u00bb custom_padding=\u00bb||||false|false\u00bb sticky_position=\u00bbtop\u00bb global_module=\u00bb25994363&#8243; saved_tabs=\u00bball\u00bb locked=\u00bboff\u00bb global_colors_info=\u00bb{}\u00bb][et_pb_column type=\u00bb4_4&#8243; _builder_version=\u00bb4.27.0&#8243; _module_preset=\u00bbdefault\u00bb global_colors_info=\u00bb{}\u00bb][et_pb_code disabled_on=\u00bbon|on|off\u00bb _builder_version=\u00bb4.27.0&#8243; _module_preset=\u00bbdefault\u00bb z_index=\u00bb200&#8243; width=\u00bb100%\u00bb module_alignment=\u00bbright\u00bb sticky_position=\u00bbtop\u00bb sticky_offset_top=\u00bb20px\u00bb hover_enabled=\u00bb0&#8243; global_colors_info=\u00bb{}\u00bb sticky_enabled=\u00bb0&#8243;]<div data-src=\"https:\/\/cdn.trustindex.io\/loader.js?76eb4d43534a1899918643b3e67\"><\/div>[\/et_pb_code][\/et_pb_column][\/et_pb_row][\/et_pb_section][et_pb_section fb_built=\u00bb1&#8243; admin_label=\u00bbSection &#8211; Bottom Blurbs\u00bb module_class=\u00bbbottom-blurbs\u00bb _builder_version=\u00bb4.27.0&#8243; background_color=\u00bb#F9F9F9&#8243; custom_margin=\u00bb0px||0px||true|false\u00bb custom_margin_tablet=\u00bb60px||60px||true|false\u00bb custom_margin_phone=\u00bb40px||40px||true|false\u00bb custom_margin_last_edited=\u00bboff|desktop\u00bb custom_padding=\u00bb40px||40px||false|false\u00bb hover_enabled=\u00bb0&#8243; global_module=\u00bb362748&#8243; saved_tabs=\u00bball\u00bb locked=\u00bboff\u00bb collapsed=\u00bboff\u00bb global_colors_info=\u00bb{}\u00bb sticky_enabled=\u00bb0&#8243; z_index=\u00bb10&#8243;][et_pb_row column_structure=\u00bb1_4,1_4,1_4,1_4&#8243; use_custom_gutter=\u00bbon\u00bb _builder_version=\u00bb4.27.0&#8243; _module_preset=\u00bbdefault\u00bb custom_margin=\u00bb0px||0px|\u00bb custom_margin_tablet=\u00bb0px||0px||false|false\u00bb custom_margin_phone=\u00bb\u00bb custom_margin_last_edited=\u00bbon|phone\u00bb custom_padding=\u00bb||||false|false\u00bb hover_enabled=\u00bb0&#8243; custom_css_free_form=\u00bbselector .et_pb_column{||  margin-bottom:20px !important;||}\u00bb border_color_all=\u00bb#CE0C0C\u00bb global_colors_info=\u00bb{}\u00bb custom_css_main_element_last_edited=\u00bboff|tablet\u00bb sticky_enabled=\u00bb0&#8243; z_index=\u00bb10&#8243;][et_pb_column type=\u00bb1_4&#8243; _builder_version=\u00bb4.27.0&#8243; hover_enabled=\u00bb0&#8243; border_radii=\u00bbon|5px|5px|5px|5px\u00bb border_width_all=\u00bb1px\u00bb border_color_all=\u00bb#E5E5E5&#8243; global_colors_info=\u00bb{}\u00bb border_color_all__hover_enabled=\u00bbon|desktop\u00bb border_color_all__hover=\u00bb#CE0C0C\u00bb z_index=\u00bb10&#8243; sticky_enabled=\u00bb0&#8243;][et_pb_blurb title=\u00bbEnv\u00edos al extranjero\u00bb use_icon=\u00bbon\u00bb font_icon=\u00bb&#xe015;||divi||400&#8243; admin_label=\u00bbBlurb &#8211; Free Shipping\u00bb _builder_version=\u00bb4.27.0&#8243; _module_preset=\u00bbd8caa597-4346-45b1-812f-4a81d1e51d1a\u00bb hover_enabled=\u00bb0&#8243; icon_font_size=\u00bb30px\u00bb global_colors_info=\u00bb{}\u00bb sticky_enabled=\u00bb0&#8243; z_index=\u00bb10&#8243;]<\/p>\n<p>Posibilidad de env\u00edo a todos los pa\u00edses de la UE, as\u00ed como a Suiza y el <span>Reino Unido (RU) <\/span>.<\/p>\n<p>[\/et_pb_blurb][\/et_pb_column][et_pb_column type=\u00bb1_4&#8243; _builder_version=\u00bb4.16&#8243; border_radii=\u00bbon|5px|5px|5px|5px\u00bb border_width_all=\u00bb1px\u00bb border_color_all=\u00bb#E5E5E5&#8243; global_colors_info=\u00bb{}\u00bb custom_padding__hover=\u00bb|||\u00bb border_color_all__hover=\u00bb#CE0C0C\u00bb border_color_all__hover_enabled=\u00bbon|desktop\u00bb][et_pb_blurb title=\u00bbFabricado en Austria\u00bb use_icon=\u00bbon\u00bb font_icon=\u00bb&#xe031;||divi||400&#8243; admin_label=\u00bbBlurb &#8211; Online Support\u00bb _builder_version=\u00bb4.25.0&#8243; _module_preset=\u00bbd8caa597-4346-45b1-812f-4a81d1e51d1a\u00bb icon_font_size=\u00bb30px\u00bb global_colors_info=\u00bb{}\u00bb]<\/p>\n<p>Dise\u00f1ado y fabricado en Austria.<\/p>\n<p>[\/et_pb_blurb][\/et_pb_column][et_pb_column type=\u00bb1_4&#8243; _builder_version=\u00bb4.25.0&#8243; border_radii=\u00bbon|5px|5px|5px|5px\u00bb border_width_all=\u00bb1px\u00bb border_color_all=\u00bb#E5E5E5&#8243; global_colors_info=\u00bb{}\u00bb custom_padding__hover=\u00bb|||\u00bb border_color_all__hover=\u00bb#CE0C0C\u00bb border_color_all__hover_enabled=\u00bbon|desktop\u00bb][et_pb_blurb title=\u00bbPago seguro\u00bb use_icon=\u00bbon\u00bb font_icon=\u00bb&#xe014;||divi||400&#8243; admin_label=\u00bbBlurb &#8211; Secure Payment\u00bb _builder_version=\u00bb4.25.0&#8243; _module_preset=\u00bbd8caa597-4346-45b1-812f-4a81d1e51d1a\u00bb icon_font_size=\u00bb30px\u00bb global_colors_info=\u00bb{}\u00bb]<\/p>\n<p>Elija entre muchos m\u00e9todos de pago seguros.<\/p>\n<p>[\/et_pb_blurb][\/et_pb_column][et_pb_column type=\u00bb1_4&#8243; _builder_version=\u00bb4.16&#8243; border_radii=\u00bbon|5px|5px|5px|5px\u00bb border_width_all=\u00bb1px\u00bb border_color_all=\u00bb#E5E5E5&#8243; global_colors_info=\u00bb{}\u00bb custom_padding__hover=\u00bb|||\u00bb border_color_all__hover=\u00bb#CE0C0C\u00bb border_color_all__hover_enabled=\u00bbon|desktop\u00bb][et_pb_blurb title=\u00bbGarant\u00eda de devoluci\u00f3n del dinero\u00bb use_icon=\u00bbon\u00bb font_icon=\u00bb&#xe100;||divi||400&#8243; admin_label=\u00bbBlurb &#8211; Money Guarantee\u00bb _builder_version=\u00bb4.25.1&#8243; _module_preset=\u00bbd8caa597-4346-45b1-812f-4a81d1e51d1a\u00bb icon_font_size=\u00bb30px\u00bb global_colors_info=\u00bb{}\u00bb]<\/p>\n<p>Garant\u00eda de devoluci\u00f3n del dinero de 14 d\u00edas para todos.<\/p>\n<p>[\/et_pb_blurb][\/et_pb_column][\/et_pb_row][\/et_pb_section]<\/p>\n","protected":false},"excerpt":{"rendered":"<p>Cesta de la compra Art\u00edculo<div data-src=\"https:\/\/cdn.trustindex.io\/loader.js?bdc323e356eb189907665073301\"><\/div><div data-src=\"https:\/\/cdn.trustindex.io\/loader.js?76eb4d43534a1899918643b3e67\"><\/div>Posibilidad de env\u00edo a todos los pa\u00edses de la UE, as\u00ed como a Suiza y el Reino Unido (RU) .Dise\u00f1ado y fabricado en Austria.Elija entre muchos m\u00e9todos de pago seguros.Garant\u00eda de devoluci\u00f3n del dinero de 14 d\u00edas para todos.<\/p>\n","protected":false},"author":1,"featured_media":0,"parent":0,"menu_order":0,"comment_status":"closed","ping_status":"closed","template":"","meta":{"_acf_changed":false,"_et_pb_use_builder":"on","_et_pb_old_content":"","_et_gb_content_width":"","footnotes":""},"class_list":["post-25993246","page","type-page","status-publish","hentry"],"acf":[],"_links":{"self":[{"href":"https:\/\/hgm-rack.at\/es\/wp-json\/wp\/v2\/pages\/25993246","targetHints":{"allow":["GET"]}}],"collection":[{"href":"https:\/\/hgm-rack.at\/es\/wp-json\/wp\/v2\/pages"}],"about":[{"href":"https:\/\/hgm-rack.at\/es\/wp-json\/wp\/v2\/types\/page"}],"author":[{"embeddable":true,"href":"https:\/\/hgm-rack.at\/es\/wp-json\/wp\/v2\/users\/1"}],"replies":[{"embeddable":true,"href":"https:\/\/hgm-rack.at\/es\/wp-json\/wp\/v2\/comments?post=25993246"}],"version-history":[{"count":32,"href":"https:\/\/hgm-rack.at\/es\/wp-json\/wp\/v2\/pages\/25993246\/revisions"}],"predecessor-version":[{"id":25994833,"href":"https:\/\/hgm-rack.at\/es\/wp-json\/wp\/v2\/pages\/25993246\/revisions\/25994833"}],"wp:attachment":[{"href":"https:\/\/hgm-rack.at\/es\/wp-json\/wp\/v2\/media?parent=25993246"}],"curies":[{"name":"wp","href":"https:\/\/api.w.org\/{rel}","templated":true}]}}