{"id":25993252,"date":"2024-09-22T13:51:14","date_gmt":"2024-09-22T11:51:14","guid":{"rendered":"https:\/\/hgm-rack.at\/cuenta\/"},"modified":"2024-09-22T13:51:19","modified_gmt":"2024-09-22T11:51:19","slug":"cuenta","status":"publish","type":"page","link":"https:\/\/hgm-rack.at\/es\/cuenta\/","title":{"rendered":"Cuenta"},"content":{"rendered":"<p>[et_pb_section fb_built=\u00bb1&#8243; _builder_version=\u00bb4.25.0&#8243; background_enable_color=\u00bboff\u00bb global_colors_info=\u00bb{}\u00bb][et_pb_row custom_padding_last_edited=\u00bbon|phone\u00bb _builder_version=\u00bb4.25.0&#8243; _module_preset=\u00bbdefault\u00bb background_enable_color=\u00bboff\u00bb custom_margin=\u00bb0px||0px||true|false\u00bb custom_margin_tablet=\u00bb0px||0px||false|false\u00bb custom_margin_phone=\u00bb0px||0px||false|false\u00bb custom_margin_last_edited=\u00bbon|desktop\u00bb custom_padding=\u00bb0px||0px||true|false\u00bb custom_padding_tablet=\u00bb0px||0px||false|false\u00bb custom_padding_phone=\u00bb||0px||false|false\u00bb global_colors_info=\u00bb{}\u00bb][et_pb_column type=\u00bb4_4&#8243; _builder_version=\u00bb4.25.0&#8243; _module_preset=\u00bbdefault\u00bb global_colors_info=\u00bb{}\u00bb][et_pb_text admin_label=\u00bbPage Title\u00bb _builder_version=\u00bb4.25.0&#8243; _module_preset=\u00bbec5fe9ba-1303-4c9b-957c-2b5324f5035d\u00bb text_font=\u00bbPoppins||||||||\u00bb text_text_color=\u00bb#000000&#8243; text_line_height=\u00bb1em\u00bb global_colors_info=\u00bb{}\u00bb]<\/p>\n<h1>Mi cuenta<\/h1>\n<p>[\/et_pb_text][\/et_pb_column][\/et_pb_row][et_pb_row custom_padding_last_edited=\u00bbon|phone\u00bb disabled_on=\u00bboff|off|off\u00bb _builder_version=\u00bb4.25.0&#8243; background_enable_color=\u00bboff\u00bb use_background_color_gradient=\u00bbon\u00bb background_color_gradient_direction=\u00bb90deg\u00bb background_color_gradient_stops=\u00bbrgba(255,255,255,0.85) 25%|rgba(206,12,12,0.03) 25%\u00bb background_color_gradient_start=\u00bb#ffffff\u00bb background_color_gradient_start_position=\u00bb30%\u00bb background_color_gradient_end=\u00bbrgba(255,255,255,0.85)\u00bb background_color_gradient_end_position=\u00bb30%\u00bb background_size=\u00bbinitial\u00bb background_position=\u00bbtop_left\u00bb background_repeat=\u00bbrepeat\u00bb width_tablet=\u00bb\u00bb width_phone=\u00bb100%\u00bb width_last_edited=\u00bbon|phone\u00bb custom_margin=\u00bb20px||||false|false\u00bb custom_margin_tablet=\u00bb20px||||false|false\u00bb custom_margin_phone=\u00bb20px||||false|false\u00bb custom_margin_last_edited=\u00bbon|tablet\u00bb custom_padding=\u00bb|3%||3%|false|true\u00bb custom_padding_tablet=\u00bb|5%||5%|false|true\u00bb custom_padding_phone=\u00bb0px|10%||10%|false|true\u00bb background_color_tablet=\u00bbrgba(255,255,255,0.9)\u00bb background_last_edited=\u00bbon|desktop\u00bb background_enable_color_tablet=\u00bbon\u00bb use_background_color_gradient_tablet=\u00bboff\u00bb border_radii=\u00bbon|5px|5px|5px|5px\u00bb box_shadow_style=\u00bbpreset1&#8243; box_shadow_color=\u00bbrgba(0,0,0,0.1)\u00bb box_shadow_color_tablet=\u00bbrgba(0,0,0,0.1)\u00bb box_shadow_color_phone=\u00bbRGBA(255,255,255,0)\u00bb box_shadow_color_last_edited=\u00bbon|phone\u00bb global_colors_info=\u00bb{}\u00bb][et_pb_column type=\u00bb4_4&#8243; _builder_version=\u00bb4.16&#8243; custom_padding=\u00bb|||\u00bb global_colors_info=\u00bb{}\u00bb custom_padding__hover=\u00bb|||\u00bb][et_pb_text ul_type=\u00bbcircle\u00bb ul_item_indent=\u00bb5%\u00bb admin_label=\u00bbAccount Section\u00bb module_id=\u00bbkonto\u00bb _builder_version=\u00bb4.25.0&#8243; text_text_color=\u00bb#525252&#8243; ul_line_height=\u00bb2em\u00bb background_size=\u00bbinitial\u00bb background_position=\u00bbtop_left\u00bb background_repeat=\u00bbrepeat\u00bb hover_enabled=\u00bb0&#8243; global_colors_info=\u00bb{}\u00bb ul_letter_spacing__hover_enabled=\u00bbon|desktop\u00bb sticky_enabled=\u00bb0&#8243; header_2_font_size_last_edited=\u00bbon|phone\u00bb header_2_font_size=\u00bb30px\u00bb header_2_font_size_tablet=\u00bb25px\u00bb header_2_font_size_phone=\u00bb20px\u00bb header_2_font=\u00bb|600|||||||\u00bb]<\/p>\n<div class=\"woocommerce\"><\/div>\n<p>&nbsp;<\/p>\n<p>[\/et_pb_text][\/et_pb_column][\/et_pb_row][\/et_pb_section][et_pb_section fb_built=\u00bb1&#8243; admin_label=\u00bbSection &#8211; Bottom Blurbs\u00bb module_class=\u00bbbottom-blurbs\u00bb _builder_version=\u00bb4.25.0&#8243; background_color=\u00bb#F9F9F9&#8243; custom_margin=\u00bb0px||0px||true|false\u00bb custom_margin_tablet=\u00bb60px||60px||true|false\u00bb custom_margin_phone=\u00bb40px||40px||true|false\u00bb custom_margin_last_edited=\u00bboff|desktop\u00bb custom_padding=\u00bb40px||40px||false|false\u00bb global_module=\u00bb362748&#8243; saved_tabs=\u00bball\u00bb locked=\u00bboff\u00bb collapsed=\u00bboff\u00bb global_colors_info=\u00bb{}\u00bb][et_pb_row column_structure=\u00bb1_4,1_4,1_4,1_4&#8243; use_custom_gutter=\u00bbon\u00bb _builder_version=\u00bb4.25.0&#8243; _module_preset=\u00bbdefault\u00bb custom_margin=\u00bb0px||0px|\u00bb custom_margin_tablet=\u00bb0px||0px||false|false\u00bb custom_margin_phone=\u00bb\u00bb custom_margin_last_edited=\u00bbon|phone\u00bb custom_padding=\u00bb||||false|false\u00bb custom_css_free_form=\u00bbselector .et_pb_column{||  margin-bottom:20px !important;||}\u00bb border_color_all=\u00bb#CE0C0C\u00bb global_colors_info=\u00bb{}\u00bb custom_css_main_element_last_edited=\u00bboff|tablet\u00bb][et_pb_column type=\u00bb1_4&#8243; _builder_version=\u00bb4.25.0&#8243; border_radii=\u00bbon|5px|5px|5px|5px\u00bb border_width_all=\u00bb1px\u00bb border_color_all=\u00bb#E5E5E5&#8243; global_colors_info=\u00bb{}\u00bb border_color_all__hover_enabled=\u00bbon|desktop\u00bb border_color_all__hover=\u00bb#CE0C0C\u00bb][et_pb_blurb title=\u00bbEnv\u00edos al extranjero\u00bb use_icon=\u00bbon\u00bb font_icon=\u00bb&#xe015;||divi||400&#8243; admin_label=\u00bbBlurb &#8211; Free Shipping\u00bb _builder_version=\u00bb4.25.0&#8243; _module_preset=\u00bbd8caa597-4346-45b1-812f-4a81d1e51d1a\u00bb icon_font_size=\u00bb30px\u00bb global_colors_info=\u00bb{}\u00bb]<\/p>\n<p>Posibilidad de env\u00edo a todos los pa\u00edses de la UE.<\/p>\n<p>[\/et_pb_blurb][\/et_pb_column][et_pb_column type=\u00bb1_4&#8243; _builder_version=\u00bb4.16&#8243; border_radii=\u00bbon|5px|5px|5px|5px\u00bb border_width_all=\u00bb1px\u00bb border_color_all=\u00bb#E5E5E5&#8243; global_colors_info=\u00bb{}\u00bb custom_padding__hover=\u00bb|||\u00bb border_color_all__hover=\u00bb#CE0C0C\u00bb border_color_all__hover_enabled=\u00bbon|desktop\u00bb][et_pb_blurb title=\u00bbFabricado en Austria\u00bb use_icon=\u00bbon\u00bb font_icon=\u00bb&#xe031;||divi||400&#8243; admin_label=\u00bbBlurb &#8211; Online Support\u00bb _builder_version=\u00bb4.25.0&#8243; _module_preset=\u00bbd8caa597-4346-45b1-812f-4a81d1e51d1a\u00bb icon_font_size=\u00bb30px\u00bb global_colors_info=\u00bb{}\u00bb]<\/p>\n<p>Dise\u00f1ado y fabricado en Austria.<\/p>\n<p>[\/et_pb_blurb][\/et_pb_column][et_pb_column type=\u00bb1_4&#8243; _builder_version=\u00bb4.25.0&#8243; border_radii=\u00bbon|5px|5px|5px|5px\u00bb border_width_all=\u00bb1px\u00bb border_color_all=\u00bb#E5E5E5&#8243; global_colors_info=\u00bb{}\u00bb custom_padding__hover=\u00bb|||\u00bb border_color_all__hover=\u00bb#CE0C0C\u00bb border_color_all__hover_enabled=\u00bbon|desktop\u00bb][et_pb_blurb title=\u00bbPago seguro\u00bb use_icon=\u00bbon\u00bb font_icon=\u00bb&#xe014;||divi||400&#8243; admin_label=\u00bbBlurb &#8211; Secure Payment\u00bb _builder_version=\u00bb4.25.0&#8243; _module_preset=\u00bbd8caa597-4346-45b1-812f-4a81d1e51d1a\u00bb icon_font_size=\u00bb30px\u00bb global_colors_info=\u00bb{}\u00bb]<\/p>\n<p>Elija entre muchos m\u00e9todos de pago seguros.<\/p>\n<p>[\/et_pb_blurb][\/et_pb_column][et_pb_column type=\u00bb1_4&#8243; _builder_version=\u00bb4.16&#8243; border_radii=\u00bbon|5px|5px|5px|5px\u00bb border_width_all=\u00bb1px\u00bb border_color_all=\u00bb#E5E5E5&#8243; global_colors_info=\u00bb{}\u00bb custom_padding__hover=\u00bb|||\u00bb border_color_all__hover=\u00bb#CE0C0C\u00bb border_color_all__hover_enabled=\u00bbon|desktop\u00bb][et_pb_blurb title=\u00bbGarant\u00eda de devoluci\u00f3n del dinero\u00bb use_icon=\u00bbon\u00bb font_icon=\u00bb&#xe100;||divi||400&#8243; admin_label=\u00bbBlurb &#8211; Money Guarantee\u00bb _builder_version=\u00bb4.25.0&#8243; _module_preset=\u00bbd8caa597-4346-45b1-812f-4a81d1e51d1a\u00bb icon_font_size=\u00bb30px\u00bb global_colors_info=\u00bb{}\u00bb]<\/p>\n<p>Garant\u00eda de devoluci\u00f3n del dinero de 30 d\u00edas para todos.<\/p>\n<p>[\/et_pb_blurb][\/et_pb_column][\/et_pb_row][\/et_pb_section]<\/p>\n","protected":false},"excerpt":{"rendered":"<p>Mi cuenta<div class=\"woocommerce\"><\/div> &nbsp;Posibilidad de env\u00edo a todos los pa\u00edses de la UE.Dise\u00f1ado y fabricado en Austria.Elija entre muchos m\u00e9todos de pago seguros.Garant\u00eda de devoluci\u00f3n del dinero de 30 d\u00edas para todos.<\/p>\n","protected":false},"author":1,"featured_media":0,"parent":0,"menu_order":0,"comment_status":"closed","ping_status":"closed","template":"","meta":{"_acf_changed":false,"_et_pb_use_builder":"on","_et_pb_old_content":"","_et_gb_content_width":"","footnotes":""},"class_list":["post-25993252","page","type-page","status-publish","hentry"],"acf":[],"_links":{"self":[{"href":"https:\/\/hgm-rack.at\/es\/wp-json\/wp\/v2\/pages\/25993252","targetHints":{"allow":["GET"]}}],"collection":[{"href":"https:\/\/hgm-rack.at\/es\/wp-json\/wp\/v2\/pages"}],"about":[{"href":"https:\/\/hgm-rack.at\/es\/wp-json\/wp\/v2\/types\/page"}],"author":[{"embeddable":true,"href":"https:\/\/hgm-rack.at\/es\/wp-json\/wp\/v2\/users\/1"}],"replies":[{"embeddable":true,"href":"https:\/\/hgm-rack.at\/es\/wp-json\/wp\/v2\/comments?post=25993252"}],"version-history":[{"count":1,"href":"https:\/\/hgm-rack.at\/es\/wp-json\/wp\/v2\/pages\/25993252\/revisions"}],"predecessor-version":[{"id":25993258,"href":"https:\/\/hgm-rack.at\/es\/wp-json\/wp\/v2\/pages\/25993252\/revisions\/25993258"}],"wp:attachment":[{"href":"https:\/\/hgm-rack.at\/es\/wp-json\/wp\/v2\/media?parent=25993252"}],"curies":[{"name":"wp","href":"https:\/\/api.w.org\/{rel}","templated":true}]}}