{"id":25993403,"date":"2024-09-22T13:51:46","date_gmt":"2024-09-22T11:51:46","guid":{"rendered":"https:\/\/hgm-rack.at\/envio-y-entrega\/"},"modified":"2024-09-22T13:51:49","modified_gmt":"2024-09-22T11:51:49","slug":"envio-y-entrega","status":"publish","type":"page","link":"https:\/\/hgm-rack.at\/es\/envio-y-entrega\/","title":{"rendered":"Env\u00edo y entrega"},"content":{"rendered":"<p>[et_pb_section fb_built=\u00bb1&#8243; _builder_version=\u00bb4.16&#8243; _module_preset=\u00bbdefault\u00bb global_colors_info=\u00bb{}\u00bb][et_pb_row _builder_version=\u00bb4.16&#8243; _module_preset=\u00bbdefault\u00bb global_colors_info=\u00bb{}\u00bb][et_pb_column type=\u00bb4_4&#8243; _builder_version=\u00bb4.16&#8243; _module_preset=\u00bbdefault\u00bb global_colors_info=\u00bb{}\u00bb][et_pb_text content_phone=\u00bb<\/p>\n<h1>Condiciones de env\u00edo<\/h1>\n<p>\u00bb content_last_edited=\u00bboff|desktop\u00bb _builder_version=\u00bb4.25.1&#8243; _module_preset=\u00bbec5fe9ba-1303-4c9b-957c-2b5324f5035d\u00bb global_colors_info=\u00bb{}\u00bb hover_enabled=\u00bb0&#8243; sticky_enabled=\u00bb0&#8243;]<\/p>\n<h1>Env\u00edo y entrega<\/h1>\n<p>[\/et_pb_text][et_pb_divider color=\u00bb#CE0C0C\u00bb divider_weight_tablet=\u00bb\u00bb divider_weight_last_edited=\u00bbon|tablet\u00bb _builder_version=\u00bb4.25.1&#8243; _module_preset=\u00bbdefault\u00bb module_alignment=\u00bbleft\u00bb hover_enabled=\u00bb0&#8243; module_alignment_phone=\u00bbleft\u00bb module_alignment_last_edited=\u00bboff|desktop\u00bb saved_tabs=\u00bball\u00bb global_colors_info=\u00bb{}\u00bb theme_builder_area=\u00bbpost_content\u00bb sticky_enabled=\u00bb0&#8243; divider_weight_phone=\u00bb\u00bb][\/et_pb_divider][et_pb_text _builder_version=\u00bb4.25.1&#8243; _module_preset=\u00bbec5fe9ba-1303-4c9b-957c-2b5324f5035d\u00bb header_2_text_align_last_edited=\u00bboff|desktop\u00bb header_2_text_align=\u00bbleft\u00bb hover_enabled=\u00bb0&#8243; sticky_enabled=\u00bb0&#8243;]<\/p>\n<h2>Condiciones de env\u00edo<\/h2>\n<p>[\/et_pb_text][et_pb_divider color=\u00bb#CE0C0C\u00bb divider_weight_tablet=\u00bb\u00bb divider_weight_last_edited=\u00bbon|tablet\u00bb _builder_version=\u00bb4.25.1&#8243; _module_preset=\u00bbdefault\u00bb module_alignment=\u00bbleft\u00bb hover_enabled=\u00bb0&#8243; module_alignment_phone=\u00bbleft\u00bb module_alignment_last_edited=\u00bboff|desktop\u00bb saved_tabs=\u00bball\u00bb global_colors_info=\u00bb{}\u00bb theme_builder_area=\u00bbpost_content\u00bb sticky_enabled=\u00bb0&#8243; divider_weight_phone=\u00bb\u00bb][\/et_pb_divider][et_pb_text _builder_version=\u00bb4.25.1&#8243; _module_preset=\u00bbdefault\u00bb hover_enabled=\u00bb0&#8243; sticky_enabled=\u00bb0&#8243; custom_padding=\u00bb||40px||false|false\u00bb]<\/p>\n<p>Condiciones de entrega y env\u00edo: Solo pueden realizar pedidos los mayores de 18 a\u00f1os.<\/p>\n<p>Siempre que no se especifique otro plazo en la descripci\u00f3n del art\u00edculo, la entrega de la mercanc\u00eda en Austria tendr\u00e1 lugar en el plazo previamente especificado tras la confirmaci\u00f3n del pedido (en caso de pago por adelantado acordado, tras el momento de su instrucci\u00f3n de pago o recepci\u00f3n en nuestra cuenta). Tenga en cuenta que no se realizan entregas los domingos ni los d\u00edas festivos. Si ha pedido art\u00edculos con plazos de entrega diferentes, enviaremos la mercanc\u00eda en un env\u00edo conjunto, a menos que hayamos acordado otra cosa con usted. En este caso, el plazo de entrega viene determinado por el art\u00edculo con el plazo de entrega m\u00e1s largo que haya pedido.<\/p>\n<p>[\/et_pb_text][et_pb_text _builder_version=\u00bb4.25.1&#8243; _module_preset=\u00bbec5fe9ba-1303-4c9b-957c-2b5324f5035d\u00bb header_2_text_align_last_edited=\u00bboff|desktop\u00bb header_2_text_align=\u00bbleft\u00bb hover_enabled=\u00bb0&#8243; sticky_enabled=\u00bb0&#8243;]<\/p>\n<h2>Gastos de env\u00edo<\/h2>\n<p>[\/et_pb_text][et_pb_divider color=\u00bb#CE0C0C\u00bb divider_weight_tablet=\u00bb\u00bb divider_weight_last_edited=\u00bbon|tablet\u00bb _builder_version=\u00bb4.25.1&#8243; _module_preset=\u00bbdefault\u00bb module_alignment=\u00bbleft\u00bb hover_enabled=\u00bb0&#8243; module_alignment_phone=\u00bbleft\u00bb module_alignment_last_edited=\u00bboff|desktop\u00bb saved_tabs=\u00bball\u00bb global_colors_info=\u00bb{}\u00bb theme_builder_area=\u00bbpost_content\u00bb sticky_enabled=\u00bb0&#8243; divider_weight_phone=\u00bb\u00bb][\/et_pb_divider][et_pb_text _builder_version=\u00bb4.25.1&#8243; _module_preset=\u00bbec5fe9ba-1303-4c9b-957c-2b5324f5035d\u00bb hover_enabled=\u00bb0&#8243; sticky_enabled=\u00bb0&#8243; custom_padding=\u00bb||40px||false|false\u00bb]<\/p>\n<h3><strong>Gratuito<\/strong><\/h3>\n<p><strong>De<\/strong> un  <strong>Cesta de la compra de 1.000\u20ac incl.<br \/>\nIVA incluido. <\/strong>  El env\u00edo es<strong> gratuito<\/strong> para los pa\u00edses disponibles.<br \/>\n<br \/>La zona de env\u00edo es cualquier pa\u00eds de la UE. Tambi\u00e9n es posible comprar productos directamente de f\u00e1brica sin gastos de env\u00edo.  Para ello, debe seleccionarse la opci\u00f3n \u00abRecogida in situ\u00bb durante el proceso de pedido.<\/p>\n<h3><strong>Tarifa plana de env\u00edo<\/strong><\/h3>\n<p>Seg\u00fan el producto, se utiliza una tarifa plana, por la que s\u00f3lo se cobran una vez los gastos de env\u00edo m\u00e1s caros. Los gastos de env\u00edo se calculan y se muestran antes de la compra.<\/p>\n<table border=\"1\" style=\"border-collapse: collapse; width: 100%; height: 48px;\">\n<tbody>\n<tr style=\"height: 24px;\">\n<td style=\"width: 16.6667%; height: 24px;\"><strong>Clase de env\u00edo<\/strong><\/td>\n<td style=\"width: 16.6667%; height: 24px;\">Peque\u00f1o<\/td>\n<td style=\"width: 16.6667%; height: 24px;\">Mediana<\/td>\n<td style=\"width: 16.6667%; height: 24px;\">Grande<\/td>\n<td style=\"width: 16.6667%; height: 24px;\">XXL<\/td>\n<\/tr>\n<tr style=\"height: 24px;\">\n<td style=\"width: 16.6667%; height: 24px;\"><strong>Precio<\/strong><\/td>\n<td style=\"width: 16.6667%; height: 24px;\">11,00 \u20ac incl. 20 % IVA<\/td>\n<td style=\"width: 16.6667%; height: 24px;\">19,00 \u20ac incl. 20 % IVA<\/td>\n<td style=\"width: 16.6667%; height: 24px;\">49,00 \u20ac incl. 20 % IVA<\/td>\n<td style=\"width: 16.6667%; height: 24px;\">139,00 \u20ac incl. 20 % IVA<\/td>\n<\/tr>\n<\/tbody>\n<\/table>\n<p>&nbsp;<\/p>\n<p>[\/et_pb_text][et_pb_text _builder_version=\u00bb4.25.1&#8243; _module_preset=\u00bbec5fe9ba-1303-4c9b-957c-2b5324f5035d\u00bb header_2_text_align_last_edited=\u00bboff|desktop\u00bb header_2_text_align=\u00bbleft\u00bb hover_enabled=\u00bb0&#8243; sticky_enabled=\u00bb0&#8243;]<\/p>\n<h2>Plazo de entrega<\/h2>\n<p>[\/et_pb_text][et_pb_divider color=\u00bb#CE0C0C\u00bb divider_weight_tablet=\u00bb\u00bb divider_weight_last_edited=\u00bbon|tablet\u00bb _builder_version=\u00bb4.25.1&#8243; _module_preset=\u00bbdefault\u00bb module_alignment=\u00bbleft\u00bb hover_enabled=\u00bb0&#8243; module_alignment_phone=\u00bbleft\u00bb module_alignment_last_edited=\u00bboff|desktop\u00bb saved_tabs=\u00bball\u00bb global_colors_info=\u00bb{}\u00bb theme_builder_area=\u00bbpost_content\u00bb sticky_enabled=\u00bb0&#8243; divider_weight_phone=\u00bb\u00bb][\/et_pb_divider][et_pb_text _builder_version=\u00bb4.25.1&#8243; _module_preset=\u00bbdefault\u00bb hover_enabled=\u00bb0&#8243; sticky_enabled=\u00bb0&#8243; custom_padding=\u00bb||40px||false|false\u00bb]<\/p>\n<p><span>El<strong> plazo de entrega general<\/strong> es de <strong>entre 3 y 10 d\u00edas laborables,<\/strong> salvo que se indique lo contrario.<\/span><br \/><span>Las excepciones son los productos etiquetados con env\u00edo especial.<\/span><\/p>\n<p>[\/et_pb_text][et_pb_text _builder_version=\u00bb4.25.1&#8243; _module_preset=\u00bbec5fe9ba-1303-4c9b-957c-2b5324f5035d\u00bb header_2_text_align_last_edited=\u00bboff|desktop\u00bb header_2_text_align=\u00bbleft\u00bb hover_enabled=\u00bb0&#8243; sticky_enabled=\u00bb0&#8243;]<\/p>\n<h2>Muestras de env\u00edos<\/h2>\n<p>[\/et_pb_text][et_pb_divider color=\u00bb#CE0C0C\u00bb divider_weight_tablet=\u00bb\u00bb divider_weight_last_edited=\u00bbon|tablet\u00bb _builder_version=\u00bb4.25.1&#8243; _module_preset=\u00bbdefault\u00bb module_alignment=\u00bbleft\u00bb hover_enabled=\u00bb0&#8243; module_alignment_phone=\u00bbleft\u00bb module_alignment_last_edited=\u00bboff|desktop\u00bb saved_tabs=\u00bball\u00bb global_colors_info=\u00bb{}\u00bb theme_builder_area=\u00bbpost_content\u00bb sticky_enabled=\u00bb0&#8243; divider_weight_phone=\u00bb\u00bb][\/et_pb_divider][et_pb_text _builder_version=\u00bb4.25.1&#8243; _module_preset=\u00bbdefault\u00bb hover_enabled=\u00bb0&#8243; sticky_enabled=\u00bb0&#8243; custom_padding=\u00bb||40px||false|false\u00bb]<\/p>\n<p>En el caso de los env\u00edos de muestras sujetos a pago, el env\u00edo se efectuar\u00e1 inmediatamente despu\u00e9s de la recepci\u00f3n del pago. Gastos de env\u00edo: El env\u00edo se realiza mediante entrega est\u00e1ndar dentro de los plazos de entrega v\u00e1lidos del respectivo fabricante descarga gratuita en acera en el respectivo valor de la mercanc\u00eda con recargo &#8211; plazo de entrega de 2-10 semanas; puede solicitarnos informaci\u00f3n m\u00e1s precisa en funci\u00f3n del producto y del fabricante. Sin embargo, si una entrega se divide en varios env\u00edos, los gastos de env\u00edo se pagan una sola vez.<\/p>\n<p>[\/et_pb_text][\/et_pb_column][\/et_pb_row][\/et_pb_section]<\/p>\n","protected":false},"excerpt":{"rendered":"<p>Env\u00edo y entregaCondiciones de env\u00edoCondiciones de entrega y env\u00edo: Solo pueden realizar pedidos los mayores de 18 a\u00f1os. Siempre que no se especifique otro plazo en la descripci\u00f3n del art\u00edculo, la entrega de la mercanc\u00eda en Austria tendr\u00e1 lugar en el plazo previamente especificado tras la confirmaci\u00f3n del pedido (en caso de pago por adelantado [&hellip;]<\/p>\n","protected":false},"author":2,"featured_media":0,"parent":0,"menu_order":0,"comment_status":"closed","ping_status":"closed","template":"","meta":{"_acf_changed":false,"_et_pb_use_builder":"on","_et_pb_old_content":"","_et_gb_content_width":"","footnotes":""},"class_list":["post-25993403","page","type-page","status-publish","hentry"],"acf":[],"_links":{"self":[{"href":"https:\/\/hgm-rack.at\/es\/wp-json\/wp\/v2\/pages\/25993403","targetHints":{"allow":["GET"]}}],"collection":[{"href":"https:\/\/hgm-rack.at\/es\/wp-json\/wp\/v2\/pages"}],"about":[{"href":"https:\/\/hgm-rack.at\/es\/wp-json\/wp\/v2\/types\/page"}],"author":[{"embeddable":true,"href":"https:\/\/hgm-rack.at\/es\/wp-json\/wp\/v2\/users\/2"}],"replies":[{"embeddable":true,"href":"https:\/\/hgm-rack.at\/es\/wp-json\/wp\/v2\/comments?post=25993403"}],"version-history":[{"count":4,"href":"https:\/\/hgm-rack.at\/es\/wp-json\/wp\/v2\/pages\/25993403\/revisions"}],"predecessor-version":[{"id":25993409,"href":"https:\/\/hgm-rack.at\/es\/wp-json\/wp\/v2\/pages\/25993403\/revisions\/25993409"}],"wp:attachment":[{"href":"https:\/\/hgm-rack.at\/es\/wp-json\/wp\/v2\/media?parent=25993403"}],"curies":[{"name":"wp","href":"https:\/\/api.w.org\/{rel}","templated":true}]}}