{"id":25993411,"date":"2024-09-22T13:51:50","date_gmt":"2024-09-22T11:51:50","guid":{"rendered":"https:\/\/hgm-rack.at\/formas-de-pago\/"},"modified":"2024-09-22T13:51:50","modified_gmt":"2024-09-22T11:51:50","slug":"formas-de-pago","status":"publish","type":"page","link":"https:\/\/hgm-rack.at\/es\/formas-de-pago\/","title":{"rendered":"Formas de pago"},"content":{"rendered":"<p>[et_pb_section fb_built=\u00bb1&#8243; admin_label=\u00bbsection\u00bb _builder_version=\u00bb3.22&#8243;][et_pb_row admin_label=\u00bbfila\u00bb _builder_version=\u00bb3.25&#8243; background_size=\u00bbinitial\u00bb background_position=\u00bbtop_left\u00bb background_repeat=\u00bbrepeat\u00bb][et_pb_column type=\u00bb4_4&#8243; _builder_version=\u00bb3.25&#8243; custom_padding=\u00bb|||\u00bb custom_padding__hover=\u00bb|||\u00bb][et_pb_text admin_label=\u00bbText\u00bb _builder_version=\u00bb4.9.3&#8243; background_size=\u00bbinitial\u00bb background_position=\u00bbtop_left\u00bb background_repeat=\u00bbrepeat\u00bb hover_enabled=\u00bb0&#8243; sticky_enabled=\u00bb0&#8243;]<\/p>\n<h1><strong>Formas de pago<\/strong><\/h1>\n<p><strong><\/strong><\/p>\n<p>Ofrecemos los siguientes m\u00e9todos de pago. S\u00f3lo tiene que elegir la forma de pago que m\u00e1s le convenga. Los gastos de env\u00edo dependen en parte de la forma de pago seleccionada. Los precios indicados en las respectivas ofertas son precios finales. Incluyen todos los componentes del precio, incluidos los impuestos aplicables, como el IVA.<\/p>\n<p>\u00danicamente en el caso de una entrega transfronteriza podr\u00e1 usted tener que abonar otros impuestos (por ejemplo, en el caso de una adquisici\u00f3n intracomunitaria) y\/o derechos (por ejemplo, derechos de aduana) en casos concretos, pero no al vendedor, sino a las autoridades aduaneras o fiscales all\u00ed competentes. Los gastos de env\u00edo no est\u00e1n incluidos en el precio de compra, pueden consultarse en la p\u00e1gina \u00abGastos de env\u00edo\u00bb, se indican por separado durante el proceso de pedido y corren por su cuenta.<\/p>\n<p>&nbsp;<\/p>\n<h3><em>PayPal<\/em><\/h3>\n<p>Pague de forma a\u00fan m\u00e1s r\u00e1pida y segura con su cuenta PayPal.<\/p>\n<\/p>\n<h3>Transferencia bancaria<\/h3>\n<p>Haz el pedido e ingresa el precio de compra en la cuenta bancaria que figura a continuaci\u00f3n Titular de la cuenta: Martin Hopfgartner Entidad de cr\u00e9dito: Raiffeisen Bank Oberes Drautal IBAN: AT043932200000142851<\/p>\n<\/p>\n<h3>Klarna<\/h3>\n<p>( s\u00f3lo posible para env\u00edos a Austria y Alemania ) Paga de forma inmediata y segura gracias a Klarna.<\/p>\n<p>&nbsp;<\/p>\n<p>[\/et_pb_text][\/et_pb_column][\/et_pb_row][\/et_pb_section]<\/p>\n","protected":false},"excerpt":{"rendered":"<p>Formas de pago Ofrecemos los siguientes m\u00e9todos de pago. S\u00f3lo tiene que elegir la forma de pago que m\u00e1s le convenga. Los gastos de env\u00edo dependen en parte de la forma de pago seleccionada. Los precios indicados en las respectivas ofertas son precios finales. Incluyen todos los componentes del precio, incluidos los impuestos aplicables, como [&hellip;]<\/p>\n","protected":false},"author":2,"featured_media":0,"parent":0,"menu_order":0,"comment_status":"closed","ping_status":"closed","template":"","meta":{"_acf_changed":false,"_et_pb_use_builder":"on","_et_pb_old_content":"","_et_gb_content_width":"","footnotes":""},"class_list":["post-25993411","page","type-page","status-publish","hentry"],"acf":[],"_links":{"self":[{"href":"https:\/\/hgm-rack.at\/es\/wp-json\/wp\/v2\/pages\/25993411","targetHints":{"allow":["GET"]}}],"collection":[{"href":"https:\/\/hgm-rack.at\/es\/wp-json\/wp\/v2\/pages"}],"about":[{"href":"https:\/\/hgm-rack.at\/es\/wp-json\/wp\/v2\/types\/page"}],"author":[{"embeddable":true,"href":"https:\/\/hgm-rack.at\/es\/wp-json\/wp\/v2\/users\/2"}],"replies":[{"embeddable":true,"href":"https:\/\/hgm-rack.at\/es\/wp-json\/wp\/v2\/comments?post=25993411"}],"version-history":[{"count":2,"href":"https:\/\/hgm-rack.at\/es\/wp-json\/wp\/v2\/pages\/25993411\/revisions"}],"predecessor-version":[{"id":25993413,"href":"https:\/\/hgm-rack.at\/es\/wp-json\/wp\/v2\/pages\/25993411\/revisions\/25993413"}],"wp:attachment":[{"href":"https:\/\/hgm-rack.at\/es\/wp-json\/wp\/v2\/media?parent=25993411"}],"curies":[{"name":"wp","href":"https:\/\/api.w.org\/{rel}","templated":true}]}}