{"id":25993418,"date":"2024-09-22T13:51:54","date_gmt":"2024-09-22T11:51:54","guid":{"rendered":"https:\/\/hgm-rack.at\/galeria\/"},"modified":"2024-09-22T13:51:57","modified_gmt":"2024-09-22T11:51:57","slug":"galeria","status":"publish","type":"page","link":"https:\/\/hgm-rack.at\/es\/galeria\/","title":{"rendered":"Galer\u00eda"},"content":{"rendered":"<p>[et_pb_section fb_built=\u00bb1&#8243; fullwidth=\u00bbon\u00bb _builder_version=\u00bb4.16&#8243; _module_preset=\u00bbdefault\u00bb locked=\u00bboff\u00bb global_colors_info=\u00bb{}\u00bb][et_pb_fullwidth_header title=\u00bbEncuentre inspiraci\u00f3n en nuestra galer\u00eda de clientes.\u00bb background_overlay_color=\u00bbrgba(0,0,0,0.33)\u00bb header_image_url_tablet=\u00bb\u00bb header_image_url_phone=\u00bb\u00bb header_image_url_last_edited=\u00bbon|phone\u00bb module_class=\u00bbdefault-header no-line\u00bb _builder_version=\u00bb4.18.0&#8243; _module_preset=\u00bbdefault\u00bb title_text_color=\u00bb#FFFFFF\u00bb title_font_size=\u00bb40px\u00bb content_text_color=\u00bb#FFFFFF\u00bb background_color=\u00bb#F4F4F4&#8243; background_image=\u00bbhttps:\/\/hgm-rack.at\/wp-content\/uploads\/2021\/03\/T5_182-und-T5_122-nebeneinander-7.jpg\u00bb custom_margin=\u00bb||||false|false\u00bb custom_padding=\u00bb300px||300px||true|false\u00bb custom_padding_tablet=\u00bb100px||100px||true|false\u00bb custom_padding_phone=\u00bb50px||50px||true|false\u00bb custom_padding_last_edited=\u00bbon|phone\u00bb title_font_size_tablet=\u00bb33px\u00bb title_font_size_phone=\u00bb\u00bb title_font_size_last_edited=\u00bbon|phone\u00bb global_colors_info=\u00bb{%22gcid-2b632882-c823-460d-81ea-b920ef000dc0%22:%91%93,%22gcid-61fca462-ab62-4a79-9906-7cee76842401%22:%91%93,%22gcid-fda3dd49-cf62-4573-911e-e7fbf318a93d%22:%91%93,%22gcid-fc3ceb56-59f8-4535-93cf-59996b5258cb%22:%91%93}\u00bb]<\/p>\n<p>Encontrar\u00e1 clientes satisfechos y sus bacas en nuestra galer\u00eda.<\/p>\n<p>[\/et_pb_fullwidth_header][\/et_pb_section][et_pb_section fb_built=\u00bb1&#8243; _builder_version=\u00bb4.16&#8243; _module_preset=\u00bbdefault\u00bb global_colors_info=\u00bb{}\u00bb][et_pb_row _builder_version=\u00bb4.16&#8243; locked=\u00bboff\u00bb global_colors_info=\u00bb{}\u00bb][et_pb_column type=\u00bb4_4&#8243; _builder_version=\u00bb4.16&#8243; custom_padding=\u00bb|||\u00bb global_colors_info=\u00bb{}\u00bb custom_padding__hover=\u00bb|||\u00bb][et_pb_text admin_label=\u00bbDefault Header\u00bb module_class=\u00bbdefault-header\u00bb _builder_version=\u00bb4.16&#8243; header_text_align=\u00bbleft\u00bb module_alignment=\u00bbright\u00bb global_colors_info=\u00bb{}\u00bb]<\/p>\n<h1>Galer\u00eda de clientes<\/h1>\n<p><span style=\"font-size: 17px\">Descubre nuevas ideas o comp\u00e1rtelas.<\/span><span style=\"font-size: 17px\"><\/span><\/p>\n<p>[\/et_pb_text][et_pb_text content_last_edited=\u00bboff|desktop\u00bb _builder_version=\u00bb4.18.0&#8243; _module_preset=\u00bbdefault\u00bb global_colors_info=\u00bb{}\u00bb]<\/p>\n<p>Cada vez recibimos m\u00e1s fotos de clientes. Por eso hemos decidido compartir la alegr\u00eda con todo el mundo. Siempre es una sensaci\u00f3n agradable que nuestros productos susciten tanta satisfacci\u00f3n. Si quieres, t\u00fa tambi\u00e9n puedes<a href=\"mailto:office@hgm-rack.at\" target=\"_blank\" rel=\"noopener\" title=\"Enviar a office-hgm.rack\"> enviarnos tu instant\u00e1nea<\/a>.<\/p>\n<p>[\/et_pb_text][\/et_pb_column][\/et_pb_row][et_pb_row _builder_version=\u00bb4.16&#8243; _module_preset=\u00bbdefault\u00bb global_colors_info=\u00bb{}\u00bb][et_pb_column type=\u00bb4_4&#8243; _builder_version=\u00bb4.16&#8243; _module_preset=\u00bbdefault\u00bb global_colors_info=\u00bb{}\u00bb][dipi_filterable_gallery include_term_ids=\u00bb418,421,422&#8243; pagination_type=\u00bbload_more\u00bb images_per_page=\u00bb20&#8243; load_more_text=\u00bbMehr Bilder laden\u00bb filter_tab_alignment=\u00bbstart\u00bb all_filter_label=\u00bbAlle Bilder\u00bb columns=\u00bb3&#8243; fix_lazy=\u00bbon\u00bb use_overlay=\u00bbon\u00bb icon_in_overlay=\u00bbon\u00bb hover_icon=\u00bb0||divi||400&#8243; overlay_bg_color=\u00bbRGBA(255,255,255,0)\u00bb overlay_icon_color=\u00bb#FFFFFF\u00bb overlay_icon_use_circle=\u00bboff\u00bb overlay_icon_use_icon_font_size=\u00bbon\u00bb overlay_icon_font_size=\u00bb30px\u00bb filter_bar_padding=\u00bb10px|0px|10px|0px|true|false\u00bb filter_bar_background_color=\u00bbRGBA(255,255,255,0)\u00bb filter_bar_item_padding=\u00bb5px|20px|5px|20px|false|true\u00bb filter_bar_item_padding_active=\u00bb5px|25px|5px|25px|false|false\u00bb filter_bar_item_background_color=\u00bbgcid-fda3dd49-cf62-4573-911e-e7fbf318a93d\u00bb filter_bar_item_background_color_active=\u00bb#E02B20&#8243; columns_tablet=\u00bb2&#8243; columns_phone=\u00bb1&#8243; columns_last_edited=\u00bbon|phone\u00bb _builder_version=\u00bb4.18.0&#8243; _module_preset=\u00bbdefault\u00bb filter_bar_normal_text_color=\u00bb#000000&#8243; filter_bar_normal_font_size=\u00bb14px\u00bb filter_bar_normal_letter_spacing=\u00bb1px\u00bb filter_bar_active_text_align=\u00bbcenter\u00bb filter_bar_active_text_color=\u00bb#FFFFFF\u00bb filter_bar_active_font_size=\u00bb14px\u00bb filter_bar_normal_font_size_tablet=\u00bb14px\u00bb filter_bar_normal_font_size_phone=\u00bb12px\u00bb filter_bar_normal_font_size_last_edited=\u00bbon|phone\u00bb filter_bar_active_font_size_tablet=\u00bb14px\u00bb filter_bar_active_font_size_phone=\u00bb12px\u00bb filter_bar_active_font_size_last_edited=\u00bbon|phone\u00bb border_radii_filter_bar_item=\u00bbon|50px|50px|50px|50px\u00bb border_radii_filter_bar_item_active=\u00bbon|50px|50px|50px|50px\u00bb locked=\u00bboff\u00bb global_colors_info=\u00bb{%22gcid-fda3dd49-cf62-4573-911e-e7fbf318a93d%22:%91%22filter_bar_item_background_color%22%93}\u00bb _i=\u00bb0&#8243; _address=\u00bb1.1.0.0&#8243; \/][dipl_masonry_gallery _builder_version=\u00bb4.25.0&#8243; _module_preset=\u00bbdefault\u00bb hover_enabled=\u00bb0&#8243; sticky_enabled=\u00bb0&#8243;][\/dipl_masonry_gallery][\/et_pb_column][\/et_pb_row][\/et_pb_section]<\/p>\n","protected":false},"excerpt":{"rendered":"<p>Encontrar\u00e1 clientes satisfechos y sus bacas en nuestra galer\u00eda.Galer\u00eda de clientes Descubre nuevas ideas o comp\u00e1rtelas.Cada vez recibimos m\u00e1s fotos de clientes. Por eso hemos decidido compartir la alegr\u00eda con todo el mundo. Siempre es una sensaci\u00f3n agradable que nuestros productos susciten tanta satisfacci\u00f3n. Si quieres, t\u00fa tambi\u00e9n puedes enviarnos tu instant\u00e1nea.[dipi_filterable_gallery include_term_ids=\u00bb418,421,422&#8243; pagination_type=\u00bbload_more\u00bb images_per_page=\u00bb20&#8243; [&hellip;]<\/p>\n","protected":false},"author":2,"featured_media":0,"parent":0,"menu_order":0,"comment_status":"closed","ping_status":"closed","template":"","meta":{"_acf_changed":false,"_et_pb_use_builder":"on","_et_pb_old_content":"","_et_gb_content_width":"","footnotes":""},"class_list":["post-25993418","page","type-page","status-publish","hentry"],"acf":[],"_links":{"self":[{"href":"https:\/\/hgm-rack.at\/es\/wp-json\/wp\/v2\/pages\/25993418","targetHints":{"allow":["GET"]}}],"collection":[{"href":"https:\/\/hgm-rack.at\/es\/wp-json\/wp\/v2\/pages"}],"about":[{"href":"https:\/\/hgm-rack.at\/es\/wp-json\/wp\/v2\/types\/page"}],"author":[{"embeddable":true,"href":"https:\/\/hgm-rack.at\/es\/wp-json\/wp\/v2\/users\/2"}],"replies":[{"embeddable":true,"href":"https:\/\/hgm-rack.at\/es\/wp-json\/wp\/v2\/comments?post=25993418"}],"version-history":[{"count":1,"href":"https:\/\/hgm-rack.at\/es\/wp-json\/wp\/v2\/pages\/25993418\/revisions"}],"predecessor-version":[{"id":25993425,"href":"https:\/\/hgm-rack.at\/es\/wp-json\/wp\/v2\/pages\/25993418\/revisions\/25993425"}],"wp:attachment":[{"href":"https:\/\/hgm-rack.at\/es\/wp-json\/wp\/v2\/media?parent=25993418"}],"curies":[{"name":"wp","href":"https:\/\/api.w.org\/{rel}","templated":true}]}}