{"id":25993302,"date":"2021-03-05T15:22:47","date_gmt":"2021-03-05T14:22:47","guid":{"rendered":"https:\/\/hgm-rack.at\/produkt\/portaequipajes-flexi\/"},"modified":"2025-06-18T21:07:46","modified_gmt":"2025-06-18T19:07:46","slug":"portaequipajes-flexi","status":"publish","type":"product","link":"https:\/\/hgm-rack.at\/es\/producto\/portaequipajes-flexi\/","title":{"rendered":"Soporte baca Flexi VW T5"},"content":{"rendered":"<h2>Soporte baca Flexi VW T5<\/h2>\n<p>El soporte de baca Flexi VW T5 es la soluci\u00f3n perfecta para quien busque un soporte de baca robusto, flexible y f\u00e1cil de instalar para su proyecto de bricolaje. Estos soportes no s\u00f3lo ofrecen alta calidad y r\u00e1pida instalaci\u00f3n, sino tambi\u00e9n una personalizaci\u00f3n ideal para cualquier proyecto de bricolaje. Gracias a su sofisticado dise\u00f1o, incluso los mec\u00e1nicos sin experiencia pueden fijar f\u00e1cilmente los soportes a su veh\u00edculo y mejorar as\u00ed su VW T5 para una amplia variedad de aplicaciones.  <\/p>\n<p><strong>Montaje sencillo: ideal para proyectos de bricolaje<\/strong><\/p>\n<p>Los soportes de baca Flexi se caracterizan por su instalaci\u00f3n especialmente sencilla. No se requieren conocimientos previos especiales para fijar los soportes al veh\u00edculo. Unas instrucciones detalladas te guiar\u00e1n paso a paso por el proceso de instalaci\u00f3n para que puedas montar el portaequipajes perfecto de forma r\u00e1pida y segura, incluso sin mucha experiencia. Esto es una gran ventaja, especialmente para los aficionados al bricolaje: puedes realizar tus proyectos t\u00fa mismo con el m\u00ednimo esfuerzo y disfrutar de la comodidad de un portaequipajes personalizado.   <\/p>\n<p><strong>Altura regulable: flexibilidad de uso<\/strong><\/p>\n<p>Una caracter\u00edstica destacada del soporte para baca Flexi es que se puede ajustar en altura. El soporte puede ajustarse en un rango de 63 a 78 mm. Esto te da la flexibilidad que necesitas para adaptar el portaequipajes de forma ideal a los requisitos espec\u00edficos de tu veh\u00edculo y tu carga. Tanto si quieres transportar objetos voluminosos como asegurar materiales delicados en el techo de tu VW T5, la adaptabilidad de los soportes Flexi garantiza una sujeci\u00f3n segura y estable de las barras transversales.   <\/p>\n<p><strong>Cuerpo plano &#8211; ideal para el VW T5<\/strong><\/p>\n<p>Gracias a las dimensiones exactamente adaptadas, en el centro del techo de la VW T5 sigue habiendo un hueco de unos 2 cm hasta el techo en la posici\u00f3n m\u00e1s baja. Esto corresponde a un aumento de altura de 6-7 cm cuando se utilizan <a href=\"https:\/\/hgm-rack.at\/es\/producto\/travesano-estandar\/\">perfiles de aluminio 40&#215;40<\/a>. Esta baja altura garantiza una estructura especialmente plana, que no s\u00f3lo mejora la aerodin\u00e1mica del veh\u00edculo, sino que tambi\u00e9n minimiza la resistencia al aire y el consumo de combustible. Al mismo tiempo, hay espacio suficiente para sujetar la carga al techo de forma segura, sin que la baca afee el aspecto o la funcionalidad del veh\u00edculo. Con estos soportes para baca, puedes aprovechar al m\u00e1ximo el VW T5 para proyectos de transporte o viajes.    <\/p>\n<p><strong>Robusto y fiable: listo para cualquier aventura<\/strong><\/p>\n<p>Nuestro soporte para baca Flexi VW T5 no s\u00f3lo es f\u00e1cil de instalar, sino tambi\u00e9n extremadamente robusto. La alta calidad de los materiales utilizados garantiza que los soportes funcionen de forma fiable incluso en condiciones exigentes. Tanto si conduces habitualmente largas distancias, como si viajas en diferentes condiciones meteorol\u00f3gicas o necesitas transportar cargas pesadas, los soportes Flexi te ofrecen la estabilidad y durabilidad que necesitas para transportar tu equipo con seguridad y disfrutar de tus viajes sin preocupaciones.  <\/p>\n<p><strong>Perfecto para cada proyecto y cada viaje<\/strong><\/p>\n<p>Con el soporte de baca Flexi para la VW T5, tienes a tu lado un compa\u00f1ero adecuado tanto para uso privado como comercial. Ya sea para escapadas de fin de semana, vacaciones de camping o transporte profesional de equipos, estos soportes te ofrecen la versatilidad que necesitas para sacar el m\u00e1ximo partido a tus proyectos y viajes. <\/p>\n<p>Conf\u00eda en la calidad, la flexibilidad y la facilidad de manejo: con el soporte de baca Flexi para el VW T5, tienes la base ideal para cualquier aventura. \u00a1Monta tu baca perfecta y experimenta lo f\u00e1cil y c\u00f3modo que puede ser transportar cargas! <\/p>\n<h3>Soporte de baca Flexi VW T5, \u00bfqu\u00e9 se incluye en el volumen de suministro?<\/h3>\n<ul>\n<li>Parte inferior del soporte flexible con junta (acero inoxidable de 3 mm)<\/li>\n<li>Parte superior del soporte Flexi (acero inoxidable de 3 mm)<\/li>\n<li>Juego de tornillos<\/li>\n<li>Cierres de seguridad de pl\u00e1stico para ajustar la altura<\/li>\n<\/ul>\n<p>\u00bfQuieres saber qu\u00e9 esperar durante la instalaci\u00f3n? Echa un vistazo a nuestro <a href=\"https:\/\/www.youtube.com\/watch?v=8QSfa3_qDdg\" rel=\"nofollow noopener\" target=\"_blank\">v\u00eddeo de instalaci\u00f3n <\/a>. Cuando pidas un Tejado Flexi 250 o Flexi 300, estos soportes se incluyen, por supuesto, en el volumen de suministro.  <\/p>\n<p>\u00a1El equipo de HGM-Rack te desea mucha diversi\u00f3n construyendo tu baca!<\/p>\n","protected":false},"excerpt":{"rendered":"<div class=\"flex-1 overflow-hidden @container\/thread\">\n<div class=\"h-full\">\n<div class=\"react-scroll-to-bottom--css-tjlwy-79elbk h-full\">\n<div class=\"react-scroll-to-bottom--css-tjlwy-1n7m0yu\">\n<div class=\"flex flex-col text-sm md:pb-9\">\n<article class=\"w-full scroll-mb-[var(--thread-trailing-height,150px)] text-token-text-primary focus-visible:outline-2 focus-visible:outline-offset-[-4px]\" dir=\"auto\" data-testid=\"conversation-turn-3\" data-scroll-anchor=\"true\">\n<div class=\"m-auto text-base py-[18px] px-3 md:px-4 w-full md:px-5 lg:px-4 xl:px-5\">\n<div class=\"mx-auto flex flex-1 gap-4 text-base md:gap-5 lg:gap-6 md:max-w-3xl\">\n<div class=\"group\/conversation-turn relative flex w-full min-w-0 flex-col agent-turn\">\n<div class=\"flex-col gap-1 md:gap-3\">\n<div class=\"flex max-w-full flex-col flex-grow\">\n<div class=\"min-h-8 text-message flex w-full flex-col items-end gap-2 whitespace-normal break-words text-start [.text-message+&amp;]:mt-5\" dir=\"auto\" data-message-author-role=\"assistant\" data-message-id=\"12956d86-1f3b-48a6-aa6b-a8ff82a0ca51\" data-message-model-slug=\"gpt-4o-mini\">\n<div class=\"flex w-full flex-col gap-1 empty:hidden first:pt-[3px]\">\n<div class=\"markdown prose w-full break-words dark:prose-invert light\">\n<h1><strong>Soporte para baca Flexi VW T5 &#8211; El compa\u00f1ero ideal para cualquier aventura<\/strong><\/h1>\n<p>&nbsp;<\/p>\n<\/div>\n<\/div>\n<\/div>\n<\/div>\n<div class=\"mb-2 flex gap-3 empty:hidden -ml-2\">\n<div class=\"items-center justify-start rounded-xl p-1 flex\">\n<div class=\"flex items-center\"><\/div>\n<\/div>\n<\/div>\n<div class=\"pr-2 lg:pr-0\"><\/div>\n<div class=\"mt-3 w-full empty:hidden\">\n<div class=\"text-center\"><\/div>\n<\/div>\n<\/div>\n<div class=\"absolute\">\n<div class=\"flex items-center justify-center\"><\/div>\n<\/div>\n<\/div>\n<\/div>\n<\/div>\n<\/article>\n<\/div>\n<\/div>\n<\/div>\n<\/div>\n<\/div>\n<div class=\"md:pt-0 dark:border-white\/20 md:border-transparent md:dark:border-transparent w-full\">\n<div>\n<div class=\"m-auto text-base px-3 md:px-4 w-full md:px-5 lg:px-4 xl:px-5\">\n<div class=\"mx-auto flex flex-1 gap-4 text-base md:gap-5 lg:gap-6 md:max-w-3xl\">\n<div class=\"flex justify-center\"><\/div>\n<\/div>\n<\/div>\n<\/div>\n<\/div>\n<p>&nbsp;<\/p>\n","protected":false},"featured_media":26008897,"comment_status":"open","ping_status":"closed","template":"","meta":{"_acf_changed":false,"_et_pb_use_builder":"off","_et_pb_old_content":"<strong>Soporte portaequipajes VW T5 \/ T6<\/strong>\n\nNuestros soportes para baca est\u00e1n dise\u00f1ados para cualquiera que quiera hacer realidad su propia idea de baca. Gracias a la altura ajustable, nuestro soporte para baca VW T5 \/ T6 se adapta a cualquier posici\u00f3n de tu veh\u00edculo; s\u00f3lo tienes que ajustar la altura seg\u00fan las instrucciones de montaje. Para montar nuestro soporte, recomendamos 8 de nuestros soportes en el autob\u00fas VW con batalla corta y 10 con batalla larga.  \n\n<strong>Material: <\/strong>Nuestros soportes est\u00e1n fabricados con acero inoxidable de 3 mm y luego recubiertos de polvo en 2 capas.\n\n<strong>Montaje en el veh\u00edculo:<\/strong> Nuestro soporte de baca para VW T5 \/T6 se suministra con una junta. No se necesita ning\u00fan sellador adicional. \u00a1Todo se puede quitar sin dejar residuos!  \n\nCapacidad de <strong>carga: <\/strong>Si utilizas perfiles de aluminio 40x40, la capacidad de carga es de 75 kg por travesa\u00f1o. (2x soporte) \n\n<strong>Tuerca de ranura doble: <\/strong>Si est\u00e1s llevando a cabo tu proyecto de baca de bricolaje con perfiles de aluminio 40x40, te recomendamos que pidas los soportes con <strong>tuercas de ranura <\/strong>incluidas. Con otros travesa\u00f1os debes utilizar tornillos, etc. \n\n<strong>No apto para veh\u00edculos con carril C<\/strong>\n\n<span lang=\"DE\">Respete siempre los valores m\u00e1ximos respectivos. Carga \u00fatil de tu veh\u00edculo y legislaci\u00f3n de tu pa\u00eds.\nToda la informaci\u00f3n sin garant\u00eda.<\/span>\n\n\u00a0\n\n\u00a0\n<ul>\n \t<li class=\"Text\"><span lang=\"DE\">1x soporte portaequipajes VW T5 \/ T6<\/span><\/li>\n \t<li class=\"Text\"><span lang=\"DE\">1x accesorios de montaje (tornillos + tuercas, junta de silicona, placas de pl\u00e1stico, arandela de seguridad met\u00e1lica)  <\/span><\/li>\n<\/ul>","_et_gb_content_width":""},"product_brand":[],"product_cat":[1131,1112,1116],"product_tag":[],"class_list":{"0":"post-25993302","1":"product","2":"type-product","3":"status-publish","4":"has-post-thumbnail","6":"product_cat-portaequipajes","7":"product_cat-vw-es","8":"product_cat-vw-t5-es","9":"product_shipping_class-clase-de-envio-pequena-es","10":"pa_material-acero-inoxidable-de-3-mm-de-alta-calidad","11":"pa_traglast-75-kg-por-carroceria-con-nuestro-travesano-estandar-en-2-de-nuestros-soportes-de-baca-flexi-o-ftc","12":"pa_zubehoer-excl-tuerca-deslizante-para-perfil-de-aluminio-40x40","13":"pa_zubehoer-incl-tuerca-deslizante-para-perfil-de-aluminio-40x40","15":"first","16":"instock","17":"taxable","18":"shipping-taxable","19":"purchasable","20":"product-type-variable"},"acf":[],"gallery_images":[26008902,26008908,26008923],"_links":{"self":[{"href":"https:\/\/hgm-rack.at\/es\/wp-json\/wp\/v2\/product\/25993302","targetHints":{"allow":["GET"]}}],"collection":[{"href":"https:\/\/hgm-rack.at\/es\/wp-json\/wp\/v2\/product"}],"about":[{"href":"https:\/\/hgm-rack.at\/es\/wp-json\/wp\/v2\/types\/product"}],"replies":[{"embeddable":true,"href":"https:\/\/hgm-rack.at\/es\/wp-json\/wp\/v2\/comments?post=25993302"}],"wp:featuredmedia":[{"embeddable":true,"href":"https:\/\/hgm-rack.at\/es\/wp-json\/wp\/v2\/media\/26008897"}],"wp:attachment":[{"href":"https:\/\/hgm-rack.at\/es\/wp-json\/wp\/v2\/media?parent=25993302"}],"wp:term":[{"taxonomy":"product_brand","embeddable":true,"href":"https:\/\/hgm-rack.at\/es\/wp-json\/wp\/v2\/product_brand?post=25993302"},{"taxonomy":"product_cat","embeddable":true,"href":"https:\/\/hgm-rack.at\/es\/wp-json\/wp\/v2\/product_cat?post=25993302"},{"taxonomy":"product_tag","embeddable":true,"href":"https:\/\/hgm-rack.at\/es\/wp-json\/wp\/v2\/product_tag?post=25993302"}],"curies":[{"name":"wp","href":"https:\/\/api.w.org\/{rel}","templated":true}]}}