{"id":25993340,"date":"2021-03-06T12:57:51","date_gmt":"2021-03-06T11:57:51","guid":{"rendered":"https:\/\/hgm-rack.at\/produkt\/soportes-de-baca-ftc\/"},"modified":"2024-09-22T13:51:33","modified_gmt":"2024-09-22T11:51:33","slug":"soportes-de-baca-ftc","status":"publish","type":"product","link":"https:\/\/hgm-rack.at\/es\/producto\/soportes-de-baca-ftc\/","title":{"rendered":"Soportes de baca FTC"},"content":{"rendered":"<ul>\n<li class=\"Text\"><span lang=\"DE\">4 x soporte FTC largo  <\/span><\/li>\n<li class=\"Text\"><span lang=\"DE\">2 x soporte FTC corto<\/span><\/li>\n<li class=\"Text\"><span lang=\"DE\">1 x accesorios de montaje (tornillos de fijaci\u00f3n, junta de goma)<\/span><\/li>\n<\/ul>\n","protected":false},"excerpt":{"rendered":"<p class=\"Text\"><span lang=\"DE\">Soporte de baca para Ford Transit Custom y Tourneo Custom (batalla corta)<\/span><\/p>\n<p class=\"Text\"><span lang=\"DE\">Nuestro soporte de baca FTC constituye la base para todas las dem\u00e1s superestructuras del techo de su veh\u00edculo. Se caracteriza por su alta calidad y su sencillo montaje, que facilita el montaje de los soportes en el veh\u00edculo incluso a los atornilladores inexpertos.<\/span><\/p>\n<p class=\"Text\"><span lang=\"DE\">  Por ello, nuestro sistema modular permite a cada uno de nuestros clientes confeccionar su propio portaequipajes en funci\u00f3n de sus deseos y necesidades.<\/span><\/p>\n<p class=\"Text\"><span lang=\"DE\">  Gracias a nuestras elevadas exigencias en cuanto a la calidad de nuestros productos, con este componente ofrecemos el compa\u00f1ero perfecto para cada aventura.<\/span><\/p>\n<p><strong>Este producto puede ampliarse en el sistema modular con: perfil de aluminio 40x40mm 1500mm<\/strong><\/p>\n<p><strong>Parabrisas 1500mm<\/strong><\/p>\n<blockquote><p><span lang=\"DE\">Respete siempre los valores m\u00e1ximos respectivos. Carga \u00fatil de su veh\u00edculo y legislaci\u00f3n de su pa\u00eds. Toda la informaci\u00f3n sin garant\u00eda.<\/span><\/p><\/blockquote>\n","protected":false},"featured_media":25993322,"comment_status":"open","ping_status":"closed","template":"","meta":{"_acf_changed":false,"_et_pb_use_builder":"","_et_pb_old_content":"","_et_gb_content_width":""},"product_brand":[],"product_cat":[1113,1143,1115,1131],"product_tag":[],"class_list":{"0":"post-25993340","1":"product","2":"type-product","3":"status-publish","4":"has-post-thumbnail","6":"product_cat-ford-es","7":"product_cat-ford-tourneo-custom-es","8":"product_cat-ford-transit-custom-es","9":"product_cat-portaequipajes","10":"product_shipping_class-clase-de-envio-pequena-es","11":"pa_zubehoer-excl-tuerca-deslizante-para-perfil-de-aluminio-40x40","12":"pa_zubehoer-incl-tuerca-deslizante-para-perfil-de-aluminio-40x40","14":"first","15":"instock","16":"taxable","17":"shipping-taxable","18":"purchasable","19":"product-type-variable"},"acf":[],"gallery_images":[4265,4266],"_links":{"self":[{"href":"https:\/\/hgm-rack.at\/es\/wp-json\/wp\/v2\/product\/25993340","targetHints":{"allow":["GET"]}}],"collection":[{"href":"https:\/\/hgm-rack.at\/es\/wp-json\/wp\/v2\/product"}],"about":[{"href":"https:\/\/hgm-rack.at\/es\/wp-json\/wp\/v2\/types\/product"}],"replies":[{"embeddable":true,"href":"https:\/\/hgm-rack.at\/es\/wp-json\/wp\/v2\/comments?post=25993340"}],"wp:featuredmedia":[{"embeddable":true,"href":"https:\/\/hgm-rack.at\/es\/wp-json\/wp\/v2\/media\/25993322"}],"wp:attachment":[{"href":"https:\/\/hgm-rack.at\/es\/wp-json\/wp\/v2\/media?parent=25993340"}],"wp:term":[{"taxonomy":"product_brand","embeddable":true,"href":"https:\/\/hgm-rack.at\/es\/wp-json\/wp\/v2\/product_brand?post=25993340"},{"taxonomy":"product_cat","embeddable":true,"href":"https:\/\/hgm-rack.at\/es\/wp-json\/wp\/v2\/product_cat?post=25993340"},{"taxonomy":"product_tag","embeddable":true,"href":"https:\/\/hgm-rack.at\/es\/wp-json\/wp\/v2\/product_tag?post=25993340"}],"curies":[{"name":"wp","href":"https:\/\/api.w.org\/{rel}","templated":true}]}}