{"id":25993417,"date":"2021-08-20T12:35:00","date_gmt":"2024-09-22T11:51:54","guid":{"rendered":"https:\/\/hgm-rack.at\/produkt\/set-completo-de-sistema-solar-mobileblack-155w\/"},"modified":"2024-09-22T13:51:54","modified_gmt":"2024-09-22T11:51:54","slug":"set-completo-de-sistema-solar-mobileblack-155w","status":"publish","type":"product","link":"https:\/\/hgm-rack.at\/es\/producto\/set-completo-de-sistema-solar-mobileblack-155w\/","title":{"rendered":"Set completo de sistema solar MobileBlack 155W"},"content":{"rendered":"<p>Este completo sistema contiene todo lo que necesitas para cargar tus pilas y\/o bater\u00edas recargables sobre la marcha. El regulador doble incluido en el conjunto le permite cargar las bater\u00edas de a bordo y la bater\u00eda de arranque al mismo tiempo, ya que dispone de una salida de carga secundaria correspondiente. El volumen de suministro incluye amplio material informativo que explica paso a paso la instalaci\u00f3n y la conexi\u00f3n.  <strong>Volumen de suministro del sistema solar MobileBlack 155W<\/strong><\/p>\n<ul>\n<li>1x m\u00f3dulo solar Offgridtec\u00ae OLP 155W 12W PERC con tecnolog\u00eda de tejas<\/li>\n<li>1x Prensaestopas Offgridtec ABS 1 pliegue &#8211; negro con prensaestopas PEG impermeable<\/li>\n<li>1x Offgridtec 68cm ABS perfiles de montaje (1par) &#8211; para el montaje de los m\u00f3dulos solares en negro<\/li>\n<li>1x Offgridtec 8m 2x6mm H07RNF &#8211; cable de conexi\u00f3n m\u00f3dulo solar a regulador de carga solar en dise\u00f1o caravana<\/li>\n<li>1x Offgridtec 1,5m 2x6mm 30A cable de conexi\u00f3n de la bater\u00eda &#8211; cable de conexi\u00f3n regulador de carga solar a la bater\u00eda con terminales de la bater\u00eda y la conexi\u00f3n M8 terminal de cable<\/li>\n<li>1x regulador de carga solar doble Offgridtec\u00ae 30A MPPT con carga auxiliar y salida de conmutaci\u00f3n AES<\/li>\n<li>1x pantalla remota para regulador de carga MPPT Pro Duo<\/li>\n<li>1x set de adhesivos Dekalin con adhesivo polim\u00e9rico Dekasyl MS-5, agente adhesivo Dekavator, pa\u00f1o de limpieza e instrucciones de uso<\/li>\n<li>1x cable alargador MC-4 de 50 cm para conectar un cable de conexi\u00f3n situado en el m\u00f3dulo con el cable de conexi\u00f3n del m\u00f3dulo<\/li>\n<\/ul>\n<h3>El regulador de carga solar Offgridtec\u00ae MPPT Pro Duo 30A<\/h3>\n<p>  El controlador MPPT Pro duo puede procesar una corriente de carga m\u00e1xima de 30 A. Esto significa que este sistema es te\u00f3ricamente ampliable hasta casi 400 W de potencia de m\u00f3dulo solar; sin embargo, teniendo en cuenta la selecci\u00f3n de m\u00f3dulos (ampliaci\u00f3n s\u00f3lo con paneles id\u00e9nticos), una ampliaci\u00f3n de un m\u00f3dulo como m\u00e1ximo ser\u00eda probablemente lo m\u00e1s sensato con este sistema. Adem\u00e1s, la unidad dispone de una salida de carga secundaria a trav\u00e9s de la cual la bater\u00eda de arranque puede cargarse en paralelo con la bater\u00eda de a bordo durante largos periodos de inactividad, una caracter\u00edstica muy apreciada en las autocaravanas. Para garantizar que se optimiza realmente la eficiencia, el aparato tambi\u00e9n tiene una salida de conmutaci\u00f3n AES, que permite a los frigor\u00edficos con \u00abAES\u00bb cambiar autom\u00e1ticamente del funcionamiento a gas al funcionamiento a 12 V cuando hay exceso de energ\u00eda solar.  <\/p>\n<ul>\n<li>Corriente m\u00e1xima de carga 30A &#8211; 390W de potencia de m\u00f3dulo te\u00f3ricamente utilizable<\/li>\n<li>Salida de carga de 30 A para consumidores de 12 V directamente en el regulador de carga<\/li>\n<li>La clara pantalla remota permite montar el controlador en lugares de dif\u00edcil acceso del veh\u00edculo sin restringir el funcionamiento y la visi\u00f3n general de los par\u00e1metros del sistema.<\/li>\n<li>Se\u00f1al de control AES para que el frigor\u00edfico del coche no derroche energ\u00eda<\/li>\n<li>Tensi\u00f3n de entrada FV m\u00e1xima de 100 V<\/li>\n<li>Control por circuito digital del modo de carga adaptativo en tres fases para mejorar la duraci\u00f3n de la bater\u00eda<\/li>\n<li>Tecnolog\u00eda de seguimiento Max Power-Point con velocidad de seguimiento ultrarr\u00e1pida y una eficacia de seguimiento garantizada de al menos el 99,5%.<\/li>\n<li>Dimensiones: 24,7 cm x 16,5 cm x 6,9 cm (LxAxA)<\/li>\n<li>Peso: 1,4KG<\/li>\n<li>Consumo: 26 mA a 12 V<\/li>\n<li>Igualaci\u00f3n activa de la temperatura para una carga \u00f3ptima y garantizar una larga duraci\u00f3n de la bater\u00eda<\/li>\n<li>Compatible con los principales tipos de bater\u00edas (plomo-\u00e1cido, AGM, GEL, LiFePo4)<\/li>\n<li>Max. Eficacia: 98<\/li>\n<li>controlable a trav\u00e9s de Bluetooth (se requiere un dongle separado art.no. 8-01-011271) &#8211; S\u00d3LO PARA DISPOSITIVOS ANDROID<\/li>\n<\/ul>\n<h3>El m\u00f3dulo solar OLP de 155 W con la \u00faltima tecnolog\u00eda de tejas<\/h3>\n<p>  El m\u00f3dulo solar OLP de 155 W con tecnolog\u00eda PERC utilizado en el sistema impresiona, por un lado, por su exclusivo dise\u00f1o de m\u00f3dulo con disposici\u00f3n de obleas superpuestas (dise\u00f1o solapado) y, por otro, por su elevada eficiencia de m\u00f3dulo, que hace que este m\u00f3dulo sea especialmente interesante para aplicaciones en veh\u00edculos debido al limitado espacio disponible.  <\/p>\n<ul>\n<li>Tensi\u00f3n del m\u00f3dulo (Vmp): 21,8V<\/li>\n<li>Max. Corriente (Imp): 7,11A<\/li>\n<li>Tensi\u00f3n en circuito abierto (Voc): 25,7 V<\/li>\n<li>Corriente de cortocircuito (Isc): 7,54 A<\/li>\n<li>Eficacia de la c\u00e9lula: &gt;23%.<\/li>\n<li>Temperatura ambiente: -40\u00b0C &#8211; +85\u00b0C<\/li>\n<li>Potencia del coeficiente de temperatura: -0,43 %\/\u00b0C<\/li>\n<li>Tensi\u00f3n del coeficiente de temperatura: -0,34 %\/\u00b0C<\/li>\n<li>Corriente del coeficiente de temperatura: -0,05 %\/\u00b0C<\/li>\n<li>Peso: 9,37KG<\/li>\n<li>Dimensiones: 1310 mm x 650 mm x 35 mm<\/li>\n<li>Clase de protecci\u00f3n de la caja de conexiones: IP68 (impermeable)<\/li>\n<li>Longitud del cable de conexi\u00f3n premontado: 55 cm<\/li>\n<li>Conectores premontados: conectores compatibles MC4<\/li>\n<li>N\u00famero de c\u00e9lulas: 168 (8&#215;21)<\/li>\n<\/ul>\n<h3>El sistema de montaje solar profesional<\/h3>\n<p>  Los perfiles Spoile son la primera opci\u00f3n, sobre todo para caravanas y autocaravanas, cuando se trata de montar ordenadamente m\u00f3dulos solares. Si montas los m\u00f3dulos en el sentido de la marcha, el ruido del viento deja de ser un problema (esto tambi\u00e9n se aplica a los veh\u00edculos con cabina). Gracias a la construcci\u00f3n cerrada de los alerones, ninguna rama o similar puede quedar atrapada bajo los m\u00f3dulos solares. Dimensiones del aler\u00f3n: L x An x Al: 55 cm x 8,9 cm (de los cuales aprox. 3 cm de m\u00f3dulo de superficie de apoyo por aler\u00f3n) x 6,5 cm.  <\/p>\n<h5>La uni\u00f3n<\/h5>\n<p>  La uni\u00f3n correctamente ejecutada es superior a cualquier uni\u00f3n atornillada en el uso rudo de autocaravanas o barcos. En superficies pintadas o de PRFV, puede alcanzarse una resistencia superior a 4 N\/mm2, que ser\u00eda un valor calculado en la superficie adhesiva que nunca podr\u00eda alcanzarse con una uni\u00f3n atornillada en la fina capa portante de aluminio o PRFV. Este kit adhesivo permite incluso a un profano crear una uni\u00f3n absolutamente firme entre los alerones y el sustrato correspondiente. El set de adhesivos Dekalin contiene todos los componentes necesarios para que incluso el instalador aficionado pueda crear una uni\u00f3n profesional. Se incluyen tornillos de acero inoxidable para la fijaci\u00f3n de los m\u00f3dulos solares, as\u00ed como instrucciones detalladas de adhesi\u00f3n. Adem\u00e1s, todo lo que necesitas es una prensa de palanca manual est\u00e1ndar para cartuchos y un pa\u00f1o sin pelusas.  <\/p>\n<h4>Los perfiles de montaje ABS<\/h4>\n<p>  Los pasos de cables desde el tejado al interior siempre son bastante complicados, ya que hay que asegurarse de que todo est\u00e9 absolutamente apretado y siga apretado incluso despu\u00e9s de a\u00f1os. Porque la m\u00e1s m\u00ednima entrada de agua puede provocar da\u00f1os, a menudo irreparables, en el aislamiento interior y el mobiliario. Sobre todo porque la humedad suele notarse bastante tarde. Por este motivo, se desarrollaron los casquillos de techo: Los casquillos est\u00e1n fabricados con el mismo material resistente a los rayos UV y a la intemperie que los soportes de montaje ofrecidos en la tienda online. Son extremadamente estables y absolutamente seguros. El borde adhesivo ancho garantiza un sellado \u00f3ptimo. Los pasamuros se pegan con el juego de adhesivos que tambi\u00e9n se utiliza para pegar los soportes de montaje solar. Las carcasas tambi\u00e9n se pueden pintar de cualquier color para que coincidan con la superficie en la que se van a montar  <\/p>\n<h3>El juego de cableado profesional<\/h3>\n<p>  Todos los cables necesarios se suministran plug &amp; play y ya est\u00e1n precrimpados con herramientas especializadas. Por lo tanto, no es necesario comprar alicates especiales para los enchufes MC-4.<\/p>\n","protected":false},"excerpt":{"rendered":"<p><strong>\u00a1Utiliza el poder del sol!<\/strong>  \u00a1El set MobileBlack 155W contiene todo lo que necesitas para ser autosuficiente cuando viajas!<\/p>\n","protected":false},"featured_media":25993420,"comment_status":"open","ping_status":"closed","template":"","meta":{"_acf_changed":false,"_et_pb_use_builder":"","_et_pb_old_content":"","_et_gb_content_width":""},"product_brand":[],"product_cat":[1184],"product_tag":[],"class_list":{"0":"post-25993417","1":"product","2":"type-product","3":"status-publish","4":"has-post-thumbnail","6":"product_cat-fotovoltaica-y-almacenamiento-de-energia","7":"product_shipping_class-clase-de-envio-media","9":"first","10":"outofstock","11":"taxable","12":"shipping-taxable","13":"purchasable","14":"product-type-simple"},"acf":[],"gallery_images":[25993422,25993423,25993424,25993426],"_links":{"self":[{"href":"https:\/\/hgm-rack.at\/es\/wp-json\/wp\/v2\/product\/25993417","targetHints":{"allow":["GET"]}}],"collection":[{"href":"https:\/\/hgm-rack.at\/es\/wp-json\/wp\/v2\/product"}],"about":[{"href":"https:\/\/hgm-rack.at\/es\/wp-json\/wp\/v2\/types\/product"}],"replies":[{"embeddable":true,"href":"https:\/\/hgm-rack.at\/es\/wp-json\/wp\/v2\/comments?post=25993417"}],"wp:featuredmedia":[{"embeddable":true,"href":"https:\/\/hgm-rack.at\/es\/wp-json\/wp\/v2\/media\/25993420"}],"wp:attachment":[{"href":"https:\/\/hgm-rack.at\/es\/wp-json\/wp\/v2\/media?parent=25993417"}],"wp:term":[{"taxonomy":"product_brand","embeddable":true,"href":"https:\/\/hgm-rack.at\/es\/wp-json\/wp\/v2\/product_brand?post=25993417"},{"taxonomy":"product_cat","embeddable":true,"href":"https:\/\/hgm-rack.at\/es\/wp-json\/wp\/v2\/product_cat?post=25993417"},{"taxonomy":"product_tag","embeddable":true,"href":"https:\/\/hgm-rack.at\/es\/wp-json\/wp\/v2\/product_tag?post=25993417"}],"curies":[{"name":"wp","href":"https:\/\/api.w.org\/{rel}","templated":true}]}}