{"id":25993438,"date":"2021-08-20T13:55:58","date_gmt":"2024-09-22T11:51:58","guid":{"rendered":"https:\/\/hgm-rack.at\/produkt\/set-completo-de-sistema-solar-mobileblack-de-200-w\/"},"modified":"2024-09-22T13:51:58","modified_gmt":"2024-09-22T11:51:58","slug":"set-completo-de-sistema-solar-mobileblack-de-200-w","status":"publish","type":"product","link":"https:\/\/hgm-rack.at\/es\/producto\/set-completo-de-sistema-solar-mobileblack-de-200-w\/","title":{"rendered":"Set completo de sistema solar MobileBlack de 200 W"},"content":{"rendered":"<p><strong>Sistema completo MobileBlack Caravan de 200 W<\/strong> Este sistema completo contiene todo lo que necesitas para cargar las bater\u00edas de tu m\u00f3vil.<br \/>\nAdem\u00e1s de cargar tu bater\u00eda de a bordo, el regulador doble incluido en el conjunto tambi\u00e9n te permite cargar la bater\u00eda de arranque al mismo tiempo, ya que dispone de la correspondiente salida de carga auxiliar.<br \/>\nEl volumen de suministro incluye amplio material informativo en el que se explican paso a paso la instalaci\u00f3n y la conexi\u00f3n, lo que se aplica tanto a la conexi\u00f3n t\u00e9cnica como a la uni\u00f3n del deflector de retenci\u00f3n y el casquillo del techo.<br \/>\nEl conducto del techo es probablemente uno de los puntos m\u00e1s cr\u00edticos, ya que es donde se produce la transici\u00f3n al interior de la autocaravana.<br \/>\nEl conducto de paso est\u00e1 hecho del mismo material que el aler\u00f3n: la uni\u00f3n atornillada PEG corresponde a la clase de protecci\u00f3n IP68 y, por tanto, es absolutamente estanca si se instala correctamente.      <\/p>\n<ul>\n<li><strong>Volumen de suministro del sistema solar para caravanas MobileBlack 200W<\/strong>  2x m\u00f3dulo solar Offgridtec\u00ae OLP 100W 12W PERC con tecnolog\u00eda de tejas 1x prensaestopas Offgridtec ABS de 1 pliegue &#8211; negro con conexi\u00f3n de tornillo PEG impermeable 2x perfiles de montaje Offgridtec 55cm ABS (1 par) &#8211; para fijar los m\u00f3dulos solares en negro 1x Offgridtec 8m 2x6mm H07RNF &#8211; cable de conexi\u00f3n m\u00f3dulo solar a regulador de carga solar en versi\u00f3n caravana 1x Offgridtec 1,5m 2x6mm 30A cable de conexi\u00f3n de bater\u00eda &#8211; cable de conexi\u00f3n regulador de carga solar a bater\u00eda con terminales de polo de bater\u00eda y conexi\u00f3n de terminal de cable M8 1x regulador de carga solar Offgridtec\u00ae 30A MPPT Dual con carga auxiliar y salida de conmutaci\u00f3n AES 1x indicador \/ pantalla remota para regulador de carga MPPT Pro Duo 1x juego de adhesivos Dekalin con adhesivo polim\u00e9rico Dekasyl MS-5, 1x cartucho individual de adhesivo Dekasyl MS-5 de Dekalin 1x tomas de conexi\u00f3n para conectar en paralelo los m\u00f3dulos solares 2x cable de prolongaci\u00f3n MC-4 de 50 cm para conectar los cables de conexi\u00f3n del m\u00f3dulo a las tomas de conexi\u00f3n<br \/>\n<strong>El<\/strong> regulador<strong>de carga solar Offgridtec\u00ae MPPT<\/strong> Pro Duo<strong>30A<\/strong> El regulador MPPT Pro Duo puede procesar una corriente de carga m\u00e1xima de 30A.<br \/>\nEsto significa que este sistema puede ampliarse te\u00f3ricamente hasta casi 400 W de potencia del m\u00f3dulo solar.   Adem\u00e1s, la unidad dispone de una salida de carga secundaria a trav\u00e9s de la cual la bater\u00eda de arranque puede cargarse en paralelo con la bater\u00eda de a bordo durante largos periodos de inactividad, una caracter\u00edstica muy apreciada en las autocaravanas. Para garantizar una eficiencia \u00f3ptima, el aparato dispone tambi\u00e9n de una salida de conmutaci\u00f3n AES, que permite conmutar autom\u00e1ticamente los frigor\u00edficos con \u00abAES\u00bb de funcionamiento a gas a funcionamiento a 12 V en caso de excedente de energ\u00eda solar.<\/li>\n<\/ul>\n<p>  corriente de carga m\u00e1xima 30A &#8211; potencia del m\u00f3dulo de 390W te\u00f3ricamente utilizable salida de carga de 30A para cargas de 12V directamente en el controlador de carga la clara pantalla remota permite montar el controlador en lugares de dif\u00edcil acceso del veh\u00edculo sin restringir el funcionamiento y la visi\u00f3n general de los par\u00e1metros del sistema se\u00f1al de control AES para la nevera del coche, para evitar el derroche de energ\u00eda Tensi\u00f3n de entrada fotovoltaica m\u00e1xima de 100 V Control de circuito digital del modo de carga adaptativa en tres fases para mejorar la duraci\u00f3n de la bater\u00eda Tecnolog\u00eda de seguimiento Max Power-Point con velocidad de seguimiento ultrarr\u00e1pida y una eficacia de seguimiento garantizada de al menos el 99,5% Dimensiones: 24,7 cm x 16,5 cm x 6,9 cm (LxAnxAl) Peso: 1,4 kg Autoconsumo: 26 mA a 12 V Ecualizaci\u00f3n activa de la temperatura para una carga \u00f3ptima y garantizar una larga duraci\u00f3n de la bater\u00eda Compatible con los principales tipos de bater\u00eda (plomo-\u00e1cido, AGM, GEL, LiFePo4) Eficacia m\u00e1x.: 98% Controlable mediante un circuito digital.<br \/>\nEficiencia: 98% controlable mediante Bluetooth (se necesita un dongle independiente n.\u00ba art. 8-01-011271) &#8211; S\u00d3LO PARA DISPOSITIVOS ANDROID El m\u00f3dulo solar OLP de 100 W con la \u00faltima tecnolog\u00eda de obleas El m\u00f3dulo solar OLP de 100 W con tecnolog\u00eda PERC utilizado en el sistema impresiona, por un lado, por su dise\u00f1o de m\u00f3dulo \u00fanico con disposici\u00f3n de obleas solapadas (dise\u00f1o solapado) y, por otro, por su alta eficiencia de m\u00f3dulo, que hace que este m\u00f3dulo sea especialmente interesante para aplicaciones en veh\u00edculos debido al espacio limitado disponible.<br \/>\nTensi\u00f3n del m\u00f3dulo (Vmp): 18,7 V m\u00e1x.<br \/>\n &gt;Corriente m\u00e1x. (Imp): 5,35A Tensi\u00f3n de circuito abierto (Voc): 22,1V Corriente de cortocircuito (Isc): 5,67A Eficiencia de la c\u00e9lula: 23% Temperatura ambiente: -40\u00b0C &#8211; +85\u00b0C Coeficiente de temperatura potencia: -0,43 %\/\u00b0C Coeficiente de temperatura tensi\u00f3n: -0,34 %\/\u00b0C Coeficiente de temperatura corriente: -0,05 %\/\u00b0C Peso: 6,09KG Dimensiones: 988mm x 560mm x 35mm Clase de protecci\u00f3n caja de conexiones: IP68 (impermeable) Longitud del cable de conexi\u00f3n premontado: 55 cm Conectores premontados: conectores compatibles MC4 N\u00famero de c\u00e9lulas: 108 (6&#215;18) El sistema de montaje solar profesional Spoileprofile es la primera opci\u00f3n, sobre todo para caravanas y autocaravanas, cuando se trata de montar m\u00f3dulos solares de forma ordenada.    Si montas los m\u00f3dulos en el sentido de la marcha, el ruido del viento deja de ser un problema (esto tambi\u00e9n se aplica a los veh\u00edculos con cabina). Gracias a la construcci\u00f3n cerrada de los alerones, ninguna rama o similar puede quedar atrapada bajo los m\u00f3dulos solares. Dimensiones del aler\u00f3n: L x An x Al: 55 cm x 8,9 cm (de los cuales aprox. 3 cm de m\u00f3dulo de superficie de apoyo por aler\u00f3n) x 6,5 cm. <strong>Uni\u00f3n<\/strong> La uni\u00f3n correctamente ejecutada es superior a cualquier uni\u00f3n atornillada en el duro uso de autocaravanas o barcos. En superficies pintadas o de PRFV, puede alcanzarse una resistencia superior a 4 N\/mm2, que ser\u00eda un valor calculado en la superficie adhesiva que nunca podr\u00eda alcanzarse con una uni\u00f3n atornillada en la fina capa portante de aluminio o PRFV. Este kit adhesivo permite incluso a un profano crear una uni\u00f3n absolutamente firme entre los alerones y el sustrato correspondiente. El set de adhesivos Dekalin contiene todos los componentes necesarios para que incluso el instalador aficionado pueda crear una uni\u00f3n profesional. Se incluyen tornillos de acero inoxidable para la fijaci\u00f3n de los m\u00f3dulos solares, as\u00ed como instrucciones detalladas de adhesi\u00f3n. Adem\u00e1s, todo lo que necesitas es una prensa de palanca manual est\u00e1ndar para cartuchos y un pa\u00f1o que no suelte pelusa. <strong>Los perfiles de montaje de ABS<\/strong> Los pasacables del techo al interior son siempre bastante complicados, ya que hay que asegurarse de que todo est\u00e9 y permanezca absolutamente apretado, incluso despu\u00e9s de a\u00f1os. Porque la m\u00e1s m\u00ednima entrada de agua puede provocar da\u00f1os, a menudo irreparables, en el aislamiento interior y el mobiliario. Sobre todo porque la humedad suele notarse bastante tarde. Por este motivo, se desarrollaron los casquillos de techo: Los casquillos est\u00e1n fabricados con el mismo material resistente a los rayos UV y a la intemperie que los soportes de montaje ofrecidos en la tienda online. Son extremadamente estables y absolutamente seguros. El borde adhesivo ancho garantiza un sellado \u00f3ptimo. Los pasamuros se pegan con el juego de adhesivos que tambi\u00e9n se utiliza para pegar los soportes de montaje solar. Las carcasas tambi\u00e9n pueden pintarse como se desee y adaptarse as\u00ed a la superficie sobre la que se vayan a montar <strong>El juego de cables profesional<\/strong> Todos los cables necesarios se suministran plug &amp; play y ya est\u00e1n precrimpados con herramientas especializadas. Por lo tanto, no es necesario comprar alicates especiales para los enchufes MC-4.<\/p>\n","protected":false},"excerpt":{"rendered":"<p><strong>\u00a1Utiliza el poder del sol!<\/strong>  \u00a1El set MobileBlack 200 vatios contiene todo lo que necesitas para ser autosuficiente cuando viajas!<\/p>\n","protected":false},"featured_media":25993439,"comment_status":"open","ping_status":"closed","template":"","meta":{"_acf_changed":false,"_et_pb_use_builder":"","_et_pb_old_content":"","_et_gb_content_width":""},"product_brand":[],"product_cat":[1184],"product_tag":[],"class_list":{"0":"post-25993438","1":"product","2":"type-product","3":"status-publish","4":"has-post-thumbnail","6":"product_cat-fotovoltaica-y-almacenamiento-de-energia","7":"product_shipping_class-clase-de-envio-media","9":"first","10":"outofstock","11":"taxable","12":"shipping-taxable","13":"purchasable","14":"product-type-simple"},"acf":[],"gallery_images":[25993440,25993423,25993424,25993441,25993442],"_links":{"self":[{"href":"https:\/\/hgm-rack.at\/es\/wp-json\/wp\/v2\/product\/25993438","targetHints":{"allow":["GET"]}}],"collection":[{"href":"https:\/\/hgm-rack.at\/es\/wp-json\/wp\/v2\/product"}],"about":[{"href":"https:\/\/hgm-rack.at\/es\/wp-json\/wp\/v2\/types\/product"}],"replies":[{"embeddable":true,"href":"https:\/\/hgm-rack.at\/es\/wp-json\/wp\/v2\/comments?post=25993438"}],"wp:featuredmedia":[{"embeddable":true,"href":"https:\/\/hgm-rack.at\/es\/wp-json\/wp\/v2\/media\/25993439"}],"wp:attachment":[{"href":"https:\/\/hgm-rack.at\/es\/wp-json\/wp\/v2\/media?parent=25993438"}],"wp:term":[{"taxonomy":"product_brand","embeddable":true,"href":"https:\/\/hgm-rack.at\/es\/wp-json\/wp\/v2\/product_brand?post=25993438"},{"taxonomy":"product_cat","embeddable":true,"href":"https:\/\/hgm-rack.at\/es\/wp-json\/wp\/v2\/product_cat?post=25993438"},{"taxonomy":"product_tag","embeddable":true,"href":"https:\/\/hgm-rack.at\/es\/wp-json\/wp\/v2\/product_tag?post=25993438"}],"curies":[{"name":"wp","href":"https:\/\/api.w.org\/{rel}","templated":true}]}}