{"id":25993468,"date":"2021-10-01T12:44:28","date_gmt":"2024-09-22T11:52:19","guid":{"rendered":"https:\/\/hgm-rack.at\/produkt\/defender-90-roofrack-recto\/"},"modified":"2024-09-22T13:52:19","modified_gmt":"2024-09-22T11:52:19","slug":"defender-90-roofrack-recto","status":"publish","type":"product","link":"https:\/\/hgm-rack.at\/es\/producto\/defender-90-roofrack-recto\/","title":{"rendered":"Defender 90 Roofrack Recto"},"content":{"rendered":"<p>Esta baca combina un aspecto todoterreno extremo con una utilidad pr\u00e1ctica. La variante \u00abRecta\u00bb discurre en l\u00ednea recta a lo largo de toda la longitud del veh\u00edculo, por lo que ofrece m\u00e1s espacio \u00fatil que la variante \u00abInclinada\u00bb. Los 5 travesa\u00f1os pueden moverse libremente a lo largo del veh\u00edculo. Esto tambi\u00e9n permite que nuestros m\u00f3dulos fotovoltaicos se inserten perfectamente entre las vigas transversales. El sistema de doble ranura en la parte delantera y trasera tambi\u00e9n es perfecto para montar faros adicionales o cualquier otro accesorio. &nbsp;<strong>Capacidad de carga est\u00e1tica<\/strong><strong>300kgCapacidad<\/strong><strong>de carga<\/strong><strong>din\u00e1mica 150kgDimensiones<\/strong><strong>travesa\u00f1o 60x30x1500mmT\u00fcv<\/strong><strong>a discreci\u00f3n del experto<\/strong><\/p>\n","protected":false},"excerpt":{"rendered":"<p>\u00a1Comienza tu aventura con los nuevos Roofracks HGM para tu Defender!<\/p>\n","protected":false},"featured_media":25993473,"comment_status":"open","ping_status":"closed","template":"","meta":{"_acf_changed":false,"_et_pb_use_builder":"","_et_pb_old_content":"","_et_gb_content_width":""},"product_brand":[],"product_cat":[1196,1197,1131],"product_tag":[],"class_list":{"0":"post-25993468","1":"product","2":"type-product","3":"status-publish","4":"has-post-thumbnail","6":"product_cat-land-rover-es","7":"product_cat-land-rover-defender-es","8":"product_cat-portaequipajes","9":"product_shipping_class-clase-de-envio-xxl","11":"first","12":"outofstock","13":"taxable","14":"shipping-taxable","15":"purchasable","16":"product-type-simple"},"acf":[],"gallery_images":[25993474,25993475],"_links":{"self":[{"href":"https:\/\/hgm-rack.at\/es\/wp-json\/wp\/v2\/product\/25993468","targetHints":{"allow":["GET"]}}],"collection":[{"href":"https:\/\/hgm-rack.at\/es\/wp-json\/wp\/v2\/product"}],"about":[{"href":"https:\/\/hgm-rack.at\/es\/wp-json\/wp\/v2\/types\/product"}],"replies":[{"embeddable":true,"href":"https:\/\/hgm-rack.at\/es\/wp-json\/wp\/v2\/comments?post=25993468"}],"wp:featuredmedia":[{"embeddable":true,"href":"https:\/\/hgm-rack.at\/es\/wp-json\/wp\/v2\/media\/25993473"}],"wp:attachment":[{"href":"https:\/\/hgm-rack.at\/es\/wp-json\/wp\/v2\/media?parent=25993468"}],"wp:term":[{"taxonomy":"product_brand","embeddable":true,"href":"https:\/\/hgm-rack.at\/es\/wp-json\/wp\/v2\/product_brand?post=25993468"},{"taxonomy":"product_cat","embeddable":true,"href":"https:\/\/hgm-rack.at\/es\/wp-json\/wp\/v2\/product_cat?post=25993468"},{"taxonomy":"product_tag","embeddable":true,"href":"https:\/\/hgm-rack.at\/es\/wp-json\/wp\/v2\/product_tag?post=25993468"}],"curies":[{"name":"wp","href":"https:\/\/api.w.org\/{rel}","templated":true}]}}