{"id":25993492,"date":"2021-10-04T11:17:01","date_gmt":"2024-09-22T11:52:27","guid":{"rendered":"https:\/\/hgm-rack.at\/produkt\/portaequipajes-inclinado-roofrack-defender-110\/"},"modified":"2024-09-22T13:52:27","modified_gmt":"2024-09-22T11:52:27","slug":"portaequipajes-inclinado-roofrack-defender-110","status":"publish","type":"product","link":"https:\/\/hgm-rack.at\/es\/producto\/portaequipajes-inclinado-roofrack-defender-110\/","title":{"rendered":"Portaequipajes inclinado Roofrack Defender 110"},"content":{"rendered":"<p>Esta baca combina un aspecto todoterreno extremo con una utilidad pr\u00e1ctica. La inclinaci\u00f3n frontal permite montar nuestros paneles fotovoltaicos con mayor eficiencia gracias a la inclinaci\u00f3n de 4 grados. Los 7 travesa\u00f1os pueden moverse libremente a lo largo del veh\u00edculo. El sistema de doble ranura en la parte delantera y trasera te permite montar faros adicionales o accesorios similares sin necesidad de taladrar. <strong>Capacidad de carga est\u00e1tica<\/strong><strong>300kgCapacidad<\/strong> <strong>de carga<\/strong><strong>din\u00e1mica 150 kgDimensiones<\/strong><strong>travesa\u00f1o 60x30x1500mmT\u00fcv<\/strong><strong>a discreci\u00f3n del experto<\/strong> \u00a1La fotovoltaica y los accesorios mostrados no est\u00e1n incluidos en el volumen de suministro!  &nbsp;<\/p>\n","protected":false},"excerpt":{"rendered":"<p>Comienza tu aventura con los nuevos roofracks para tu Defender.<\/p>\n","protected":false},"featured_media":25993497,"comment_status":"open","ping_status":"closed","template":"","meta":{"_acf_changed":false,"_et_pb_use_builder":"","_et_pb_old_content":"","_et_gb_content_width":""},"product_brand":[],"product_cat":[1196,1197,1131],"product_tag":[],"class_list":{"0":"post-25993492","1":"product","2":"type-product","3":"status-publish","4":"has-post-thumbnail","6":"product_cat-land-rover-es","7":"product_cat-land-rover-defender-es","8":"product_cat-portaequipajes","9":"product_shipping_class-clase-de-envio-xxl","11":"first","12":"outofstock","13":"taxable","14":"shipping-taxable","15":"purchasable","16":"product-type-simple"},"acf":[],"gallery_images":[25993483,25993484,25993475,25993499],"_links":{"self":[{"href":"https:\/\/hgm-rack.at\/es\/wp-json\/wp\/v2\/product\/25993492","targetHints":{"allow":["GET"]}}],"collection":[{"href":"https:\/\/hgm-rack.at\/es\/wp-json\/wp\/v2\/product"}],"about":[{"href":"https:\/\/hgm-rack.at\/es\/wp-json\/wp\/v2\/types\/product"}],"replies":[{"embeddable":true,"href":"https:\/\/hgm-rack.at\/es\/wp-json\/wp\/v2\/comments?post=25993492"}],"wp:featuredmedia":[{"embeddable":true,"href":"https:\/\/hgm-rack.at\/es\/wp-json\/wp\/v2\/media\/25993497"}],"wp:attachment":[{"href":"https:\/\/hgm-rack.at\/es\/wp-json\/wp\/v2\/media?parent=25993492"}],"wp:term":[{"taxonomy":"product_brand","embeddable":true,"href":"https:\/\/hgm-rack.at\/es\/wp-json\/wp\/v2\/product_brand?post=25993492"},{"taxonomy":"product_cat","embeddable":true,"href":"https:\/\/hgm-rack.at\/es\/wp-json\/wp\/v2\/product_cat?post=25993492"},{"taxonomy":"product_tag","embeddable":true,"href":"https:\/\/hgm-rack.at\/es\/wp-json\/wp\/v2\/product_tag?post=25993492"}],"curies":[{"name":"wp","href":"https:\/\/api.w.org\/{rel}","templated":true}]}}