{"id":25993506,"date":"2021-12-08T19:39:47","date_gmt":"2021-12-08T18:39:47","guid":{"rendered":"https:\/\/hgm-rack.at\/produkt\/juego-de-montaje-para-barras-de-techo-vw-t5-t6\/"},"modified":"2026-04-14T05:12:53","modified_gmt":"2026-04-14T03:12:53","slug":"juego-de-montaje-para-barras-de-techo-vw-t5-t6","status":"publish","type":"product","link":"https:\/\/hgm-rack.at\/es\/producto\/juego-de-montaje-para-barras-de-techo-vw-t5-t6\/","title":{"rendered":"Soporte portaequipajes VW T5 T6"},"content":{"rendered":"<h3><strong>Soporte portaequipajes VW T5 T6<\/strong><\/h3>\n<p>Los soportes est\u00e1n especialmente dise\u00f1ados para el ra\u00edl C montado de f\u00e1brica en los modelos VW T5 y T6.<br \/>\nEst\u00e1n hechos de acero inoxidable con recubrimiento de polvo negro mate de 3 mm de grosor y proporcionan una base estable para la construcci\u00f3n de un sistema de baca personalizado.<\/p>\n<p><strong>Alturas de soporte seleccionables<\/strong> (seg\u00fan el n\u00famero de soportes por lado del veh\u00edculo):<strong><br \/>\n<\/strong>Cada juego contiene 2 soportes.<\/p>\n<ul>\n<li><strong>4 soportes por lado:<\/strong> 2 juegos por H60 mm y 2 juegos por H50 mm. (Un total de 4 juegos de 2 soportes cada uno)<\/li>\n<li><strong>6 soportes por lado:<\/strong> Juego adicional de 2 juegos de H53 mm (total de 6 juegos de 2 soportes cada uno)<\/li>\n<\/ul>\n<p>Se pueden incluir <a href=\"https:\/\/hgm-rack.at\/es\/producto\/tuerca-deslizante-para-montar-accesorios\/\">tuercas correderas M8 con tornillos M8x16<\/a> para barras de techo autoconstruidas fabricadas con perfiles de aluminio de 40 \u00d7 40. Se pueden colocar de forma flexible en el travesa\u00f1o C. Al pedir nuestras barras transversales est\u00e1ndar, los bloques deslizantes dobles para conectar los soportes a la barra transversal se incluyen en el volumen de suministro.  <\/p>\n<p>Este soporte para baca VW T5 T6 forma parte de nuestros conjuntos de baca<\/p>\n<ul>\n<li><a href=\"https:\/\/hgm-rack.at\/produkt\/dachtraeger-flexi-250-vw-t5-t6-kurzer-radstand\/\" class=\"broken_link\">Baca VW T5 \/ T6 batalla corta<\/a><\/li>\n<li><a href=\"https:\/\/hgm-rack.at\/produkt\/vw-t5-t6-l-r-dachtraeger-300cm\/\" class=\"broken_link\">Baca VW T5 \/ T6 batalla larga<\/a><\/li>\n<\/ul>\n","protected":false},"excerpt":{"rendered":"<h1>Soporte portaequipajes riel C VW T5 \/ T6<\/h1>\n<p>El <strong>juego de soportes para ra\u00edles C VW T5 \/ T6<\/strong> es ideal para tus propios proyectos de bacas. Los soportes est\u00e1n fabricados en acero inoxidable con recubrimiento de polvo negro mate de 3 mm de grosor y ofrecen una soluci\u00f3n estable y duradera para tu proyecto de baca. Se pueden seleccionar diferentes alturas en funci\u00f3n del n\u00famero de soportes necesarios por cada lado del veh\u00edculo. Cada juego contiene dos soportes.   <\/p>\n<ul>\n<li><strong>4 soportes por lado:<\/strong> 2 juegos H60 mm y 2 juegos H50 mm<\/li>\n<li><strong>6 soportes por lado:<\/strong> 2 juegos adicionales H53 mm<\/li>\n<\/ul>\n<p>Las tuercas correderas M8 para perfiles de aluminio de 40 \u00d7 40 est\u00e1n disponibles como accesorios para proyectos de bricolaje. Este soporte para ra\u00edles C VW T5 \/ T6 tambi\u00e9n forma parte de nuestros juegos completos de bacas <strong> <\/strong><\/p>\n<ul>\n<li><a href=\"https:\/\/hgm-rack.at\/produkt\/dachtraeger-flexi-250-vw-t5-t6-kurzer-radstand\/\">Baca VW T5 \/ T6 batalla corta<\/a><\/li>\n<li><a href=\"https:\/\/hgm-rack.at\/produkt\/vw-t5-t6-l-r-dachtraeger-300cm\/\">Baca VW T5 \/ T6 batalla larga<\/a><\/li>\n<\/ul>\n","protected":false},"featured_media":25993508,"comment_status":"open","ping_status":"closed","template":"","meta":{"_acf_changed":false,"_et_pb_use_builder":"","_et_pb_old_content":"","_et_gb_content_width":""},"product_brand":[],"product_cat":[1131,1112,1116,1114],"product_tag":[],"class_list":{"0":"post-25993506","1":"product","2":"type-product","3":"status-publish","4":"has-post-thumbnail","6":"product_cat-portaequipajes","7":"product_cat-vw-es","8":"product_cat-vw-t5-es","9":"product_cat-vw-t6-es","10":"product_shipping_class-clase-de-envio-pequena-es","11":"pa_hoehe-2x50mm-es","12":"pa_hoehe-2x53mm-es","13":"pa_hoehe-2x60mm-es","14":"pa_material-acero-inoxidable-de-3-mm-de-alta-calidad","15":"pa_zubehoer-excl-tuerca-deslizante-para-perfil-de-aluminio-40x40","16":"pa_zubehoer-incl-tuerca-deslizante-para-perfil-de-aluminio-40x40","18":"first","19":"instock","20":"taxable","21":"shipping-taxable","22":"purchasable","23":"product-type-variable"},"acf":[],"gallery_images":[25993510,25993511],"_links":{"self":[{"href":"https:\/\/hgm-rack.at\/es\/wp-json\/wp\/v2\/product\/25993506","targetHints":{"allow":["GET"]}}],"collection":[{"href":"https:\/\/hgm-rack.at\/es\/wp-json\/wp\/v2\/product"}],"about":[{"href":"https:\/\/hgm-rack.at\/es\/wp-json\/wp\/v2\/types\/product"}],"replies":[{"embeddable":true,"href":"https:\/\/hgm-rack.at\/es\/wp-json\/wp\/v2\/comments?post=25993506"}],"wp:featuredmedia":[{"embeddable":true,"href":"https:\/\/hgm-rack.at\/es\/wp-json\/wp\/v2\/media\/25993508"}],"wp:attachment":[{"href":"https:\/\/hgm-rack.at\/es\/wp-json\/wp\/v2\/media?parent=25993506"}],"wp:term":[{"taxonomy":"product_brand","embeddable":true,"href":"https:\/\/hgm-rack.at\/es\/wp-json\/wp\/v2\/product_brand?post=25993506"},{"taxonomy":"product_cat","embeddable":true,"href":"https:\/\/hgm-rack.at\/es\/wp-json\/wp\/v2\/product_cat?post=25993506"},{"taxonomy":"product_tag","embeddable":true,"href":"https:\/\/hgm-rack.at\/es\/wp-json\/wp\/v2\/product_tag?post=25993506"}],"curies":[{"name":"wp","href":"https:\/\/api.w.org\/{rel}","templated":true}]}}