{"id":25993538,"date":"2022-01-23T19:17:44","date_gmt":"2022-01-23T18:17:44","guid":{"rendered":"https:\/\/hgm-rack.at\/produkt\/fiamma-f35-pro-negro-profundo-250-300cm-vw-t5-t6\/"},"modified":"2025-06-09T14:48:01","modified_gmt":"2025-06-09T12:48:01","slug":"fiamma-f35-pro-negro-profundo-250-300cm-vw-t5-t6","status":"publish","type":"product","link":"https:\/\/hgm-rack.at\/es\/producto\/fiamma-f35-pro-negro-profundo-250-300cm-vw-t5-t6\/","title":{"rendered":"Fiamma F35 Pro Negro Profundo"},"content":{"rendered":"<p><strong>Fiamma F35 Pro Negro Profundo.<\/strong>  Fiamma F35 con despliegue manual. El campe\u00f3n en relaci\u00f3n calidad-precio Tela color Gris Real. Suministramos este producto incluyendo los adaptadores para montarlo en tu portaequipajes Flexi 250, 300 o 325 y una junta de goma adicional. Selecciona en las variaciones del producto a qu\u00e9 baca quieres fijar tu Fiamma F35.  <\/p>\n<p><strong>\u00a1Atenci\u00f3n! \u00a1S\u00f3lo vendemos toldos para utilizar en nuestras bacas! La instalaci\u00f3n en un veh\u00edculo sin baca HGM no es posible con nuestros juegos de instalaci\u00f3n. <\/strong><\/p>\n<p>&nbsp;<\/p>\n","protected":false},"excerpt":{"rendered":"<p><strong>Fiamma F35 Pro Negro Profundo. El campe\u00f3n en relaci\u00f3n calidad-precio<\/strong><\/p>\n","protected":false},"featured_media":25993540,"comment_status":"open","ping_status":"closed","template":"","meta":{"_acf_changed":false,"_et_pb_use_builder":"","_et_pb_old_content":"","_et_gb_content_width":""},"product_brand":[],"product_cat":[1186,1211],"product_tag":[],"class_list":{"0":"post-25993538","1":"product","2":"type-product","3":"status-publish","4":"has-post-thumbnail","6":"product_cat-accesorios","7":"product_cat-toldos","8":"product_shipping_class-clase-de-envio-xxl","9":"pa_laenge-fiamma-f35-250cm-es","10":"pa_laenge-fiamma-f35-300cm-es","12":"first","13":"instock","14":"taxable","15":"shipping-taxable","16":"purchasable","17":"product-type-variable"},"acf":[],"gallery_images":[26005183],"_links":{"self":[{"href":"https:\/\/hgm-rack.at\/es\/wp-json\/wp\/v2\/product\/25993538","targetHints":{"allow":["GET"]}}],"collection":[{"href":"https:\/\/hgm-rack.at\/es\/wp-json\/wp\/v2\/product"}],"about":[{"href":"https:\/\/hgm-rack.at\/es\/wp-json\/wp\/v2\/types\/product"}],"replies":[{"embeddable":true,"href":"https:\/\/hgm-rack.at\/es\/wp-json\/wp\/v2\/comments?post=25993538"}],"wp:featuredmedia":[{"embeddable":true,"href":"https:\/\/hgm-rack.at\/es\/wp-json\/wp\/v2\/media\/25993540"}],"wp:attachment":[{"href":"https:\/\/hgm-rack.at\/es\/wp-json\/wp\/v2\/media?parent=25993538"}],"wp:term":[{"taxonomy":"product_brand","embeddable":true,"href":"https:\/\/hgm-rack.at\/es\/wp-json\/wp\/v2\/product_brand?post=25993538"},{"taxonomy":"product_cat","embeddable":true,"href":"https:\/\/hgm-rack.at\/es\/wp-json\/wp\/v2\/product_cat?post=25993538"},{"taxonomy":"product_tag","embeddable":true,"href":"https:\/\/hgm-rack.at\/es\/wp-json\/wp\/v2\/product_tag?post=25993538"}],"curies":[{"name":"wp","href":"https:\/\/api.w.org\/{rel}","templated":true}]}}