{"id":25993587,"date":"2022-05-04T11:20:44","date_gmt":"2024-09-22T11:53:01","guid":{"rendered":"https:\/\/hgm-rack.at\/produkt\/rollo-de-escalera\/"},"modified":"2025-06-09T14:48:12","modified_gmt":"2025-06-09T12:48:12","slug":"rollo-de-escalera","status":"publish","type":"product","link":"https:\/\/hgm-rack.at\/es\/producto\/rollo-de-escalera\/","title":{"rendered":"Rollo de escalera"},"content":{"rendered":"<p>Como todos nuestros productos, esta rueda para escalera viene con todos los materiales de montaje y se fija al \u00faltimo travesa\u00f1o. Los soportes de acero inoxidable pueden montarse de dos maneras. Como se muestra con proyecci\u00f3n de 85 mm, o girando los \u00e1ngulos con proyecci\u00f3n de 180 mm (s\u00f3lo posible con puertas batientes).<\/p>\n<p>Anchura del rollo: 545 mm<\/p>\n","protected":false},"excerpt":{"rendered":"<p><strong>Con este producto podr\u00e1 subir la escalera al tejado usted solo.<\/strong><\/p>\n<p>Compatible con todos los portaequipajes Flexi 250 y Flexi 300.<\/p>\n","protected":false},"featured_media":25993588,"comment_status":"open","ping_status":"closed","template":"","meta":{"_acf_changed":false,"_et_pb_use_builder":"","_et_pb_old_content":"","_et_gb_content_width":""},"product_brand":[],"product_cat":[1186,1220],"product_tag":[],"class_list":{"0":"post-25993587","1":"product","2":"type-product","3":"status-publish","4":"has-post-thumbnail","6":"product_cat-accesorios","7":"product_cat-escaleras","8":"product_shipping_class-clase-de-envio-media","10":"first","11":"instock","12":"taxable","13":"shipping-taxable","14":"purchasable","15":"product-type-variable"},"acf":[],"gallery_images":[25993589,25993590],"_links":{"self":[{"href":"https:\/\/hgm-rack.at\/es\/wp-json\/wp\/v2\/product\/25993587","targetHints":{"allow":["GET"]}}],"collection":[{"href":"https:\/\/hgm-rack.at\/es\/wp-json\/wp\/v2\/product"}],"about":[{"href":"https:\/\/hgm-rack.at\/es\/wp-json\/wp\/v2\/types\/product"}],"replies":[{"embeddable":true,"href":"https:\/\/hgm-rack.at\/es\/wp-json\/wp\/v2\/comments?post=25993587"}],"wp:featuredmedia":[{"embeddable":true,"href":"https:\/\/hgm-rack.at\/es\/wp-json\/wp\/v2\/media\/25993588"}],"wp:attachment":[{"href":"https:\/\/hgm-rack.at\/es\/wp-json\/wp\/v2\/media?parent=25993587"}],"wp:term":[{"taxonomy":"product_brand","embeddable":true,"href":"https:\/\/hgm-rack.at\/es\/wp-json\/wp\/v2\/product_brand?post=25993587"},{"taxonomy":"product_cat","embeddable":true,"href":"https:\/\/hgm-rack.at\/es\/wp-json\/wp\/v2\/product_cat?post=25993587"},{"taxonomy":"product_tag","embeddable":true,"href":"https:\/\/hgm-rack.at\/es\/wp-json\/wp\/v2\/product_tag?post=25993587"}],"curies":[{"name":"wp","href":"https:\/\/api.w.org\/{rel}","templated":true}]}}