{"id":25993729,"date":"2022-11-19T21:34:39","date_gmt":"2024-09-22T11:53:34","guid":{"rendered":"https:\/\/hgm-rack.at\/produkt\/punto-de-la-linea-aerea\/"},"modified":"2025-06-09T14:48:19","modified_gmt":"2025-06-09T12:48:19","slug":"punto-de-la-linea-aerea","status":"publish","type":"product","link":"https:\/\/hgm-rack.at\/es\/producto\/punto-de-la-linea-aerea\/","title":{"rendered":"Punto de la l\u00ednea a\u00e9rea"},"content":{"rendered":"<h2>Punto de amarre a\u00e9reo apto para todas las bacas HGM.<\/h2>\n<p>Con estos puntos de amarre puedes utilizar nuestros herrajes y correas de amarre para aerol\u00edneas. Recomendamos nuestros <a href=\"https:\/\/hgm-rack.at\/es\/producto\/racor-de-linea-de-aire-con-argolla-de-amarre\/\">herrajes<\/a> para un amarre perfecto y, sobre todo, seguro. <\/p>\n<p>Hasta 20 piezas en el Flexi 250<\/p>\n<p>Hasta 22 piezas en el Flexi 300<\/p>\n<p>Hasta 24 piezas en la Flexi 325<\/p>\n<p>En el Ineos Grenadier m\u00e1x. 8 piezas (en el bastidor Safari ya 6 piezas en la parte delantera incl.) <\/p>\n<p>Por supuesto, el montaje tambi\u00e9n es posible m\u00e1s adelante.<\/p>\n<p><strong>El precio es por unidad.<\/strong><\/p>\n","protected":false},"excerpt":{"rendered":"<h1><strong>Punto de amarre a\u00e9reo para tu baca HGM<\/strong><\/h1>\n","protected":false},"featured_media":26004910,"comment_status":"open","ping_status":"closed","template":"","meta":{"_acf_changed":false,"_et_pb_use_builder":"","_et_pb_old_content":"","_et_gb_content_width":""},"product_brand":[],"product_cat":[1186,1190,1200],"product_tag":[],"class_list":{"0":"post-25993729","1":"product","2":"type-product","3":"status-publish","4":"has-post-thumbnail","6":"product_cat-accesorios","7":"product_cat-cerraduras-de-transporte","8":"product_cat-sistemas-aereos","9":"product_shipping_class-clase-de-envio-pequena-es","11":"first","12":"instock","13":"taxable","14":"shipping-taxable","15":"purchasable","16":"product-type-simple"},"acf":[],"gallery_images":[26004915],"_links":{"self":[{"href":"https:\/\/hgm-rack.at\/es\/wp-json\/wp\/v2\/product\/25993729","targetHints":{"allow":["GET"]}}],"collection":[{"href":"https:\/\/hgm-rack.at\/es\/wp-json\/wp\/v2\/product"}],"about":[{"href":"https:\/\/hgm-rack.at\/es\/wp-json\/wp\/v2\/types\/product"}],"replies":[{"embeddable":true,"href":"https:\/\/hgm-rack.at\/es\/wp-json\/wp\/v2\/comments?post=25993729"}],"wp:featuredmedia":[{"embeddable":true,"href":"https:\/\/hgm-rack.at\/es\/wp-json\/wp\/v2\/media\/26004910"}],"wp:attachment":[{"href":"https:\/\/hgm-rack.at\/es\/wp-json\/wp\/v2\/media?parent=25993729"}],"wp:term":[{"taxonomy":"product_brand","embeddable":true,"href":"https:\/\/hgm-rack.at\/es\/wp-json\/wp\/v2\/product_brand?post=25993729"},{"taxonomy":"product_cat","embeddable":true,"href":"https:\/\/hgm-rack.at\/es\/wp-json\/wp\/v2\/product_cat?post=25993729"},{"taxonomy":"product_tag","embeddable":true,"href":"https:\/\/hgm-rack.at\/es\/wp-json\/wp\/v2\/product_tag?post=25993729"}],"curies":[{"name":"wp","href":"https:\/\/api.w.org\/{rel}","templated":true}]}}