{"id":25993736,"date":"2023-04-29T09:07:58","date_gmt":"2024-09-22T11:53:41","guid":{"rendered":"https:\/\/hgm-rack.at\/produkt\/racor-de-linea-de-aire-con-argolla-de-amarre\/"},"modified":"2025-06-09T14:48:19","modified_gmt":"2025-06-09T12:48:19","slug":"racor-de-linea-de-aire-con-argolla-de-amarre","status":"publish","type":"product","link":"https:\/\/hgm-rack.at\/es\/producto\/racor-de-linea-de-aire-con-argolla-de-amarre\/","title":{"rendered":"Racor de l\u00ednea de aire con argolla de amarre"},"content":{"rendered":"<p>Con estos herrajes para aerol\u00edneas, puedes asegurar f\u00e1cilmente tu carga o sujetar un toldo, l\u00edneas de lavado o lo que necesites a los <a href=\"https:\/\/hgm-rack.at\/produkt\/airlineschienen-fuer-flexi-300-1-seite\/\">ra\u00edles de los alerones<\/a> laterales o a los <a href=\"https:\/\/hgm-rack.at\/es\/producto\/punto-de-la-linea-aerea\/\">puntos de amarre<\/a> de la parte superior de las secciones laterales.<\/p>\n<p>&nbsp;<\/p>\n","protected":false},"excerpt":{"rendered":"<h1><strong>Racor de l\u00ednea de aire con argolla de amarre<\/strong><\/h1>\n<p><strong>Con estos herrajes para l\u00edneas a\u00e9reas podr\u00e1 asegurar f\u00e1cilmente su carga o fijar un toldo vela, l\u00edneas de lavado o lo que necesite a los ra\u00edles laterales o a los puntos de amarre de la parte superior de los paneles laterales.<\/strong><\/p>\n","protected":false},"featured_media":25993737,"comment_status":"open","ping_status":"closed","template":"","meta":{"_acf_changed":false,"_et_pb_use_builder":"","_et_pb_old_content":"","_et_gb_content_width":""},"product_brand":[],"product_cat":[1186,1200],"product_tag":[],"class_list":{"0":"post-25993736","1":"product","2":"type-product","3":"status-publish","4":"has-post-thumbnail","6":"product_cat-accesorios","7":"product_cat-sistemas-aereos","8":"product_shipping_class-clase-de-envio-pequena-es","10":"first","11":"instock","12":"taxable","13":"shipping-taxable","14":"purchasable","15":"product-type-simple"},"acf":[],"gallery_images":[26004921],"_links":{"self":[{"href":"https:\/\/hgm-rack.at\/es\/wp-json\/wp\/v2\/product\/25993736","targetHints":{"allow":["GET"]}}],"collection":[{"href":"https:\/\/hgm-rack.at\/es\/wp-json\/wp\/v2\/product"}],"about":[{"href":"https:\/\/hgm-rack.at\/es\/wp-json\/wp\/v2\/types\/product"}],"replies":[{"embeddable":true,"href":"https:\/\/hgm-rack.at\/es\/wp-json\/wp\/v2\/comments?post=25993736"}],"wp:featuredmedia":[{"embeddable":true,"href":"https:\/\/hgm-rack.at\/es\/wp-json\/wp\/v2\/media\/25993737"}],"wp:attachment":[{"href":"https:\/\/hgm-rack.at\/es\/wp-json\/wp\/v2\/media?parent=25993736"}],"wp:term":[{"taxonomy":"product_brand","embeddable":true,"href":"https:\/\/hgm-rack.at\/es\/wp-json\/wp\/v2\/product_brand?post=25993736"},{"taxonomy":"product_cat","embeddable":true,"href":"https:\/\/hgm-rack.at\/es\/wp-json\/wp\/v2\/product_cat?post=25993736"},{"taxonomy":"product_tag","embeddable":true,"href":"https:\/\/hgm-rack.at\/es\/wp-json\/wp\/v2\/product_tag?post=25993736"}],"curies":[{"name":"wp","href":"https:\/\/api.w.org\/{rel}","templated":true}]}}