{"id":25993787,"date":"2023-10-09T08:53:25","date_gmt":"2023-10-09T06:53:25","guid":{"rendered":"https:\/\/hgm-rack.at\/produkt\/escalera-con-funcion-de-tendedero\/"},"modified":"2025-09-22T21:06:02","modified_gmt":"2025-09-22T19:06:02","slug":"escalera-con-funcion-de-tendedero","status":"publish","type":"product","link":"https:\/\/hgm-rack.at\/es\/producto\/escalera-con-funcion-de-tendedero\/","title":{"rendered":"Escalera para baca con funci\u00f3n tendedero"},"content":{"rendered":"<div class=\"flex-shrink-0 flex flex-col relative items-end\">\n<div>\n<div class=\"pt-0\">\n<div class=\"gizmo-bot-avatar flex h-8 w-8 items-center justify-center overflow-hidden rounded-full\">\n<div class=\"relative p-1 rounded-sm flex items-center justify-center bg-token-main-surface-primary text-token-text-primary h-8 w-8\"><\/div>\n<\/div>\n<\/div>\n<\/div>\n<\/div>\n<div class=\"group\/conversation-turn relative flex w-full min-w-0 flex-col agent-turn\">\n<div class=\"flex-col gap-1 md:gap-3\">\n<div class=\"flex max-w-full flex-col flex-grow\">\n<div class=\"min-h-8 text-message flex w-full flex-col items-end gap-2 whitespace-normal break-words text-start [.text-message+&amp;]:mt-5\" dir=\"auto\" data-message-author-role=\"assistant\" data-message-id=\"33301205-13b4-4588-ad5a-e8dae8261894\" data-message-model-slug=\"gpt-4o-mini\">\n<div class=\"flex w-full flex-col gap-1 empty:hidden first:pt-[3px]\">\n<div class=\"markdown prose w-full break-words dark:prose-invert light\">\n<h2><strong>Escalera para bacas con funci\u00f3n de tendedero: \u00a1ahorra espacio, es vers\u00e1til e innovadora! Apta para todos los portaequipajes HGM <\/strong><\/h2>\n<p>La <strong>escalera para bacas con funci\u00f3n de tendedero<\/strong> es una soluci\u00f3n innovadora para quien desee equipar su veh\u00edculo de forma eficaz y multifuncional. Esta escalera especialmente desarrollada se adapta perfectamente a nuestros portaequipajes y ofrece una forma pr\u00e1ctica de fijar una escalera de forma segura ahorrando espacio. Facilita el acceso a los cofres de techo y permite un manejo c\u00f3modo, incluso con veh\u00edculos altos. Tambi\u00e9n gana puntos con una ingeniosa funci\u00f3n adicional: como tendedero cuando viajas.   <\/p>\n<h3>Versatilidad y flexibilidad para tu baca<\/h3>\n<p>Nuestra <strong>escalera con funci\u00f3n de tendedero<\/strong> es la soluci\u00f3n ideal para artesanos, campistas, aficionados a las actividades al aire libre o cualquier persona que se desplace con frecuencia. El sistema se monta directamente en los paneles laterales del portaequipajes, por lo que no se necesitan ra\u00edles a\u00e9reos adicionales ni taladros. Este pr\u00e1ctico m\u00e9todo de montaje hace que la instalaci\u00f3n sea r\u00e1pida y sencilla, sin da\u00f1ar tu veh\u00edculo. El dise\u00f1o se ha desarrollado especialmente para fijar la escalera con seguridad y ahorrar espacio, de modo que la tengas r\u00e1pidamente a mano cuando la necesites.   <\/p>\n<p>Una ventaja clave de esta soluci\u00f3n es que la escalera puede utilizarse para m\u00faltiples fines. La <strong>funci\u00f3n de tendedero<\/strong> se despliega en un abrir y cerrar de ojos. Esto significa que puedes utilizar la escalera como un pr\u00e1ctico tendedero para secar la ropa o las toallas cuando est\u00e1s fuera, ideal para campistas y viajeros. El tendedero se acciona simplemente soltando las correas de seguridad y ofrece ventajas adicionales cuando viajas.   <\/p>\n<h3>Uso eficiente de la baca<\/h3>\n<p>Gracias al montaje lateral de la escalera, no se ocupa espacio adicional en la baca. La escalera se monta en el veh\u00edculo de forma que s\u00f3lo se eleva por la altura de la baca, minimizando <strong>la resistencia al aire<\/strong> y optimizando la <strong>aerodin\u00e1mica<\/strong> de tu veh\u00edculo. Esto mejora la eficiencia del combustible y te permite circular por aparcamientos subterr\u00e1neos estrechos sin problemas.  <\/p>\n<p>El peque\u00f1o volumen adicional garantiza que tu veh\u00edculo siga siendo compacto sin tener que sacrificar la funcionalidad. Tanto si quieres acceder c\u00f3modamente a la <a href=\"https:\/\/hgm-rack.at\/es\/producto\/tienda-de-techo-sheepie-bookara-2-0\/\">tienda del techo<\/a> como si necesitas acceder regularmente al techo de tu veh\u00edculo, con esta escalera el acceso es siempre seguro y c\u00f3modo. <\/p>\n<h3>C\u00f3modo manejo y f\u00e1cil colocaci\u00f3n<\/h3>\n<p>La <strong>escalera para bacas con funci\u00f3n de tendedero<\/strong> es especialmente f\u00e1cil de usar. Cuando necesites la escalera en tu veh\u00edculo, s\u00f3lo tienes que retirarla de los soportes y apoyarla firmemente en el veh\u00edculo. El dispositivo de sujeci\u00f3n garantiza un almacenamiento estable y seguro hasta que vuelvas a necesitar la escalera.  <\/p>\n<p>Como los soportes se fijan directamente a la baca, te ahorras la molestia de montar ra\u00edles o soportes adicionales, lo que no s\u00f3lo te ahorra tiempo, sino tambi\u00e9n dinero. Esto es especialmente pr\u00e1ctico si quieres utilizar la escalera con flexibilidad para otros fines fuera del veh\u00edculo. <\/p>\n<p>Material y peso Escalera para baca <strong>con funci\u00f3n de tend<\/strong> ederoNuestra <strong>escalera para baca con funci\u00f3n de tendedero<\/strong> es robusta y duradera. Los soportes son de <strong>acero inoxidable de 3 mm<\/strong>, mientras que la propia escalera es una combinaci\u00f3n <strong>de aluminio y acero inoxidable<\/strong>. Con un peso de s\u00f3lo <strong>5,5 kg<\/strong>, la escalera se mantiene estable y resistente sin a\u00f1adir peso innecesario que pueda afectar al confort de conducci\u00f3n.  <\/p>\n<h3>Compatibilidad y seguridad<\/h3>\n<p>Es importante tener en cuenta que este <strong>sistema de escalera<\/strong> est\u00e1 especialmente dise\u00f1ado para los modelos Flexi 250, Flexi 300, Flexi 325 e Ineos Grenadier. No se adapta a otros modelos de baca. Por tanto, aseg\u00farate de que tu veh\u00edculo tiene una de estas bacas compatibles antes de comprarlo para garantizar el mejor ajuste y funcionalidad.  <\/p>\n<h3>Conclusi\u00f3n: Tu soluci\u00f3n ideal para m\u00e1s comodidad y flexibilidad<\/h3>\n<p>La <strong>escalera para baca con funci\u00f3n de tendedero<\/strong> es el complemento perfecto para tu veh\u00edculo. Ahorra espacio, aumenta la versatilidad y a\u00f1ade comodidad al fijar una escalera de forma segura y eficaz a la baca. Si buscas una soluci\u00f3n pr\u00e1ctica, que ahorre espacio y adem\u00e1s sea vers\u00e1til, este sistema es perfecto para ti.  <\/p>\n<p>Experimenta la libertad de acceder al techo de tu veh\u00edculo en cualquier momento y benef\u00edciate al mismo tiempo de una funci\u00f3n adicional de tendedero, todo ello con un sistema especialmente desarrollado para tus bacas Flexi o Grenadier. \u00a1Consigue ahora la <strong>escalera para bacas con funci\u00f3n de tendedero<\/strong> y experimenta una nueva dimensi\u00f3n de movilidad y flexibilidad! <\/p>\n<p>Para m\u00e1s informaci\u00f3n e instrucciones detalladas, mira el<a href=\"https:\/\/www.youtube.com\/watch?v=kLfh_IBh7bs&amp;t=16s\" rel=\"nofollow noopener\" target=\"_blank\"> v\u00eddeo de montaje aqu\u00ed <\/a>.<\/p>\n<\/div>\n<\/div>\n<\/div>\n<\/div>\n<\/div>\n<\/div>\n<p>&nbsp;<\/p>\n<p>&nbsp;<\/p>\n<p>&nbsp;<\/p>\n<p>&nbsp;<\/p>\n","protected":false},"excerpt":{"rendered":"<h1>Escalera para baca con funci\u00f3n tendedero<\/h1>\n<p><strong>Tanto si eres un manitas, un campista o un entusiasta de las actividades al aire libre, nuestra innovadora soluci\u00f3n te ayudar\u00e1 a ahorrar espacio y a tener tu escalera siempre a mano.<\/strong><\/p>\n","protected":false},"featured_media":25993788,"comment_status":"open","ping_status":"closed","template":"","meta":{"_acf_changed":false,"_et_pb_use_builder":"","_et_pb_old_content":"","_et_gb_content_width":""},"product_brand":[],"product_cat":[1186,1220],"product_tag":[],"class_list":{"0":"post-25993787","1":"product","2":"type-product","3":"status-publish","4":"has-post-thumbnail","6":"product_cat-accesorios","7":"product_cat-escaleras","8":"product_shipping_class-clase-de-envio-grande","10":"first","11":"instock","12":"taxable","13":"shipping-taxable","14":"purchasable","15":"product-type-variable"},"acf":[],"gallery_images":[25993789,25994709,25993788,25995414],"_links":{"self":[{"href":"https:\/\/hgm-rack.at\/es\/wp-json\/wp\/v2\/product\/25993787","targetHints":{"allow":["GET"]}}],"collection":[{"href":"https:\/\/hgm-rack.at\/es\/wp-json\/wp\/v2\/product"}],"about":[{"href":"https:\/\/hgm-rack.at\/es\/wp-json\/wp\/v2\/types\/product"}],"replies":[{"embeddable":true,"href":"https:\/\/hgm-rack.at\/es\/wp-json\/wp\/v2\/comments?post=25993787"}],"wp:featuredmedia":[{"embeddable":true,"href":"https:\/\/hgm-rack.at\/es\/wp-json\/wp\/v2\/media\/25993788"}],"wp:attachment":[{"href":"https:\/\/hgm-rack.at\/es\/wp-json\/wp\/v2\/media?parent=25993787"}],"wp:term":[{"taxonomy":"product_brand","embeddable":true,"href":"https:\/\/hgm-rack.at\/es\/wp-json\/wp\/v2\/product_brand?post=25993787"},{"taxonomy":"product_cat","embeddable":true,"href":"https:\/\/hgm-rack.at\/es\/wp-json\/wp\/v2\/product_cat?post=25993787"},{"taxonomy":"product_tag","embeddable":true,"href":"https:\/\/hgm-rack.at\/es\/wp-json\/wp\/v2\/product_tag?post=25993787"}],"curies":[{"name":"wp","href":"https:\/\/api.w.org\/{rel}","templated":true}]}}