{"id":25993817,"date":"2023-10-18T10:31:35","date_gmt":"2023-10-18T08:31:35","guid":{"rendered":"https:\/\/hgm-rack.at\/produkt\/soporte-base-del-travesano-ineos-grenadier\/"},"modified":"2025-06-09T14:48:34","modified_gmt":"2025-06-09T12:48:34","slug":"soporte-base-del-travesano-ineos-grenadier","status":"publish","type":"product","link":"https:\/\/hgm-rack.at\/es\/producto\/soporte-base-del-travesano-ineos-grenadier\/","title":{"rendered":"Soporte base del travesa\u00f1o Ineos Grenadier"},"content":{"rendered":"<p><strong>  Base portadora Ineos Grenadier<\/strong><\/p>\n<p>Experimenta la mezcla perfecta de funcionalidad y adaptabilidad con nuestras bacas b\u00e1sicas, especialmente desarrolladas para el Ineos Grenadier. Estas bacas robustas y duraderas no s\u00f3lo proporcionan una opci\u00f3n de transporte seguro para tu equipo, sino tambi\u00e9n la flexibilidad que necesitas para tu pr\u00f3xima aventura. <\/p>\n<p><strong>Caracter\u00edsticas principales:<\/strong><\/p>\n<ul>\n<li><strong>Incrustaciones personalizables:<\/strong> Nuestras barras de techo b\u00e1sicas tienen incrustaciones personalizables exclusivas para las mordazas de sujeci\u00f3n, que te permiten adaptar el aspecto y la funcionalidad a tus necesidades. Personaliza tu veh\u00edculo a tu gusto y seg\u00fan tus necesidades. El color y el texto de las incrustaciones de las mordazas (rojo en la imagen del producto) se pueden elegir libremente bajo pedido. (+100\u20ac)    En caso contrario, se resaltan en negro.<\/li>\n<li><strong>Ampliabilidad:<\/strong> Los portaequipajes b\u00e1sicos est\u00e1n dise\u00f1ados para que puedan ampliarse f\u00e1cilmente m\u00e1s adelante con nuestras <a href=\"https:\/\/hgm-rack.at\/produkt\/roofrack\/\">bacas<\/a> de gran tama\u00f1o. Esto te permite adaptar f\u00e1cilmente la capacidad de transporte de tu Ineos Grenadier a tus necesidades individuales.  Si desea ampliar la baca m\u00e1s adelante, las bacas b\u00e1sicas se descontar\u00e1n del precio.<\/li>\n<li><strong>Construcci\u00f3n robusta:<\/strong> Fabricadas con acero inoxidable y aluminio aeron\u00e1utico de alta calidad, nuestras barras de techo b\u00e1sicas son especialmente resistentes y duraderas, perfectas para los retos de la vida al aire libre.<\/li>\n<li><strong>Instalaci\u00f3n sencilla:<\/strong> La instalaci\u00f3n es sencilla y no requiere herramientas especiales, por lo que estar\u00e1s funcionando en un santiam\u00e9n.<\/li>\n<\/ul>\n<p>Perfecta para los aventureros que quieren personalizar sus viajes y para cualquiera que busque una soluci\u00f3n vers\u00e1til y adaptable a sus necesidades de transporte. \u00a1Equipa tu Ineos Grenadier con nuestras bacas b\u00e1sicas y prep\u00e1rate para explorar nuevos horizontes! <\/p>\n<p><strong>Datos t\u00e9cnicos:<\/strong><\/p>\n<ul>\n<li>Capacidad de carga 75 kg din\u00e1mica<\/li>\n<li>Capacidad de carga 100 kg est\u00e1tica<\/li>\n<li>Elevaci\u00f3n del veh\u00edculo aprox. 7 cm<\/li>\n<li>Peso propio 5,8kg<\/li>\n<\/ul>\n<p><strong>Alcance de la entrega por transportista:<\/strong><\/p>\n<ul>\n<li>2x pieza de sujeci\u00f3n de aluminio aeron\u00e1utico (\u00a1fresada a partir del s\u00f3lido!)<\/li>\n<li>2x soporte de acero inoxidable de 3 mm<\/li>\n<li>1x perfil de aluminio 60x30x1595mm + tapas finales<\/li>\n<li>L\u00e1minas de protecci\u00f3n de pintura<\/li>\n<li>Material de montaje<\/li>\n<\/ul>\n<p><strong>El precio es por travesa\u00f1o.<\/strong><\/p>\n","protected":false},"excerpt":{"rendered":"<p><strong>\u00a1Soporte de base resistente para su Ineos Grenadier!<\/strong><\/p>\n","protected":false},"featured_media":25993822,"comment_status":"open","ping_status":"closed","template":"","meta":{"_acf_changed":false,"_et_pb_use_builder":"","_et_pb_old_content":"","_et_gb_content_width":""},"product_brand":[],"product_cat":[1242,1243,1131],"product_tag":[],"class_list":{"0":"post-25993817","1":"product","2":"type-product","3":"status-publish","4":"has-post-thumbnail","6":"product_cat-ineos-es","7":"product_cat-ineos-granadero","8":"product_cat-portaequipajes","9":"product_shipping_class-clase-de-envio-media","10":"pa_befestigung-segun-lo-especificado-por-ineos-en-el-vierteaguas-utilizando-mordazas-de-sujecion-fresadas-de-material-macizo","11":"pa_traglast-75-kg-por-travesano-dinamico-100-kg-estatico","13":"first","14":"instock","15":"taxable","16":"shipping-taxable","17":"purchasable","18":"product-type-simple"},"acf":[],"gallery_images":[25993823],"_links":{"self":[{"href":"https:\/\/hgm-rack.at\/es\/wp-json\/wp\/v2\/product\/25993817","targetHints":{"allow":["GET"]}}],"collection":[{"href":"https:\/\/hgm-rack.at\/es\/wp-json\/wp\/v2\/product"}],"about":[{"href":"https:\/\/hgm-rack.at\/es\/wp-json\/wp\/v2\/types\/product"}],"replies":[{"embeddable":true,"href":"https:\/\/hgm-rack.at\/es\/wp-json\/wp\/v2\/comments?post=25993817"}],"wp:featuredmedia":[{"embeddable":true,"href":"https:\/\/hgm-rack.at\/es\/wp-json\/wp\/v2\/media\/25993822"}],"wp:attachment":[{"href":"https:\/\/hgm-rack.at\/es\/wp-json\/wp\/v2\/media?parent=25993817"}],"wp:term":[{"taxonomy":"product_brand","embeddable":true,"href":"https:\/\/hgm-rack.at\/es\/wp-json\/wp\/v2\/product_brand?post=25993817"},{"taxonomy":"product_cat","embeddable":true,"href":"https:\/\/hgm-rack.at\/es\/wp-json\/wp\/v2\/product_cat?post=25993817"},{"taxonomy":"product_tag","embeddable":true,"href":"https:\/\/hgm-rack.at\/es\/wp-json\/wp\/v2\/product_tag?post=25993817"}],"curies":[{"name":"wp","href":"https:\/\/api.w.org\/{rel}","templated":true}]}}