{"id":25993821,"date":"2024-03-17T11:51:54","date_gmt":"2024-03-17T10:51:54","guid":{"rendered":"https:\/\/hgm-rack.at\/produkt\/railes-para-flexi-250-300\/"},"modified":"2025-06-09T14:48:36","modified_gmt":"2025-06-09T12:48:36","slug":"railes-para-flexi-250-300","status":"publish","type":"product","link":"https:\/\/hgm-rack.at\/es\/producto\/railes-para-flexi-250-300\/","title":{"rendered":"Rieles para el panel lateral"},"content":{"rendered":"<p>Juego de ra\u00edles de 2 piezas para <strong>un lado<\/strong> de tu Flexi 250\/300 o 325 Roofrack.<\/p>\n<p>Adem\u00e1s de su aspecto todoterreno, este juego de ra\u00edles para avi\u00f3n te ofrece la posibilidad de<a href=\"https:\/\/hgm-rack.at\/es\/producto\/racor-de-linea-de-aire-con-argolla-de-amarre\/\"> montar accesorios mediante herrajes<\/a> sin necesidad de herramientas.<\/p>\n<p><strong>S\u00f3lo se puede montar un accesorio por lado. Todos los elementos de ampliaci\u00f3n, como los toldos o nuestra escalera, se montan sin ra\u00edles a\u00e9reos. <\/strong><\/p>\n<p><strong>Dimensiones Flexi 250:<\/strong><\/p>\n<p>Carril a\u00e9reo delantero: 1050 mm<\/p>\n<p>Carril de la l\u00ednea a\u00e9rea trasera: 1050 mm<\/p>\n<p>&nbsp;<\/p>\n<p><strong>Dimensiones del Flexi 300:<\/strong><\/p>\n<p>Carril a\u00e9reo delantero: 1240 mm<\/p>\n<p>Carril de la l\u00ednea a\u00e9rea trasera: 1190 mm<\/p>\n<p><strong>Dimensiones Flexi 325: (aqu\u00ed tambi\u00e9n tienes la opci\u00f3n de instalar iluminaci\u00f3n ambiental en el centro)<\/strong><\/p>\n<p>Carril a\u00e9reo delantero: 1240 mm<\/p>\n<p>Carril de la l\u00ednea a\u00e9rea trasera: 1190 mm<\/p>\n<p>&nbsp;<\/p>\n","protected":false},"excerpt":{"rendered":"<p>\u00a1Ampl\u00eda tu baca Flexi 250, 300 o 325 con nuestros ra\u00edles a\u00e9reos de 2 piezas!<\/p>\n","protected":false},"featured_media":25993562,"comment_status":"open","ping_status":"closed","template":"","meta":{"_acf_changed":false,"_et_pb_use_builder":"","_et_pb_old_content":"","_et_gb_content_width":""},"product_brand":[],"product_cat":[1186,1200],"product_tag":[],"class_list":{"0":"post-25993821","1":"product","2":"type-product","3":"status-publish","4":"has-post-thumbnail","6":"product_cat-accesorios","7":"product_cat-sistemas-aereos","8":"product_shipping_class-clase-de-envio-media","9":"pa_variante-flexi-250-batalla-corta","10":"pa_variante-flexi-300-batalla-larga","11":"pa_variante-flexi-325-ford-trc-de-batalla-larga-a-partir-de-2024","13":"first","14":"instock","15":"taxable","16":"shipping-taxable","17":"purchasable","18":"product-type-variable"},"acf":[],"gallery_images":[25993826,26004798],"_links":{"self":[{"href":"https:\/\/hgm-rack.at\/es\/wp-json\/wp\/v2\/product\/25993821","targetHints":{"allow":["GET"]}}],"collection":[{"href":"https:\/\/hgm-rack.at\/es\/wp-json\/wp\/v2\/product"}],"about":[{"href":"https:\/\/hgm-rack.at\/es\/wp-json\/wp\/v2\/types\/product"}],"replies":[{"embeddable":true,"href":"https:\/\/hgm-rack.at\/es\/wp-json\/wp\/v2\/comments?post=25993821"}],"wp:featuredmedia":[{"embeddable":true,"href":"https:\/\/hgm-rack.at\/es\/wp-json\/wp\/v2\/media\/25993562"}],"wp:attachment":[{"href":"https:\/\/hgm-rack.at\/es\/wp-json\/wp\/v2\/media?parent=25993821"}],"wp:term":[{"taxonomy":"product_brand","embeddable":true,"href":"https:\/\/hgm-rack.at\/es\/wp-json\/wp\/v2\/product_brand?post=25993821"},{"taxonomy":"product_cat","embeddable":true,"href":"https:\/\/hgm-rack.at\/es\/wp-json\/wp\/v2\/product_cat?post=25993821"},{"taxonomy":"product_tag","embeddable":true,"href":"https:\/\/hgm-rack.at\/es\/wp-json\/wp\/v2\/product_tag?post=25993821"}],"curies":[{"name":"wp","href":"https:\/\/api.w.org\/{rel}","templated":true}]}}