{"id":25993839,"date":"2024-03-27T17:47:10","date_gmt":"2024-03-27T16:47:10","guid":{"rendered":"https:\/\/hgm-rack.at\/produkt\/portaequipajes-id-buzz\/"},"modified":"2025-06-09T14:48:42","modified_gmt":"2025-06-09T12:48:42","slug":"portaequipajes-id-buzz","status":"publish","type":"product","link":"https:\/\/hgm-rack.at\/es\/producto\/portaequipajes-id-buzz\/","title":{"rendered":"Portaequipajes ID. Buzz (batalla corta)"},"content":{"rendered":"<p><strong>Tu nueva baca para el ID. \u00a1Buzz (batalla corta) en el nuevo dise\u00f1o de HGM! <\/strong><\/p>\n<p>Ampliable con ra\u00edles de l\u00ednea a\u00e9rea, el Fiamma F45s 230cm, nuestras luces delanteras y traseras y, por supuesto, nuestra escalera.<\/p>\n<p><strong>(plazo de entrega de 3 semanas)<\/strong><\/p>\n<p><strong>Dimensiones:  <\/strong><\/p>\n<p>Longitud: 207 cm<\/p>\n<p>Anchura delantera: 140 cm<\/p>\n<p>Anchura trasera: 137 cm<\/p>\n<p>Altura de construcci\u00f3n: aprox. 7 cm<\/p>\n<p>&nbsp;<\/p>\n<p>Peso: 35 kg aprox.<\/p>\n<p>&nbsp;<\/p>\n","protected":false},"excerpt":{"rendered":"<p><strong>Tu nuevo compa\u00f1ero en la ID. \u00a1Buzz en el nuevo dise\u00f1o de HGM! \u00a1Buzzt perfecto!  <\/strong><\/p>\n","protected":false},"featured_media":26008861,"comment_status":"open","ping_status":"closed","template":"","meta":{"_acf_changed":false,"_et_pb_use_builder":"","_et_pb_old_content":"","_et_gb_content_width":""},"product_brand":[],"product_cat":[1131,1112,1144],"product_tag":[],"class_list":{"0":"post-25993839","1":"product","2":"type-product","3":"status-publish","4":"has-post-thumbnail","6":"product_cat-portaequipajes","7":"product_cat-vw-es","8":"product_cat-vw-id-buzz-es","9":"product_shipping_class-clase-de-envio-xxl","11":"first","12":"instock","13":"taxable","14":"shipping-taxable","15":"purchasable","16":"product-type-simple"},"acf":[],"gallery_images":[25993842,25993843,26008857],"_links":{"self":[{"href":"https:\/\/hgm-rack.at\/es\/wp-json\/wp\/v2\/product\/25993839","targetHints":{"allow":["GET"]}}],"collection":[{"href":"https:\/\/hgm-rack.at\/es\/wp-json\/wp\/v2\/product"}],"about":[{"href":"https:\/\/hgm-rack.at\/es\/wp-json\/wp\/v2\/types\/product"}],"replies":[{"embeddable":true,"href":"https:\/\/hgm-rack.at\/es\/wp-json\/wp\/v2\/comments?post=25993839"}],"wp:featuredmedia":[{"embeddable":true,"href":"https:\/\/hgm-rack.at\/es\/wp-json\/wp\/v2\/media\/26008861"}],"wp:attachment":[{"href":"https:\/\/hgm-rack.at\/es\/wp-json\/wp\/v2\/media?parent=25993839"}],"wp:term":[{"taxonomy":"product_brand","embeddable":true,"href":"https:\/\/hgm-rack.at\/es\/wp-json\/wp\/v2\/product_brand?post=25993839"},{"taxonomy":"product_cat","embeddable":true,"href":"https:\/\/hgm-rack.at\/es\/wp-json\/wp\/v2\/product_cat?post=25993839"},{"taxonomy":"product_tag","embeddable":true,"href":"https:\/\/hgm-rack.at\/es\/wp-json\/wp\/v2\/product_tag?post=25993839"}],"curies":[{"name":"wp","href":"https:\/\/api.w.org\/{rel}","templated":true}]}}