{"id":25993883,"date":"2024-04-17T11:34:18","date_gmt":"2024-04-17T09:34:18","guid":{"rendered":"https:\/\/hgm-rack.at\/produkt\/tienda-de-techo-wildland-bush-cruiser\/"},"modified":"2025-06-09T14:48:43","modified_gmt":"2025-06-09T12:48:43","slug":"tienda-de-techo-wildland-bush-cruiser","status":"publish","type":"product","link":"https:\/\/hgm-rack.at\/es\/producto\/tienda-de-techo-wildland-bush-cruiser\/","title":{"rendered":"Tienda de techo WILDLAND Bush Cruiser"},"content":{"rendered":"<p>Una de las tapas duras m\u00e1s delgadas de todos los tiempos s\u00f3lo tiene 15 cm de grosor. Si incluyes los ra\u00edles de montaje, la altura total es de s\u00f3lo 18 cm. La construcci\u00f3n patentada de la carpa de techo consiste en una carcasa de aluminio duro. Esta s\u00f3lida cubierta r\u00edgida se adapta tanto a coches peque\u00f1os como grandes, como todoterrenos, furgonetas o SUV. S\u00f3lo tienes que instalar dos barras transversales o montarla directamente en tu baca existente.    <\/p>\n<p>Los tejidos de la tienda de campa\u00f1a de techo son muy duraderos, resistentes a los rayos UV e impermeables. La tienda Bush Cruiser tiene un dise\u00f1o ultraplano. La ventilaci\u00f3n se ha desarrollado especialmente para reducir la condensaci\u00f3n. Todas las aberturas tienen mosquitera y dispone de varios bolsillos para guardar todo tipo de objetos.   <\/p>\n<p>La escalera telesc\u00f3pica de aluminio (extensible hasta 230 cm) ofrece un acceso f\u00e1cil y c\u00f3modo. Si no tienes espacio para ella en tu veh\u00edculo, te recomendamos nuestra <a href=\"https:\/\/hgm-rack.at\/produkt\/leiter-mit-waeschestaenderfunktion\/\">escalera con funci\u00f3n de tendedero.<\/a><\/p>\n<p>Puedes encontrar m\u00e1s accesorios en nuestro socio <a href=\"https:\/\/www.inter-trade.at\/\" target=\"_blank\" rel=\"noopener\">Intertrade<\/a><\/p>\n<div id=\"bgLayers_comp-llmc1y2q1\" class=\"MW5IWV\" data-hook=\"bgLayers\" data-motion-part=\"BG_LAYER\">\n<div id=\"bgMedia_comp-llmc1y2q1\" class=\"VgO9Yg\" data-motion-part=\"BG_MEDIA\"><\/div>\n<\/div>\n<div class=\"\" data-mesh-id=\"comp-llmc1y2q1inlineContent\" data-testid=\"inline-content\">\n<div data-mesh-id=\"comp-llmc1y2q1inlineContent-gridContainer\" data-testid=\"mesh-container-content\">\n<div id=\"TPAMultiSection_k1b9egev\" class=\"TWFxr5 \">\n<div class=\"TPAMultiSection_k1b9egev\">\n<div class=\"l7SIaB layout__simple isDesktop\" data-hook=\"product-page\" data-layout-name=\"simple\">\n<article class=\"bJsBqq\">\n<div class=\"rXgC0L QfrfFD cell\">\n<div class=\"\">\n<div class=\"QfrfFD cell\"><\/div>\n<\/div>\n<\/div>\n<header class=\"OGJCT8\">\n<div class=\"uWMdhn QfrfFD cell\">\n<div class=\"WTkQfU Q74hFt ZWH01K HCpJyk\" data-hook=\"product-gallery-root\">\n<div class=\"RzdSCI\" data-hook=\"product-gallery-composite\">\n<div class=\"XQuzBr LgtS5i\" data-hook=\"main-media-container\">\n<div class=\"YjWW11\" data-hook=\"main-media\">\n<div class=\"slick-slider NzIQ55 main-media-slick-hook force-full-height slick-initialized\" dir=\"ltr\">\n<div class=\"slick-list\">\n<div class=\"slick-track\">\n<div class=\"slick-slide\" data-index=\"1\" aria-hidden=\"true\">\n<div>\n<div class=\"geWNN1\">\n<div class=\"uxiutQ kGIE0d\" data-hook=\"product-page-media-video\">\n<section data-hook=\"react-playable\">\n<div class=\"root-container__container____RXkJ\" dir=\"ltr\" data-playable-hook=\"player-container\" data-playable-dir=\"ltr\">\n<div class=\"debug-panel__debugPanel___116IW debug-panel__hidden___1TRHR\" data-playable-component=\"\">\n<div class=\"debug-panel__closeButton___claHV\" data-playable-hook=\"debug-panel-close-button\"><\/div>\n<pre class=\"debug-panel__infoContainer___-AZH_\" data-playable-hook=\"debug-panel-info-container\"><\/pre>\n<\/div>\n<div class=\"interaction-indicator__iconContainer___2r3Wb\" data-playable-component=\"\"><\/div>\n<div class=\"screen__screen___3BN2N screen__regularMode___1Bv69 screen__verticalStripes___1tr7O\" data-playable-hook=\"screen-block\" data-playable-component=\"\"><\/div>\n<div class=\"preview-full-size__container___M_Ygb preview-full-size__hidden___1ZRC_\" data-playable-component=\"\">\n<div class=\"preview-full-size__frame___3AEDD\" data-playable-hook=\"preview-full-size-frame\"><\/div>\n<\/div>\n<div class=\"main-ui-block__mainUiBlock___3fUqI\" data-playable-component=\"\">\n<div class=\"top-block__topBlock___2nOmO top-block__activated___2ThkU\" data-playable-hook=\"top-block\">\n<div class=\"top-block__background___2RYBo\" data-playable-hook=\"screen-top-background\"><\/div>\n<div class=\"top-block__elementsContainer___11-A7\">\n<div class=\"top-block__liveIndicatorContainer___3wTlQ\" data-playable-hook=\"live-indicator-container\">\n<div class=\"live-indicator__liveIndicator___3Vudz live-indicator__hidden___1MQc0\"><\/div>\n<\/div>\n<div class=\"top-block__titleContainer___1gKBN\" data-playable-hook=\"title-container\">\n<div class=\"title__title___324Zx wix-playable--title-text title__hidden___3SyPm\" data-playable-hook=\"video-title\"><\/div>\n<\/div>\n<\/div>\n<\/div>\n<div class=\"main-ui-block__tooltipContainerWrapper___3e2KW\">\n<div class=\"tooltip-container__tooltipContainer___2guVa\" data-playable-component=\"\">\n<div class=\"tooltip__tooltip___1TO08 tooltip__showAsText___3-qca\" role=\"tooltip\">\n<div class=\"tooltip__tooltipInner___2s85x\" data-playable-hook=\"tooltip-inner\"><\/div>\n<\/div>\n<\/div>\n<\/div>\n<div class=\"bottom-block__bottomBlock___3Y_rW bottom-block__logoHidden___2N6oy bottom-block__downloadButtonHidden___qisqf bottom-block__activated___YvJ-R\" data-playable-hook=\"bottom-block\">\n<div class=\"bottom-block__background___2ZL6j\" data-playable-hook=\"screen-bottom-background\"><\/div>\n<div class=\"bottom-block__progressBarContainer___2CxAg\" data-playable-hook=\"progress-bar-container\">\n<div class=\"progress__seekBlock___V4YqW\" data-playable-hook=\"progress-control\" data-playable-played-percent=\"3.67\">\n<div class=\"progress__progressBarsWrapper___1SSlL\">\n<div class=\"progress__progressBar___210E8 progress__background___lqeL2\"><\/div>\n<div class=\"progress__progressBar___210E8 progress__buffered___2LiZB\" data-playable-hook=\"progress-buffered\"><\/div>\n<div class=\"progress__progressBar___210E8 progress__seekTo___T0D_O wix-playable--progress-seek-to\" data-playable-hook=\"progress-seek-to\"><\/div>\n<div class=\"progress__progressBar___210E8 progress__played___1dShL wix-playable--progress-played\" data-playable-hook=\"progress-played\"><\/div>\n<div class=\"progress__timeIndicators___c6h-a\" data-playable-hook=\"progress-time-indicators\"><\/div>\n<\/div>\n<div class=\"progress__hitbox___xqdFP\" data-playable-hook=\"progress-hitbox\"><\/div>\n<div class=\"progress__seekButtonContainer___1TZ8Z\" data-playable-hook=\"progress-seek-button\">\n<div class=\"progress__seekButton___3UtgF wix-playable--progress-seek-btn\"><\/div>\n<\/div>\n<\/div>\n<\/div>\n<div class=\"bottom-block__elementsContainer___1MGej\">\n<div class=\"bottom-block__controlsContainerLeft___2Ozxp\" data-playable-hook=\"controls-container-left\">\n<div class=\"bottom-block__playContainer___25g5A\" data-playable-hook=\"play-container\">\n<div class=\"play__playControl___1AgWy\" data-playable-hook=\"playback-control\" data-playable-is-playing=\"false\">\n<div class=\"play__playIcon___2ypel\"><\/div>\n<\/div>\n<\/div>\n<div class=\"bottom-block__volumeContainer___1Zwk-\" data-playable-hook=\"volume-container\">\n<div class=\"volume__volumeControl___1f_-O\" data-playable-hook=\"volume-control\" data-playable-volume-percent=\"100\" data-playable-is-muted=\"false\">\n<div class=\"volume__volume100Icon___3RP1S\"><\/div>\n<div class=\"volume__volumeInputBlock___EzZei\" data-playable-hook=\"volume-input-block\" aria-label=\"Volume control\">\n<div class=\"volume__progressBar___1JJYW volume__background___2Mafo wix-playable--volume-progress-background\"><\/div>\n<div class=\"volume__progressBar___1JJYW volume__volume___1XvBT wix-playable--volume-progress\" data-playable-hook=\"volume-input\"><\/div>\n<\/div>\n<\/div>\n<\/div>\n<\/div>\n<\/div>\n<\/div>\n<\/div>\n<\/div>\n<\/section>\n<\/div>\n<\/div>\n<\/div>\n<\/div>\n<\/div>\n<\/div>\n<\/div>\n<\/div>\n<\/div>\n<\/div>\n<\/div>\n<\/div>\n<\/header>\n<div class=\"rXgC0L ZV79ET\">\n<section class=\"C3VGLL\">\n<div class=\"OtfKGl QfrfFD cell\">\n<section class=\"Va_ZoC\" data-hook=\"description-wrapper\">\n<div class=\"LvOu6J\">\n<div class=\"vaI0UH\" data-hook=\"content-wrapper\">\n<p>&nbsp;<\/p>\n<\/div>\n<\/div>\n<\/section>\n<\/div>\n<\/section>\n<\/div>\n<\/article>\n<\/div>\n<\/div>\n<\/div>\n<\/div>\n<\/div>\n","protected":false},"excerpt":{"rendered":"<p><strong>\u00a1Tu nueva tienda con techo de Wildland!<\/strong><\/p>\n","protected":false},"featured_media":25993891,"comment_status":"open","ping_status":"closed","template":"","meta":{"_acf_changed":false,"_et_pb_use_builder":"","_et_pb_old_content":"","_et_gb_content_width":""},"product_brand":[],"product_cat":[1186,1287],"product_tag":[],"class_list":{"0":"post-25993883","1":"product","2":"type-product","3":"status-publish","4":"has-post-thumbnail","6":"product_cat-accesorios","7":"product_cat-tiendas-de-techo","8":"pa_groesse-grande-es","9":"pa_groesse-medio-es","11":"first","12":"instock","13":"taxable","14":"shipping-taxable","15":"purchasable","16":"product-type-variable"},"acf":[],"gallery_images":[25993893,25993895,25993897],"_links":{"self":[{"href":"https:\/\/hgm-rack.at\/es\/wp-json\/wp\/v2\/product\/25993883","targetHints":{"allow":["GET"]}}],"collection":[{"href":"https:\/\/hgm-rack.at\/es\/wp-json\/wp\/v2\/product"}],"about":[{"href":"https:\/\/hgm-rack.at\/es\/wp-json\/wp\/v2\/types\/product"}],"replies":[{"embeddable":true,"href":"https:\/\/hgm-rack.at\/es\/wp-json\/wp\/v2\/comments?post=25993883"}],"wp:featuredmedia":[{"embeddable":true,"href":"https:\/\/hgm-rack.at\/es\/wp-json\/wp\/v2\/media\/25993891"}],"wp:attachment":[{"href":"https:\/\/hgm-rack.at\/es\/wp-json\/wp\/v2\/media?parent=25993883"}],"wp:term":[{"taxonomy":"product_brand","embeddable":true,"href":"https:\/\/hgm-rack.at\/es\/wp-json\/wp\/v2\/product_brand?post=25993883"},{"taxonomy":"product_cat","embeddable":true,"href":"https:\/\/hgm-rack.at\/es\/wp-json\/wp\/v2\/product_cat?post=25993883"},{"taxonomy":"product_tag","embeddable":true,"href":"https:\/\/hgm-rack.at\/es\/wp-json\/wp\/v2\/product_tag?post=25993883"}],"curies":[{"name":"wp","href":"https:\/\/api.w.org\/{rel}","templated":true}]}}