{"id":25993915,"date":"2024-04-18T10:13:22","date_gmt":"2024-04-18T08:13:22","guid":{"rendered":"https:\/\/hgm-rack.at\/produkt\/tienda-de-techo-sheepie-bookara-2-0\/"},"modified":"2025-10-06T20:07:37","modified_gmt":"2025-10-06T18:07:37","slug":"tienda-de-techo-sheepie-bookara-2-0","status":"publish","type":"product","link":"https:\/\/hgm-rack.at\/es\/producto\/tienda-de-techo-sheepie-bookara-2-0\/","title":{"rendered":"Tienda de techo SHEEPIE Bookara 2.0"},"content":{"rendered":"<p>R\u00e1pida-Lujosa-Larga duraci\u00f3n<br \/>\n\u00a1Nuestra Bookara Sheepie hace que hasta un \u201cno campista\u201d se sienta como en una acampada! Gracias a los amortiguadores de gas a presi\u00f3n, la elegante caja plana se transforma en tu lujosa zona de dormir en dos minutos. Puedes llegar a tu para\u00edso para dormir con una escalera telesc\u00f3pica de aluminio negro que se puede extender hasta 230 cm. La tienda de techo consta de una robusta construcci\u00f3n de aluminio y una combinaci\u00f3n de tejidos bien pensada que la convierten en un hogar duradero, resistente a los rayos UV e impermeable. Todas las aberturas est\u00e1n equipadas con mosquiteras, pero tambi\u00e9n se pueden cerrar completamente.    <\/p>\n<p>El colch\u00f3n acolchado de nido de abeja, que puedes quitar y lavar si es necesario, ofrece una comodidad adicional. Las bolsas para zapatos en la zona de entrada, los compartimentos de almacenamiento y la tira de LED regulable en el interior de la tienda aportan un poco m\u00e1s de lujo. <\/p>\n<p>Quieres llevarte tu tabla de wakeboard pero no sabes d\u00f3nde meterla, \u00a1no hay problema! La Sheepie Bookara te permite meter unos kilos de m\u00e1s gracias a las correas de la cubierta exterior <\/p>\n<p>Recomendamos nuestra<a href=\"https:\/\/hgm-rack.at\/produkt\/leiter-mit-waeschestaenderfunktion\/\"> escalera con funci\u00f3n de perchero<\/a> para montarla en uno de nuestros portaequipajes, de modo que la escalera suministrada no ocupe un valioso espacio en el coche.<\/p>\n<p><strong>Por razones de higiene, las tiendas de campa\u00f1a con techo no se pueden devolver.<\/strong><\/p>\n<ul class=\"wEn8Wy\" data-hook=\"stacked-info-section\">\n<li class=\"De1MzN gZunol\" data-hook=\"stacked-info-item\">\n<div class=\"nIrkeO QfrfFD cell\">\n<h2 class=\"smepPp9 o__9K3pMQ---typography-11-runningText o__9K3pMQ---priority-7-primary _HOcyB D0x9d0 sxbtulv\" aria-hidden=\"false\" data-hook=\"info-section-title\">Volumen de suministro<\/h2>\n<div class=\"zp8uy2\" data-hook=\"info-section-description\">\n<ul>\n<li>Tienda con techo de aluminio<\/li>\n<li>C\u00f3modo colch\u00f3n con funda acolchada lavable<\/li>\n<li>Escalera telesc\u00f3pica negra, extensible hasta una altura de 230 cm<\/li>\n<li>Material de montaje para barras de techo de hasta 10 cm de ancho<\/li>\n<li>Tiras LED regulables<\/li>\n<li>Dos bolsas para zapatos<\/li>\n<li>Bolsas de almacenamiento en la tienda<\/li>\n<li>Protecci\u00f3n contra tormentas para compuertas de presi\u00f3n de gas<\/li>\n<li>Herramienta de a bordo<\/li>\n<li>Portaequipajes para equipaje adicional (\u00a1s\u00f3lo incluido en el ancho Grande!)<\/li>\n<\/ul>\n<p>Puedes encontrar m\u00e1s accesorios para nuestro programa de carpas de techo en nuestro socio <a href=\"https:\/\/www.inter-trade.at\/\" target=\"_blank\" rel=\"noopener\">Intertrade<\/a><\/p>\n<\/div>\n<\/div>\n<\/li>\n<\/ul>\n","protected":false},"excerpt":{"rendered":"<p><strong>\u00a1Tu nueva tienda con techo de Sheepie!<\/strong><\/p>\n","protected":false},"featured_media":26008799,"comment_status":"open","ping_status":"closed","template":"","meta":{"_acf_changed":false,"_et_pb_use_builder":"","_et_pb_old_content":"","_et_gb_content_width":""},"product_brand":[],"product_cat":[1186,1287],"product_tag":[],"class_list":{"0":"post-25993915","1":"product","2":"type-product","3":"status-publish","4":"has-post-thumbnail","6":"product_cat-accesorios","7":"product_cat-tiendas-de-techo","8":"pa_groesse-grande-es","9":"pa_groesse-medio-es","11":"first","12":"instock","13":"taxable","14":"shipping-taxable","15":"purchasable","16":"product-type-variable"},"acf":[],"gallery_images":[25993923,25993924,25993925,26008804,26008809],"_links":{"self":[{"href":"https:\/\/hgm-rack.at\/es\/wp-json\/wp\/v2\/product\/25993915","targetHints":{"allow":["GET"]}}],"collection":[{"href":"https:\/\/hgm-rack.at\/es\/wp-json\/wp\/v2\/product"}],"about":[{"href":"https:\/\/hgm-rack.at\/es\/wp-json\/wp\/v2\/types\/product"}],"replies":[{"embeddable":true,"href":"https:\/\/hgm-rack.at\/es\/wp-json\/wp\/v2\/comments?post=25993915"}],"wp:featuredmedia":[{"embeddable":true,"href":"https:\/\/hgm-rack.at\/es\/wp-json\/wp\/v2\/media\/26008799"}],"wp:attachment":[{"href":"https:\/\/hgm-rack.at\/es\/wp-json\/wp\/v2\/media?parent=25993915"}],"wp:term":[{"taxonomy":"product_brand","embeddable":true,"href":"https:\/\/hgm-rack.at\/es\/wp-json\/wp\/v2\/product_brand?post=25993915"},{"taxonomy":"product_cat","embeddable":true,"href":"https:\/\/hgm-rack.at\/es\/wp-json\/wp\/v2\/product_cat?post=25993915"},{"taxonomy":"product_tag","embeddable":true,"href":"https:\/\/hgm-rack.at\/es\/wp-json\/wp\/v2\/product_tag?post=25993915"}],"curies":[{"name":"wp","href":"https:\/\/api.w.org\/{rel}","templated":true}]}}