{"id":25994089,"date":"2024-07-10T22:10:31","date_gmt":"2024-09-22T11:55:10","guid":{"rendered":"https:\/\/hgm-rack.at\/produkt\/portaequipajes-mercedes-sprinter\/"},"modified":"2025-11-02T20:06:28","modified_gmt":"2025-11-02T19:06:28","slug":"portaequipajes-mercedes-sprinter","status":"publish","type":"product","link":"https:\/\/hgm-rack.at\/es\/producto\/portaequipajes-mercedes-sprinter\/","title":{"rendered":"Portaequipajes Mercedes Sprinter"},"content":{"rendered":"<p><strong>\u00a1Tu nueva baca para tu Sprinter L2H2!<\/strong><\/p>\n<p>Nuestra experiencia nos ha demostrado que estamos lejos de poder satisfacer todos los deseos de los clientes de esta clase de veh\u00edculos con un producto est\u00e1ndar en el taller, ya que la mayor\u00eda de los veh\u00edculos est\u00e1n equipados con trampillas de techo, sistemas de aire acondicionado o similares. Sin embargo, con una planificaci\u00f3n suficiente, todo lo que desea el coraz\u00f3n de un campista es posible. Ya sea una plataforma para hacer footing, una central de energ\u00eda solar m\u00f3vil o una terraza en el tejado. Por supuesto, tambi\u00e9n se han hecho todos los preparativos para las luces intermitentes azules o amarillas.   <\/p>\n<p>Se monta en nuestro sistema de ra\u00edles o en los ra\u00edles instalados en f\u00e1brica, de modo que todos los travesa\u00f1os pueden ajustarse seg\u00fan las necesidades. As\u00ed no tendr\u00e1s problemas con las trampillas del techo ni con los sistemas de aire acondicionado. <\/p>\n<p>Precios est\u00e1ndar:<\/p>\n<ul>\n<li>Baca sin accesorios montada sobre ra\u00edles C de f\u00e1brica 2190<\/li>\n<li>Portaequipajes sin accesorios montado en el sistema de ra\u00edles HGM 2690\u20ac.<\/li>\n<li><a href=\"https:\/\/hgm-rack.at\/produkt\/strands-scheinwerfer-upgrade\/\">Actualizaci\u00f3n de faros 2 piezas cada uno<\/a> (m\u00e1x. 12 posibles) 189 \u20ac.<\/li>\n<li>Faros con mando a distancia y centro de control en el techo 699 euros<\/li>\n<li>Toldo Fiamma F45s 325cm incl. soportes 999 \u20ac. <\/li>\n<li>M\u00f3dulos FV 320w 290<\/li>\n<li>M\u00f3dulos FV estrechos 200w (ideal junto a las trampillas del tejado) 290<\/li>\n<li>Ra\u00edles de l\u00ednea a\u00e9rea 2x panel lateral, 1x panel frontal, 1x panel trasero 190 \u20ac.<\/li>\n<li>Instalaci\u00f3n sin accesorios el\u00e9ctricos para ra\u00edles C montados de f\u00e1brica 300 \u20ac (aprox. 4-5 horas)<\/li>\n<li>Instalaci\u00f3n sin accesorios el\u00e9ctricos con sistema de ra\u00edles HGM 500\u20ac (aprox. 1 d\u00eda laborable)<\/li>\n<li>Instalaci\u00f3n con accesorios el\u00e9ctricos para rieles C montados en f\u00e1brica 900 \u20ac (aprox. 1,5 d\u00edas laborables)<\/li>\n<li>Instalaci\u00f3n con accesorios el\u00e9ctricos con sistema de ra\u00edles HGM 1100\u20ac (aprox. 2 d\u00edas laborables)<\/li>\n<\/ul>\n","protected":false},"excerpt":{"rendered":"<p><strong>\u00a1Nuestra baca Sprinter L2H2!<\/strong><\/p>\n<p>Debido a la amplia gama de variantes, este portaequipajes s\u00f3lo est\u00e1 disponible en nuestras instalaciones. \u00a1Cada proyecto Sprinter se planifica y fabrica para satisfacer tus necesidades! <\/p>\n","protected":false},"featured_media":25994093,"comment_status":"open","ping_status":"closed","template":"","meta":{"_acf_changed":false,"_et_pb_use_builder":"","_et_pb_old_content":"","_et_gb_content_width":""},"product_brand":[],"product_cat":[1187,1189,1131],"product_tag":[],"class_list":{"0":"post-25994089","1":"product","2":"type-product","3":"status-publish","4":"has-post-thumbnail","6":"product_cat-mercedes-es","7":"product_cat-mercedes-sprinter-es","8":"product_cat-portaequipajes","10":"first","11":"instock","12":"taxable","13":"shipping-taxable","14":"purchasable","15":"product-type-simple"},"acf":[],"gallery_images":[25994094,25994095,25994096,25994097,25994098,25994099,25994100,25994101,25994102,25994103],"_links":{"self":[{"href":"https:\/\/hgm-rack.at\/es\/wp-json\/wp\/v2\/product\/25994089","targetHints":{"allow":["GET"]}}],"collection":[{"href":"https:\/\/hgm-rack.at\/es\/wp-json\/wp\/v2\/product"}],"about":[{"href":"https:\/\/hgm-rack.at\/es\/wp-json\/wp\/v2\/types\/product"}],"replies":[{"embeddable":true,"href":"https:\/\/hgm-rack.at\/es\/wp-json\/wp\/v2\/comments?post=25994089"}],"wp:featuredmedia":[{"embeddable":true,"href":"https:\/\/hgm-rack.at\/es\/wp-json\/wp\/v2\/media\/25994093"}],"wp:attachment":[{"href":"https:\/\/hgm-rack.at\/es\/wp-json\/wp\/v2\/media?parent=25994089"}],"wp:term":[{"taxonomy":"product_brand","embeddable":true,"href":"https:\/\/hgm-rack.at\/es\/wp-json\/wp\/v2\/product_brand?post=25994089"},{"taxonomy":"product_cat","embeddable":true,"href":"https:\/\/hgm-rack.at\/es\/wp-json\/wp\/v2\/product_cat?post=25994089"},{"taxonomy":"product_tag","embeddable":true,"href":"https:\/\/hgm-rack.at\/es\/wp-json\/wp\/v2\/product_tag?post=25994089"}],"curies":[{"name":"wp","href":"https:\/\/api.w.org\/{rel}","templated":true}]}}