{"id":25994178,"date":"2022-02-12T21:44:50","date_gmt":"2022-02-12T20:44:50","guid":{"rendered":"https:\/\/hgm-rack.at\/produkt\/juego-de-placas-para-flexi-250-vw-t5-t6-batalla-corta\/"},"modified":"2025-06-09T14:47:59","modified_gmt":"2025-06-09T12:47:59","slug":"juego-de-placas-para-flexi-250-vw-t5-t6-batalla-corta","status":"publish","type":"product","link":"https:\/\/hgm-rack.at\/es\/producto\/juego-de-placas-para-flexi-250-vw-t5-t6-batalla-corta\/","title":{"rendered":"Actualizar la terraza de la azotea"},"content":{"rendered":"<p>\u00bfAzotea en el autob\u00fas? Este juego de placas lo hace posible. Tanto si quieres disfrutar del sol o de una vista sublime desde el techo, como si quieres montar un mont\u00f3n de peque\u00f1os accesorios o cajas, este juego de placas es la soluci\u00f3n para ti. El volumen de suministro incluye un juego de placas de aluminio de seis piezas (Ford Custom de 9 piezas) con material de montaje. Como los travesa\u00f1os ya no son accesibles, te recomendamos montar nuestros <a href=\"https:\/\/hgm-rack.at\/es\/producto\/punto-de-la-linea-aerea\/\">puntos de amarre para aerol\u00edneas<\/a>.    <\/p>\n<p><strong>Ventajas con juego de platos:<\/strong><\/p>\n<ul>\n<li>Menos calor en el coche gracias al efecto techo fr\u00edo.<\/li>\n<li>Protecci\u00f3n antigranizo<\/li>\n<li>Sin nieve entre los travesa\u00f1os en invierno<\/li>\n<li>Puro aspecto todoterreno<\/li>\n<\/ul>\n<p><strong>Fijaci\u00f3n de accesorios:<\/strong><\/p>\n<p>Los accesorios se fijan mediante pernos de bisagra est\u00e1ndar. Tambi\u00e9n tienes la opci\u00f3n de utilizar los 8 tornillos M8x20 suministrados para atornillar accesorios de hasta 3 mm de grosor a los aprox. 100 puntos de fijaci\u00f3n. <\/p>\n<p><strong>Tan flexible como t\u00fa:<\/strong><\/p>\n<p>\u00bfNo necesitas todas las placas, o s\u00f3lo quieres instalar una mitad de la baca para acceder f\u00e1cilmente al cofre? S\u00f3lo tienes que indicarnos qu\u00e9 placas quieres instalar. <\/p>\n<p><strong>Volumen de suministro:<\/strong><\/p>\n<ul>\n<li><strong> <\/strong>6x placa de aluminio (Transit Custom 9)<\/li>\n<li>100x tornillo de acero inoxidable + tacos deslizantes<\/li>\n<li>8 tornillos M8x20<\/li>\n<li>Instrucciones de montaje<\/li>\n<\/ul>\n<p>Fijaci\u00f3n de accesorios:<\/p>\n<p>&nbsp;<\/p>\n<p>\u00a1De chapa de aluminio de 3 mm, con recubrimiento de polvo negro mate!<\/p>\n<p><strong>\u00a1\u00a1\u00a1\u00a1S\u00f3lo adecuado con aspiraci\u00f3n completa!!!!<\/strong><\/p>\n<p><strong>Plazo de entrega actual: \u00a13 semanas!<\/strong><\/p>\n<p>&nbsp;<\/p>\n","protected":false},"excerpt":{"rendered":"<p>\u00a1<strong> Este juego de placas convierte tu baca en una terraza!<\/strong><\/p>\n","protected":false},"featured_media":25995295,"comment_status":"closed","ping_status":"closed","template":"","meta":{"_acf_changed":false,"_et_pb_use_builder":"","_et_pb_old_content":"","_et_gb_content_width":""},"product_brand":[],"product_cat":[1143,1115,1131,1112,1116,1114],"product_tag":[],"class_list":{"0":"post-25994178","1":"product","2":"type-product","3":"status-publish","4":"has-post-thumbnail","6":"product_cat-ford-tourneo-custom-es","7":"product_cat-ford-transit-custom-es","8":"product_cat-portaequipajes","9":"product_cat-vw-es","10":"product_cat-vw-t5-es","11":"product_cat-vw-t6-es","12":"product_shipping_class-clase-de-envio-grande","14":"first","15":"instock","16":"taxable","17":"shipping-taxable","18":"purchasable","19":"product-type-variable"},"acf":[],"gallery_images":[],"_links":{"self":[{"href":"https:\/\/hgm-rack.at\/es\/wp-json\/wp\/v2\/product\/25994178","targetHints":{"allow":["GET"]}}],"collection":[{"href":"https:\/\/hgm-rack.at\/es\/wp-json\/wp\/v2\/product"}],"about":[{"href":"https:\/\/hgm-rack.at\/es\/wp-json\/wp\/v2\/types\/product"}],"replies":[{"embeddable":true,"href":"https:\/\/hgm-rack.at\/es\/wp-json\/wp\/v2\/comments?post=25994178"}],"wp:featuredmedia":[{"embeddable":true,"href":"https:\/\/hgm-rack.at\/es\/wp-json\/wp\/v2\/media\/25995295"}],"wp:attachment":[{"href":"https:\/\/hgm-rack.at\/es\/wp-json\/wp\/v2\/media?parent=25994178"}],"wp:term":[{"taxonomy":"product_brand","embeddable":true,"href":"https:\/\/hgm-rack.at\/es\/wp-json\/wp\/v2\/product_brand?post=25994178"},{"taxonomy":"product_cat","embeddable":true,"href":"https:\/\/hgm-rack.at\/es\/wp-json\/wp\/v2\/product_cat?post=25994178"},{"taxonomy":"product_tag","embeddable":true,"href":"https:\/\/hgm-rack.at\/es\/wp-json\/wp\/v2\/product_tag?post=25994178"}],"curies":[{"name":"wp","href":"https:\/\/api.w.org\/{rel}","templated":true}]}}