{"id":26004962,"date":"2025-05-06T11:37:39","date_gmt":"2025-05-06T09:37:39","guid":{"rendered":"https:\/\/hgm-rack.at\/produkt\/mejora-de-la-iluminacion-del-vehiculo-de-emergencia\/"},"modified":"2025-05-06T11:37:39","modified_gmt":"2025-05-06T09:37:39","slug":"mejora-de-la-iluminacion-del-vehiculo-de-emergencia","status":"publish","type":"product","link":"https:\/\/hgm-rack.at\/es\/producto\/mejora-de-la-iluminacion-del-vehiculo-de-emergencia\/","title":{"rendered":"Mejora de la iluminaci\u00f3n del veh\u00edculo de emergencia"},"content":{"rendered":"<p><strong>Mejora del alumbrado de los veh\u00edculos de emergencia<\/strong><\/p>\n<p>El kit de extensi\u00f3n transforma tu baca HGM Rack en un veh\u00edculo de emergencia en toda regla y te da la oportunidad de llevar tu equipamiento al siguiente nivel. Este kit est\u00e1 especialmente dise\u00f1ado para maximizar la funcionalidad y versatilidad sin necesidad de taladrar agujeros en el veh\u00edculo durante la instalaci\u00f3n. <\/p>\n<p>\u00bfNecesitas iluminaci\u00f3n para tu nuevo veh\u00edculo de emergencia? La mejora de iluminaci\u00f3n para veh\u00edculos de emergencia se ha dise\u00f1ado especialmente para rescate en monta\u00f1a, rescate acu\u00e1tico y bomberos. Adecuada para las bacas VW T5 T6 y Ford Transit Custom, esta mejora proporciona la iluminaci\u00f3n necesaria para su uso. Como esta mejora es compatible con todas nuestras bacas, la hemos dise\u00f1ado como una actualizaci\u00f3n. S\u00f3lo tienes que seleccionar el producto adecuado para tu veh\u00edculo, por ejemplo, la <a href=\"https:\/\/hgm-rack.at\/produkt\/dachtraeger-vw-t5-t6-kurzer-radstand\/\" class=\"broken_link\">baca VW T6<\/a>, y a\u00f1adir la mejora. Por supuesto, todas nuestras luces intermitentes cumplen la norma ECE R65.     <\/p>\n<p><strong>\u00a1La baca en s\u00ed no est\u00e1 incluida en el volumen de suministro!<\/strong><\/p>\n<p>La mejora del veh\u00edculo de sustituci\u00f3n de la baca incluye:<\/p>\n<ol>\n<li>Fascia trasera con faros e intermitentes en amarillo y azul<\/li>\n<li>4x iluminaci\u00f3n ambiental<\/li>\n<li>Ra\u00edles de avi\u00f3n a ambos lados<\/li>\n<li>Faros delanteros con intermitentes en amarillo y azul<\/li>\n<li>Barra de luz azul<\/li>\n<li>Caja de tiras con mando a distancia<\/li>\n<li>Juego de cables para instalar sin taladrar el veh\u00edculo<\/li>\n<li>5 travesa\u00f1os adicionales (batalla larga 7 travesa\u00f1os adicionales)<\/li>\n<\/ol>\n<p><strong>Iluminaci\u00f3n:<\/strong><\/p>\n<p>Nuestras luces delanteras y traseras est\u00e1n equipadas con intermitentes \u00e1mbar integrados y tienen una luminosidad insuperable de \u00a12.200 l\u00famenes!<\/p>\n<p>La iluminaci\u00f3n ambiental ilumina tu lugar de trabajo con 4x 2800 l\u00famenes, \u00a1imprescindible para tu trabajo!<\/p>\n<p>Los radares se encienden autom\u00e1ticamente junto con los radares \u00e1mbar integrados en los faros, una caracter\u00edstica importante si, por ejemplo, hay que controlar el tr\u00e1fico, etc., y no est\u00e1 permitido el uso de la luz azul.<\/p>\n<p><strong>Rieles a\u00e9reos:<\/strong><\/p>\n<p>Si necesitas acoplar equipos adicionales que ya no caben en el techo, la mejora incluye ra\u00edles de l\u00ednea a\u00e9rea. Aqu\u00ed puedes fijar f\u00e1cilmente tus herramientas espec\u00edficas mediante racores o insertos roscados. Ideal para herramientas que se utilizan con frecuencia y deben ser inmediatamente accesibles desde el suelo.  <\/p>\n<p><strong>Travesa\u00f1os adicionales:<\/strong><\/p>\n<p>El volumen de suministro tambi\u00e9n incluye la ampliaci\u00f3n a un puntal completo, que garantiza el m\u00e1ximo aprovechamiento del espacio en el techo. Por supuesto, se pueden ampliar con todos los accesorios, como <a href=\"https:\/\/hgm-rack.at\/es\/producto\/labio-de-goma-para-perfil-de-aluminio-estandar-40x40\/\">labios de goma<\/a> u <a href=\"https:\/\/hgm-rack.at\/es\/producto\/bloqueo-de-transporte-ajustable-simple\/\">ojales de amarre<\/a>. <\/p>\n<p><strong>Control sencillo:<\/strong><\/p>\n<p>Todo el sistema de iluminaci\u00f3n se controla c\u00f3modamente mediante un mando a distancia. Esto te permite controlar todas las funciones de iluminaci\u00f3n sin distraer al piloto durante la conducci\u00f3n. El manejo intuitivo convierte el manejo en un juego de ni\u00f1os y te permite reaccionar directamente a las necesidades respectivas. Nuestro sistema de control tambi\u00e9n te ofrece la opci\u00f3n de controlar la iluminaci\u00f3n mediante un panel de interruptores instalado de forma permanente en la cabina, aunque para ello hay que tender cables adicionales. Esto no est\u00e1 incluido en el volumen de suministro, pero se puede obtener a petici\u00f3n.    <\/p>\n<p><strong>Barra de luz azul:<\/strong><\/p>\n<ul>\n<li>Longitud del haz: 140 \u00f3 150 cm (seg\u00fan el modelo de veh\u00edculo)<\/li>\n<li>N\u00famero de m\u00f3dulos LED: Configuraci\u00f3n m\u00ednima a parcial (seg\u00fan las necesidades del cliente), 3 LED por m\u00f3dulo<\/li>\n<li>Colores de advertencia: amarillo, azul, rojo, verde (azul o amarillo est\u00e1ndar)<\/li>\n<li>Color del cap\u00f3: amarillo, azul, rojo, verde, claro-transparente<\/li>\n<li>Opci\u00f3n de doble color, por ejemplo, amarillo\/azul conmutable<\/li>\n<li>Varias opciones adicionales: Altavoz, luces de trabajo, pantalla Follow-ME, reflector, indicador de direcci\u00f3n, luz de freno, anuncio de voz, bocina de seguimiento, sirena<\/li>\n<li>Puedes encontrar informaci\u00f3n sobre accesorios en <a href=\"http:\/\/intersignal.at\" target=\"_blank\" rel=\"noopener\">Intersignal.at <\/a> <\/li>\n<\/ul>\n<p><strong>Instalaci\u00f3n sin taladrar agujeros: <\/strong>La instalaci\u00f3n del juego de extensi\u00f3n es sencilla e innecesariamente invasiva. No necesitas taladrar ning\u00fan agujero en el coche, lo que preserva la integridad del veh\u00edculo y permite desmontarlo f\u00e1cilmente si es necesario. Todos los componentes est\u00e1n dise\u00f1ados para integrarse perfectamente en la baca existente.  <\/p>\n<p><strong>Conclusi\u00f3n: <\/strong>Convierte tu baca en un veh\u00edculo de emergencia totalmente equipado con este eficaz juego de extensiones. M\u00e1s seguro, m\u00e1s pr\u00e1ctico y listo de inmediato para acompa\u00f1arte en cualquier aventura. Ideal para quien quiera sacar m\u00e1s partido a su veh\u00edculo sin tener que hacer concesiones.  <\/p>\n<p>Por supuesto, este producto puede configurarse en innumerables variaciones. Si esta versi\u00f3n no se ajusta a tus necesidades, env\u00edanos un correo electr\u00f3nico y elaboraremos contigo el producto perfecto.<\/p>\n","protected":false},"excerpt":{"rendered":"<p>Nuestra nueva serie Rescue Rack para veh\u00edculos de emergencia. Equipado con luces intermitentes \u00e1mbar y azul, faros delanteros, faros traseros e iluminaci\u00f3n ambiental. <\/p>\n","protected":false},"featured_media":25995099,"comment_status":"open","ping_status":"closed","template":"","meta":{"_acf_changed":false,"_et_pb_use_builder":"","_et_pb_old_content":"","_et_gb_content_width":""},"product_brand":[],"product_cat":[1186,1298],"product_tag":[],"class_list":{"0":"post-26004962","1":"product","2":"type-product","3":"status-publish","4":"has-post-thumbnail","6":"product_cat-accesorios","7":"product_cat-faros","8":"product_shipping_class-clase-de-envio-xxl","10":"first","11":"instock","12":"taxable","13":"shipping-taxable","14":"purchasable","15":"product-type-simple"},"acf":[],"gallery_images":[25995085,25995095,25995110,25995115,25995105],"_links":{"self":[{"href":"https:\/\/hgm-rack.at\/es\/wp-json\/wp\/v2\/product\/26004962","targetHints":{"allow":["GET"]}}],"collection":[{"href":"https:\/\/hgm-rack.at\/es\/wp-json\/wp\/v2\/product"}],"about":[{"href":"https:\/\/hgm-rack.at\/es\/wp-json\/wp\/v2\/types\/product"}],"replies":[{"embeddable":true,"href":"https:\/\/hgm-rack.at\/es\/wp-json\/wp\/v2\/comments?post=26004962"}],"wp:featuredmedia":[{"embeddable":true,"href":"https:\/\/hgm-rack.at\/es\/wp-json\/wp\/v2\/media\/25995099"}],"wp:attachment":[{"href":"https:\/\/hgm-rack.at\/es\/wp-json\/wp\/v2\/media?parent=26004962"}],"wp:term":[{"taxonomy":"product_brand","embeddable":true,"href":"https:\/\/hgm-rack.at\/es\/wp-json\/wp\/v2\/product_brand?post=26004962"},{"taxonomy":"product_cat","embeddable":true,"href":"https:\/\/hgm-rack.at\/es\/wp-json\/wp\/v2\/product_cat?post=26004962"},{"taxonomy":"product_tag","embeddable":true,"href":"https:\/\/hgm-rack.at\/es\/wp-json\/wp\/v2\/product_tag?post=26004962"}],"curies":[{"name":"wp","href":"https:\/\/api.w.org\/{rel}","templated":true}]}}