{"id":26004986,"date":"2025-01-09T11:19:27","date_gmt":"2025-01-09T10:19:27","guid":{"rendered":"https:\/\/hgm-rack.at\/produkt\/soporte-baca-flexi-vw-t6\/"},"modified":"2025-05-06T11:38:03","modified_gmt":"2025-05-06T09:38:03","slug":"soporte-baca-flexi-vw-t6","status":"publish","type":"product","link":"https:\/\/hgm-rack.at\/es\/producto\/soporte-baca-flexi-vw-t6\/","title":{"rendered":"Soporte baca Flexi VW T6"},"content":{"rendered":"<h2>Soporte baca Flexi VW T6<\/h2>\n<p>El soporte de baca Flexi VW T6 es la soluci\u00f3n perfecta para quien busque un soporte de baca robusto, flexible y f\u00e1cil de instalar para su proyecto de bricolaje. Estos soportes no s\u00f3lo ofrecen alta calidad y r\u00e1pida instalaci\u00f3n, sino tambi\u00e9n personalizaci\u00f3n individual, por lo que son ideales para cualquier proyecto de bricolaje. Gracias a su sofisticado dise\u00f1o, incluso los mec\u00e1nicos sin experiencia pueden fijar f\u00e1cilmente los soportes a su veh\u00edculo y mejorar as\u00ed su VW T6 para una amplia gama de aplicaciones.  <\/p>\n<p><strong>Montaje sencillo: ideal para proyectos de bricolaje<\/strong><\/p>\n<p>Los soportes de baca Flexi se caracterizan por su instalaci\u00f3n especialmente sencilla. No se requieren conocimientos previos especiales para fijar los soportes al veh\u00edculo. Unas instrucciones detalladas te guiar\u00e1n paso a paso por el proceso de instalaci\u00f3n para que puedas montar el portaequipajes perfecto de forma r\u00e1pida y segura, incluso sin mucha experiencia. Esto es una gran ventaja, especialmente para los aficionados al bricolaje: puedes realizar tus proyectos t\u00fa mismo con el m\u00ednimo esfuerzo y disfrutar de la comodidad de un portaequipajes personalizado.   <\/p>\n<p><strong>Altura regulable: flexibilidad de uso<\/strong><\/p>\n<p>Una caracter\u00edstica destacada del soporte Flexi para baca de VW T6 es que se puede ajustar en altura. El soporte puede ajustarse en un rango de 63 a 78 mm. Esto te da la flexibilidad que necesitas para adaptar el soporte de forma ideal a los requisitos espec\u00edficos de tu veh\u00edculo y tu carga. Tanto si quieres transportar objetos voluminosos como asegurar materiales delicados en el techo de tu VW T5, la adaptabilidad de los soportes Flexi garantiza una fijaci\u00f3n segura y estable de las barras transversales.   <\/p>\n<p><strong>Cuerpo plano &#8211; ideal para el VW T6<\/strong><\/p>\n<p>Gracias a las dimensiones exactamente adaptadas, en el centro del techo de la VW T5 sigue habiendo un hueco de unos 2 cm hasta el techo en la posici\u00f3n m\u00e1s baja. Esto corresponde a un aumento de altura de 6-7 cm cuando se utilizan <a href=\"https:\/\/hgm-rack.at\/es\/producto\/travesano-estandar\/\">perfiles de aluminio 40&#215;40<\/a>. Esta baja altura garantiza una estructura especialmente plana, que no s\u00f3lo mejora la aerodin\u00e1mica del veh\u00edculo, sino que tambi\u00e9n minimiza la resistencia al aire y el consumo de combustible. Al mismo tiempo, hay espacio suficiente para sujetar la carga al techo de forma segura, sin que la baca afee el aspecto o la funcionalidad del veh\u00edculo. Con estos soportes para baca, puedes aprovechar al m\u00e1ximo el VW T5 para proyectos de transporte o viajes.    <\/p>\n<p><strong>Robusto y fiable: listo para cualquier aventura<\/strong><\/p>\n<p>Nuestro soporte para baca Flexi VW T6 no s\u00f3lo es f\u00e1cil de instalar, sino tambi\u00e9n extremadamente robusto. La alta calidad de los materiales utilizados garantiza que los soportes funcionen de forma fiable incluso en condiciones exigentes. Tanto si conduces habitualmente largas distancias, como si viajas en diferentes condiciones meteorol\u00f3gicas o necesitas transportar cargas pesadas, los soportes Flexi te ofrecen la estabilidad y durabilidad que necesitas para transportar tu equipo con seguridad y disfrutar de tus viajes sin preocupaciones.  <\/p>\n<p><strong>Perfecto para cada proyecto y cada viaje<\/strong><\/p>\n<p>Con el soporte de baca Flexi para la VW T6, tienes a tu lado un compa\u00f1ero adecuado tanto para uso privado como comercial. Ya sea para escapadas de fin de semana, vacaciones de camping o transporte profesional de equipos, estos soportes te ofrecen la versatilidad que necesitas para sacar el m\u00e1ximo partido a tus proyectos y viajes. <\/p>\n<p>Conf\u00eda en la calidad, la flexibilidad y la facilidad de manejo: con el soporte de baca Flexi para el VW T6, tienes la base ideal para cualquier aventura. \u00a1Monta tu baca perfecta y experimenta lo f\u00e1cil y c\u00f3modo que puede ser transportar cargas! <\/p>\n<h3>Soporte de baca Flexi VW T6, \u00bfqu\u00e9 se incluye en el volumen de suministro?<\/h3>\n<ul>\n<li>Parte inferior del soporte flexible con junta (acero inoxidable de 3 mm)<\/li>\n<li>Parte superior del soporte Flexi (acero inoxidable de 3 mm)<\/li>\n<li>Juego de tornillos<\/li>\n<li>Cierres de seguridad de pl\u00e1stico para ajustar la altura<\/li>\n<\/ul>\n<p>\u00bfQuieres saber qu\u00e9 esperar durante la instalaci\u00f3n? Echa un vistazo a nuestro <a href=\"https:\/\/www.youtube.com\/watch?v=8QSfa3_qDdg\" rel=\"nofollow noopener\" target=\"_blank\">v\u00eddeo de instalaci\u00f3n <\/a>. Cuando pidas un Tejado Flexi 250 o Flexi 300, estos soportes se incluyen, por supuesto, en el volumen de suministro.  <\/p>\n<p>\u00a1Divi\u00e9rtete construyendo tu baca con HGM-Rack!<\/p>\n","protected":false},"excerpt":{"rendered":"<h1>Soporte baca Flexi VW T6<\/h1>\n<p>\u00a1La piedra angular de tu proyecto de bricolaje!<\/p>\n","protected":false},"featured_media":26008897,"comment_status":"open","ping_status":"closed","template":"","meta":{"_acf_changed":false,"_et_pb_use_builder":"","_et_pb_old_content":"","_et_gb_content_width":""},"product_brand":[],"product_cat":[1112,1114],"product_tag":[],"class_list":{"0":"post-26004986","1":"product","2":"type-product","3":"status-publish","4":"has-post-thumbnail","6":"product_cat-vw-es","7":"product_cat-vw-t6-es","8":"product_shipping_class-clase-de-envio-pequena-es","9":"pa_zubehoer-excl-tuerca-deslizante-para-perfil-de-aluminio-40x40","10":"pa_zubehoer-incl-tuerca-deslizante-para-perfil-de-aluminio-40x40","12":"first","13":"instock","14":"taxable","15":"shipping-taxable","16":"purchasable","17":"product-type-variable"},"acf":[],"gallery_images":[26008902,26008908,26008923,25993309],"_links":{"self":[{"href":"https:\/\/hgm-rack.at\/es\/wp-json\/wp\/v2\/product\/26004986","targetHints":{"allow":["GET"]}}],"collection":[{"href":"https:\/\/hgm-rack.at\/es\/wp-json\/wp\/v2\/product"}],"about":[{"href":"https:\/\/hgm-rack.at\/es\/wp-json\/wp\/v2\/types\/product"}],"replies":[{"embeddable":true,"href":"https:\/\/hgm-rack.at\/es\/wp-json\/wp\/v2\/comments?post=26004986"}],"wp:featuredmedia":[{"embeddable":true,"href":"https:\/\/hgm-rack.at\/es\/wp-json\/wp\/v2\/media\/26008897"}],"wp:attachment":[{"href":"https:\/\/hgm-rack.at\/es\/wp-json\/wp\/v2\/media?parent=26004986"}],"wp:term":[{"taxonomy":"product_brand","embeddable":true,"href":"https:\/\/hgm-rack.at\/es\/wp-json\/wp\/v2\/product_brand?post=26004986"},{"taxonomy":"product_cat","embeddable":true,"href":"https:\/\/hgm-rack.at\/es\/wp-json\/wp\/v2\/product_cat?post=26004986"},{"taxonomy":"product_tag","embeddable":true,"href":"https:\/\/hgm-rack.at\/es\/wp-json\/wp\/v2\/product_tag?post=26004986"}],"curies":[{"name":"wp","href":"https:\/\/api.w.org\/{rel}","templated":true}]}}