{"id":26004987,"date":"2025-01-07T10:29:53","date_gmt":"2025-01-07T09:29:53","guid":{"rendered":"https:\/\/hgm-rack.at\/produkt\/baca-vw-t5-batalla-larga\/"},"modified":"2025-06-09T14:49:27","modified_gmt":"2025-06-09T12:49:27","slug":"baca-vw-t5-batalla-larga","status":"publish","type":"product","link":"https:\/\/hgm-rack.at\/es\/producto\/baca-vw-t5-batalla-larga\/","title":{"rendered":"Baca VW T5 batalla larga"},"content":{"rendered":"<h2><strong>Baca VW T5 de batalla larga de la serie Flexi 300.<\/strong><\/h2>\n<p>&nbsp;<\/p>\n<p>La <strong>baca Flexi 300 VW T5 <\/strong>no s\u00f3lo ofrece una funcionalidad inigualable, sino tambi\u00e9n numerosas opciones de personalizaci\u00f3n para satisfacer tus necesidades. Con un perfil bajo de s\u00f3lo 7 cm, sigue siendo aerodin\u00e1mico y eficiente, mientras que t\u00fa te beneficias de su vers\u00e1til capacidad de ampliaci\u00f3n. Tanto si utilizas la baca para transportar equipos de ocio y acampada como para aplicaciones profesionales, la Flexi 300 te proporciona una base estable.  <\/p>\n<p>Un aspecto destacado es la facilidad de instalaci\u00f3n de accesorios, que puede hacerse sin taladrar agujeros gracias al sistema Nut-8. Esto te permite acoplar con flexibilidad accesorios como sistemas de amarre, toldos o faros. Adem\u00e1s, el <strong>sistema fotovoltaico<\/strong> opcional garantiza un suministro de energ\u00eda respetuoso con el medio ambiente durante el viaje, perfecto para viajes m\u00e1s largos o como complemento de la <a href=\"https:\/\/hgm-rack.at\/es\/producto\/tienda-de-techo-sheepie-bookara-2-0\/\">tienda de campa\u00f1a de techo<\/a>. El <strong>juego de placas<\/strong> transforma la baca en una pr\u00e1ctica terraza solar que favorece una agradable refrigeraci\u00f3n en el interior del veh\u00edculo.    El <strong>panel trasero<\/strong> no s\u00f3lo mejora el aspecto, sino que tambi\u00e9n permite integrar <strong>faros traseros<\/strong> para optimizar la visibilidad en la oscuridad.<\/p>\n<p>Gracias a sus robustos componentes de acero inoxidable y a su recubrimiento en polvo de alta calidad, el portaequipajes Flexi 300 para VW T5 de batalla larga soporta cualquier condici\u00f3n meteorol\u00f3gica y sigue siendo fiable incluso en las condiciones m\u00e1s duras. Por tanto, el <strong>Flexi 300<\/strong> es la elecci\u00f3n ideal para cualquiera que valore la flexibilidad, la estabilidad y el dise\u00f1o. <\/p>\n<h3><strong>\u00bfQu\u00e9 caracter\u00edsticas tiene el portaequipajes VW T5?<\/strong><\/h3>\n<p><strong>Presenta paneles laterales:<\/strong><\/p>\n<ul>\n<li>Fabricado en acero inoxidable de 3 mm con 3 capas de recubrimiento en polvo para una larga vida \u00fatil<\/li>\n<li>Longitud aprox. 3000 mm<\/li>\n<li>Orificios preparados de 6 y 8 mm para montar accesorios<\/li>\n<li>Prepara agujeros de 20 mm para que pasen los tapones DT<\/li>\n<li>En la parte superior se pueden montar hasta 26 <a href=\"https:\/\/hgm-rack.at\/es\/producto\/punto-de-la-linea-aerea\/\">puntos de amarre para l\u00edneas a\u00e9reas<\/a> <\/li>\n<\/ul>\n<p><strong>Presenta travesa\u00f1o:<\/strong><\/p>\n<ul>\n<li>Perfil de aluminio 40&#215;40, anodizado negro con recubrimiento adicional de polvo<\/li>\n<li>Anchura 1400 mm<\/li>\n<li>Adecuado para los accesorios de la ranura 8<\/li>\n<li>Los accesorios pueden montarse en cualquier lugar sin taladrar agujeros utilizando nuestros tacos deslizantes.<\/li>\n<li>Recomendamos colocar nuestros <a href=\"https:\/\/hgm-rack.at\/es\/producto\/labio-de-goma-para-perfil-de-aluminio-estandar-40x40\/\">labios de goma <\/a> para proteger la carga y el travesa\u00f1o y evitar que resbalen  <\/li>\n<\/ul>\n<p><strong>Incorpora deflector de viento:<\/strong><\/p>\n<ul>\n<li>Fabricado en acero inoxidable de 3 mm con 3 capas de recubrimiento en polvo<\/li>\n<li>Anchura 1400 mm<\/li>\n<li>Con embellecedores o faros LED, seg\u00fan tu elecci\u00f3n<\/li>\n<\/ul>\n<p><strong>Caracter\u00edsticas del panel trasero:<\/strong><\/p>\n<ul>\n<li>El embellecedor trasero opcional proporciona una mejor visi\u00f3n de la parte trasera.<\/li>\n<li>Posibilidad de instalar luces traseras.<\/li>\n<li>Punto negativo: puede estorbar al montar tiendas de campa\u00f1a de techo que se atornillan desde abajo.<\/li>\n<\/ul>\n<p><strong>Incorpora faros delanteros y traseros:<\/strong><\/p>\n<ul>\n<li>Los focos impresionan con una potencia luminosa de 2450 l\u00famenes y un consumo de 30 vatios por foco.<\/li>\n<li>Cada par de focos se suministra con un cable de conexi\u00f3n de 250 cm.<\/li>\n<li>Funci\u00f3n de radar de velocidad integrada disponible bajo pedido (+99 \u20ac por par de faros)<\/li>\n<li>Permitidos como faros de trabajo (no deben conectarse a la luz de carretera)<\/li>\n<li>Control mediante mando a distancia con nuestro Kit de mando a distancia (\u00a1no incluido!)<\/li>\n<\/ul>\n<p><strong>Funciones fotovoltaicas:<\/strong><\/p>\n<ul>\n<li>Panel FV de 150w con soportes para montaje en el travesa\u00f1o<\/li>\n<li>El panel est\u00e1 m\u00e1s bajo que el travesa\u00f1o, por lo que a\u00fan puedes cargar c\u00f3modamente por encima de \u00e9l<\/li>\n<\/ul>\n<p><strong>Volumen de suministro:<\/strong><\/p>\n<ul>\n<li>Soportes para montaje en el veh\u00edculo incl. material de montaje <\/li>\n<li>Travesa\u00f1o (cantidad seg\u00fan configuraci\u00f3n) incl. Material de montaje <\/li>\n<li>Paneles laterales incl. material de montaje <\/li>\n<li>Parabrisas con tapas ciegas o faros (seg\u00fan la configuraci\u00f3n)<\/li>\n<li>Otros accesorios (seg\u00fan la configuraci\u00f3n)<\/li>\n<li>Instrucciones<\/li>\n<\/ul>\n<p><strong>Env\u00edo:  <\/strong><\/p>\n<p>El env\u00edo es gratuito para pedidos superiores a 1000 euros. Debido al tama\u00f1o y peso de los art\u00edculos, ser\u00e1n enviados en cajas de madera o pal\u00e9s por un transportista. Aseg\u00farate de introducir un n\u00famero de tel\u00e9fono correcto para que el transportista pueda concertar contigo una fecha de entrega. Elige siempre una direcci\u00f3n de env\u00edo en la que el acceso del cami\u00f3n y la descarga sean posibles sin problemas. Ten siempre en cuenta que el env\u00edo por una empresa de transportes tarda un poco m\u00e1s que un servicio de paqueter\u00eda, pero para nosotros es m\u00e1s importante que tu nueva baca llegue sin da\u00f1os.    <\/p>\n<p>&nbsp;<\/p>\n<p>En principio, las superestructuras de tejado no est\u00e1n sujetas a registro, pero en general siempre a discreci\u00f3n del experto. Observa siempre la normativa legal de tu pa\u00eds. Si tienes m\u00e1s preguntas sobre la baca para VW T5 de batalla larga, no dudes en ponerte en contacto con nosotros. Puedes encontrar m\u00e1s accesorios de camping y tiendas de campa\u00f1a de techo que no est\u00e1n disponibles en la tienda en nuestra empresa asociada <a href=\"https:\/\/www.inter-trade.at\/\" target=\"_blank\" rel=\"noopener\">Inter-trade.at<\/a>   <\/p>\n","protected":false},"excerpt":{"rendered":"<h1><strong>Baca VW T5 batalla larga. Configura ahora la baca de tus sue\u00f1os. <\/strong><\/h1>\n","protected":false},"featured_media":26004505,"comment_status":"open","ping_status":"closed","template":"","meta":{"_acf_changed":false,"_et_pb_use_builder":"","_et_pb_old_content":"","_et_gb_content_width":""},"product_brand":[],"product_cat":[1112,1116],"product_tag":[],"class_list":{"0":"post-26004987","1":"product","2":"type-product","3":"status-publish","4":"has-post-thumbnail","6":"product_cat-vw-es","7":"product_cat-vw-t5-es","8":"pa_befestigung-puntos-fijos-de-montaje-vw-t5-t6","9":"pa_befestigung-vw-t5-t6-c-rail-es","10":"pa_oben-11-barras-transversales-con-modulo-fv-de-150w","11":"pa_oben-13-travesano","12":"pa_oben-6-barras-transversales-con-modulo-fv-de-150w","13":"pa_oben-travesano-estandar-5","15":"first","16":"instock","17":"taxable","18":"shipping-taxable","19":"purchasable","20":"product-type-variable"},"acf":[],"gallery_images":[26004049,26008946,26008966],"_links":{"self":[{"href":"https:\/\/hgm-rack.at\/es\/wp-json\/wp\/v2\/product\/26004987","targetHints":{"allow":["GET"]}}],"collection":[{"href":"https:\/\/hgm-rack.at\/es\/wp-json\/wp\/v2\/product"}],"about":[{"href":"https:\/\/hgm-rack.at\/es\/wp-json\/wp\/v2\/types\/product"}],"replies":[{"embeddable":true,"href":"https:\/\/hgm-rack.at\/es\/wp-json\/wp\/v2\/comments?post=26004987"}],"wp:featuredmedia":[{"embeddable":true,"href":"https:\/\/hgm-rack.at\/es\/wp-json\/wp\/v2\/media\/26004505"}],"wp:attachment":[{"href":"https:\/\/hgm-rack.at\/es\/wp-json\/wp\/v2\/media?parent=26004987"}],"wp:term":[{"taxonomy":"product_brand","embeddable":true,"href":"https:\/\/hgm-rack.at\/es\/wp-json\/wp\/v2\/product_brand?post=26004987"},{"taxonomy":"product_cat","embeddable":true,"href":"https:\/\/hgm-rack.at\/es\/wp-json\/wp\/v2\/product_cat?post=26004987"},{"taxonomy":"product_tag","embeddable":true,"href":"https:\/\/hgm-rack.at\/es\/wp-json\/wp\/v2\/product_tag?post=26004987"}],"curies":[{"name":"wp","href":"https:\/\/api.w.org\/{rel}","templated":true}]}}