{"id":26008620,"date":"2025-05-24T17:25:49","date_gmt":"2025-05-24T15:25:49","guid":{"rendered":"https:\/\/hgm-rack.at\/produkt\/iluminacion-ambiental\/"},"modified":"2025-06-09T14:50:28","modified_gmt":"2025-06-09T12:50:28","slug":"iluminacion-ambiental","status":"publish","type":"product","link":"https:\/\/hgm-rack.at\/es\/producto\/iluminacion-ambiental\/","title":{"rendered":"Iluminaci\u00f3n ambiental"},"content":{"rendered":"<p>Iluminaci\u00f3n de ambiente para montar en los paneles laterales delanteros o traseros de tu baca Flexi 250, 300 \u00f3 325. El Flexi 325 tambi\u00e9n se puede montar en el centro. <\/p>\n<p>Si instalas 2 unidades en un lado, puedes conectarlas a una salida de tu<a href=\"https:\/\/hgm-rack.at\/es\/producto\/mando-a-distancia-de-los-faros\/\"> caja a distancia<\/a> utilizando el juego de cables suministrado. Si instalas iluminaci\u00f3n ambiental en ambos lados, pide 2 individuales para que tambi\u00e9n haya 2 cables de conexi\u00f3n. <\/p>\n","protected":false},"excerpt":{"rendered":"<p><strong>Iluminaci\u00f3n ambiental para los paneles laterales de tu baca<\/strong><\/p>\n","protected":false},"featured_media":26005356,"comment_status":"open","ping_status":"closed","template":"","meta":{"_acf_changed":false,"_et_pb_use_builder":"","_et_pb_old_content":"","_et_gb_content_width":""},"product_brand":[],"product_cat":[1298],"product_tag":[],"class_list":{"0":"post-26008620","1":"product","2":"type-product","3":"status-publish","4":"has-post-thumbnail","6":"product_cat-faros","7":"product_shipping_class-clase-de-envio-pequena-es","8":"pa_anzahl-1xiluminacion-ambiental","9":"pa_anzahl-2x-iluminacion-ambiental-para-1-lado","11":"first","12":"instock","13":"taxable","14":"shipping-taxable","15":"purchasable","16":"product-type-variable"},"acf":[],"gallery_images":[25995119],"_links":{"self":[{"href":"https:\/\/hgm-rack.at\/es\/wp-json\/wp\/v2\/product\/26008620","targetHints":{"allow":["GET"]}}],"collection":[{"href":"https:\/\/hgm-rack.at\/es\/wp-json\/wp\/v2\/product"}],"about":[{"href":"https:\/\/hgm-rack.at\/es\/wp-json\/wp\/v2\/types\/product"}],"replies":[{"embeddable":true,"href":"https:\/\/hgm-rack.at\/es\/wp-json\/wp\/v2\/comments?post=26008620"}],"wp:featuredmedia":[{"embeddable":true,"href":"https:\/\/hgm-rack.at\/es\/wp-json\/wp\/v2\/media\/26005356"}],"wp:attachment":[{"href":"https:\/\/hgm-rack.at\/es\/wp-json\/wp\/v2\/media?parent=26008620"}],"wp:term":[{"taxonomy":"product_brand","embeddable":true,"href":"https:\/\/hgm-rack.at\/es\/wp-json\/wp\/v2\/product_brand?post=26008620"},{"taxonomy":"product_cat","embeddable":true,"href":"https:\/\/hgm-rack.at\/es\/wp-json\/wp\/v2\/product_cat?post=26008620"},{"taxonomy":"product_tag","embeddable":true,"href":"https:\/\/hgm-rack.at\/es\/wp-json\/wp\/v2\/product_tag?post=26008620"}],"curies":[{"name":"wp","href":"https:\/\/api.w.org\/{rel}","templated":true}]}}