{"id":25992191,"date":"2024-09-06T09:48:21","date_gmt":"2024-09-06T07:48:21","guid":{"rendered":"https:\/\/hgm-rack.at\/modes-de-paiement\/"},"modified":"2024-09-06T09:48:25","modified_gmt":"2024-09-06T07:48:25","slug":"modes-de-paiement","status":"publish","type":"page","link":"https:\/\/hgm-rack.at\/fr\/modes-de-paiement\/","title":{"rendered":"Modes de paiement"},"content":{"rendered":"<p>[et_pb_section fb_built=\u00a0\u00bb1&Prime; admin_label=\u00a0\u00bbsection\u00a0\u00bb _builder_version=\u00a0\u00bb3.22&Prime;][et_pb_row admin_label=\u00a0\u00bbrow\u00a0\u00bb _builder_version=\u00a0\u00bb3.25&Prime; background_size=\u00a0\u00bbinitial\u00a0\u00bb background_position=\u00a0\u00bbtop_left\u00a0\u00bb background_repeat=\u00a0\u00bbrepeat\u00a0\u00bb][et_pb_column type=\u00a0\u00bb4_4&Prime; _builder_version=\u00a0\u00bb3.25&Prime; custom_padding=\u00a0\u00bb|||\u00a0\u00bb custom_padding__hover=\u00a0\u00bb|||\u00a0\u00bb][et_pb_text admin_label=\u00a0\u00bbText\u00a0\u00bb _builder_version=\u00a0\u00bb4.9.3&Prime; background_size=\u00a0\u00bbinitial\u00a0\u00bb background_position=\u00a0\u00bbtop_left\u00a0\u00bb background_repeat=\u00a0\u00bbrepeat\u00a0\u00bb hover_enabled=\u00a0\u00bb0&Prime; sticky_enabled=\u00a0\u00bb0&Prime;]<\/p>\n<h1><strong>Modes de paiement<\/strong><\/h1>\n<p><strong><\/strong><\/p>\n<p>Nous vous proposons les modes de paiement suivants. Il vous suffit de choisir le mode de paiement qui vous convient le mieux. Les frais de livraison d\u00e9pendent en partie du mode de paiement choisi. Les prix indiqu\u00e9s dans les offres respectives sont des prix finaux. Ils comprennent tous les \u00e9l\u00e9ments du prix, y compris les \u00e9ventuelles taxes applicables telles que la TVA.<\/p>\n<p>Ce n&rsquo;est qu&rsquo;en cas de livraison transfrontali\u00e8re que d&rsquo;autres imp\u00f4ts (par exemple en cas d&rsquo;acquisition intracommunautaire) et\/ou taxes (par exemple droits de douane) peuvent, dans certains cas, \u00eatre \u00e0 votre charge, non pas au vendeur mais aux autorit\u00e9s douani\u00e8res ou fiscales locales comp\u00e9tentes. Les frais de livraison et d&rsquo;exp\u00e9dition ne sont pas compris dans le prix d&rsquo;achat, ils peuvent \u00eatre consult\u00e9s sur la page \u00ab\u00a0Frais d&rsquo;exp\u00e9dition\u00a0\u00bb, sont indiqu\u00e9s s\u00e9par\u00e9ment au cours du processus de commande et sont \u00e0 votre charge en sus.<\/p>\n<p>&nbsp;<\/p>\n<h3><em>PayPal<\/em><\/h3>\n<p>Payer encore plus rapidement et en toute s\u00e9curit\u00e9 avec son compte PayPal.<\/p>\n<\/p>\n<h3>Virement bancaire<\/h3>\n<p>Commandez et payez le prix d&rsquo;achat sur le compte bancaire ci-dessous.<br \/>Titulaire du compte : Martin Hopfgartner<br \/>Institut de cr\u00e9dit : Raiffeisen Bank Oberes Drautal<br \/>IBAN : AT043932200000142851<\/p>\n<\/p>\n<h3>Klarna<\/h3>\n<p>( uniquement possible pour les envois vers l&rsquo;Autriche et l&rsquo;Allemagne )<br \/>Payer imm\u00e9diatement et en toute s\u00e9curit\u00e9 gr\u00e2ce \u00e0 Klarna.<\/p>\n<p>&nbsp;<\/p>\n<p>[\/et_pb_text][\/et_pb_column][\/et_pb_row][\/et_pb_section]<\/p>\n","protected":false},"excerpt":{"rendered":"<p>Modes de paiement Nous vous proposons les modes de paiement suivants. Il vous suffit de choisir le mode de paiement qui vous convient le mieux. Les frais de livraison d\u00e9pendent en partie du mode de paiement choisi. Les prix indiqu\u00e9s dans les offres respectives sont des prix finaux. Ils comprennent tous les \u00e9l\u00e9ments du prix, [&hellip;]<\/p>\n","protected":false},"author":2,"featured_media":0,"parent":0,"menu_order":0,"comment_status":"closed","ping_status":"closed","template":"","meta":{"_acf_changed":false,"_et_pb_use_builder":"on","_et_pb_old_content":"","_et_gb_content_width":"","footnotes":""},"class_list":["post-25992191","page","type-page","status-publish","hentry"],"acf":[],"_links":{"self":[{"href":"https:\/\/hgm-rack.at\/fr\/wp-json\/wp\/v2\/pages\/25992191","targetHints":{"allow":["GET"]}}],"collection":[{"href":"https:\/\/hgm-rack.at\/fr\/wp-json\/wp\/v2\/pages"}],"about":[{"href":"https:\/\/hgm-rack.at\/fr\/wp-json\/wp\/v2\/types\/page"}],"author":[{"embeddable":true,"href":"https:\/\/hgm-rack.at\/fr\/wp-json\/wp\/v2\/users\/2"}],"replies":[{"embeddable":true,"href":"https:\/\/hgm-rack.at\/fr\/wp-json\/wp\/v2\/comments?post=25992191"}],"version-history":[{"count":5,"href":"https:\/\/hgm-rack.at\/fr\/wp-json\/wp\/v2\/pages\/25992191\/revisions"}],"predecessor-version":[{"id":25992207,"href":"https:\/\/hgm-rack.at\/fr\/wp-json\/wp\/v2\/pages\/25992191\/revisions\/25992207"}],"wp:attachment":[{"href":"https:\/\/hgm-rack.at\/fr\/wp-json\/wp\/v2\/media?parent=25992191"}],"curies":[{"name":"wp","href":"https:\/\/api.w.org\/{rel}","templated":true}]}}