{"id":25992195,"date":"2024-09-06T09:48:23","date_gmt":"2024-09-06T07:48:23","guid":{"rendered":"https:\/\/hgm-rack.at\/galerie\/"},"modified":"2024-09-06T09:48:25","modified_gmt":"2024-09-06T07:48:25","slug":"galerie","status":"publish","type":"page","link":"https:\/\/hgm-rack.at\/fr\/galerie\/","title":{"rendered":"Galerie"},"content":{"rendered":"<p>[et_pb_section fb_built=\u00a0\u00bb1&Prime; fullwidth=\u00a0\u00bbon\u00a0\u00bb _builder_version=\u00a0\u00bb4.16&Prime; _module_preset=\u00a0\u00bbdefault\u00a0\u00bb locked=\u00a0\u00bboff\u00a0\u00bb global_colors_info=\u00a0\u00bb{}\u00a0\u00bb][et_pb_fullwidth_header title=\u00a0\u00bbTrouve l&#039;inspiration dans notre galerie de clients.\u00a0\u00bb background_overlay_color=\u00a0\u00bbrgba(0,0,0,0.33)\u00a0\u00bb header_image_url_tablet=\u00a0\u00bb\u00a0\u00bb header_image_url_phone=\u00a0\u00bb\u00a0\u00bb header_image_url_last_edited=\u00a0\u00bbon|phone\u00a0\u00bb module_class=\u00a0\u00bbdefault-header no-line\u00a0\u00bb _builder_version=\u00a0\u00bb4.18.0&Prime; _module_preset=\u00a0\u00bbdefault\u00a0\u00bb title_text_color=\u00a0\u00bb#FFFFFF\u00a0\u00bb title_font_size=\u00a0\u00bb40px\u00a0\u00bb content_text_color=\u00a0\u00bb#FFFFFF\u00a0\u00bb background_color=\u00a0\u00bb#F4F4F4&Prime; background_image=\u00a0\u00bbhttps:\/\/hgm-rack.at\/wp-content\/uploads\/2021\/03\/T5_182-und-T5_122-nebeneinander-7.jpg\u00a0\u00bb custom_margin=\u00a0\u00bb||||false|false\u00a0\u00bb custom_padding=\u00a0\u00bb300px||300px||true|false\u00a0\u00bb custom_padding_tablet=\u00a0\u00bb100px||100px||true|false\u00a0\u00bb custom_padding_phone=\u00a0\u00bb50px||50px||true|false\u00a0\u00bb custom_padding_last_edited=\u00a0\u00bbon|phone\u00a0\u00bb title_font_size_tablet=\u00a0\u00bb33px\u00a0\u00bb title_font_size_phone=\u00a0\u00bb\u00a0\u00bb title_font_size_last_edited=\u00a0\u00bbon|phone\u00a0\u00bb global_colors_info=\u00a0\u00bb{%22gcid-2b632882-c823-460d-81ea-b920ef000dc0%22:%91%93,%22gcid-61fca462-ab62-4a79-9906-7cee76842401%22:%91%93,%22gcid-fda3dd49-cf62-4573-911e-e7fbf318a93d%22:%91%93,%22gcid-fc3ceb56-59f8-4535-93cf-59996b5258cb%22:%91%93}\u00a0\u00bb]<\/p>\n<p>Des clients satisfaits et leurs barres de toit se retrouvent dans notre galerie.<\/p>\n<p>[\/et_pb_fullwidth_header][\/et_pb_section][et_pb_section fb_built=\u00a0\u00bb1&Prime; _builder_version=\u00a0\u00bb4.16&Prime; _module_preset=\u00a0\u00bbdefault\u00a0\u00bb global_colors_info=\u00a0\u00bb{}\u00a0\u00bb][et_pb_row _builder_version=\u00a0\u00bb4.16&Prime; locked=\u00a0\u00bboff\u00a0\u00bb global_colors_info=\u00a0\u00bb{}\u00a0\u00bb][et_pb_column type=\u00a0\u00bb4_4&Prime; _builder_version=\u00a0\u00bb4.16&Prime; custom_padding=\u00a0\u00bb|||\u00a0\u00bb global_colors_info=\u00a0\u00bb{}\u00a0\u00bb custom_padding__hover=\u00a0\u00bb|||\u00a0\u00bb][et_pb_text admin_label=\u00a0\u00bbDefault Header\u00a0\u00bb module_class=\u00a0\u00bbdefault-header\u00a0\u00bb _builder_version=\u00a0\u00bb4.16&Prime; header_text_align=\u00a0\u00bbleft\u00a0\u00bb module_alignment=\u00a0\u00bbright\u00a0\u00bb global_colors_info=\u00a0\u00bb{}\u00a0\u00bb]<\/p>\n<h1>Notre galerie de clients<\/h1>\n<p><span style=\"font-size: 17px\">D\u00e9couvre de nouvelles id\u00e9es ou partage-les.<\/span><span style=\"font-size: 17px\"><\/span><\/p>\n<p>[\/et_pb_text][et_pb_text content_last_edited=\u00a0\u00bboff|desktop\u00a0\u00bb _builder_version=\u00a0\u00bb4.18.0&Prime; _module_preset=\u00a0\u00bbdefault\u00a0\u00bb global_colors_info=\u00a0\u00bb{}\u00a0\u00bb]<\/p>\n<p>Nous avons re\u00e7u de plus en plus d&rsquo;images de clients. C&rsquo;est pourquoi nous avons d\u00e9cid\u00e9 de partager cette joie avec tout le monde. C&rsquo;est toujours un sentiment agr\u00e9able de voir que nos produits rencontrent une telle satisfaction. Si tu le souhaites, tu peux toi aussi nous<a href=\"mailto:office@hgm-rack.at\" target=\"_blank\" rel=\"noopener\" title=\"Mail to office-hgm.rack\"> envoyer ton clich\u00e9<\/a>.<\/p>\n<p>[\/et_pb_text][\/et_pb_column][\/et_pb_row][et_pb_row _builder_version=\u00a0\u00bb4.16&Prime; _module_preset=\u00a0\u00bbdefault\u00a0\u00bb global_colors_info=\u00a0\u00bb{}\u00a0\u00bb][et_pb_column type=\u00a0\u00bb4_4&Prime; _builder_version=\u00a0\u00bb4.16&Prime; _module_preset=\u00a0\u00bbdefault\u00a0\u00bb global_colors_info=\u00a0\u00bb{}\u00a0\u00bb][dipi_filterable_gallery include_term_ids=\u00a0\u00bb418,421,422&Prime; pagination_type=\u00a0\u00bbload_more\u00a0\u00bb images_per_page=\u00a0\u00bb20&Prime; load_more_text=\u00a0\u00bbMehr Bilder laden\u00a0\u00bb filter_tab_alignment=\u00a0\u00bbstart\u00a0\u00bb all_filter_label=\u00a0\u00bbAlle Bilder\u00a0\u00bb columns=\u00a0\u00bb3&Prime; fix_lazy=\u00a0\u00bbon\u00a0\u00bb use_overlay=\u00a0\u00bbon\u00a0\u00bb icon_in_overlay=\u00a0\u00bbon\u00a0\u00bb hover_icon=\u00a0\u00bb0||divi||400&Prime; overlay_bg_color=\u00a0\u00bbRGBA(255,255,255,0)\u00a0\u00bb overlay_icon_color=\u00a0\u00bb#FFFFFF\u00a0\u00bb overlay_icon_use_circle=\u00a0\u00bboff\u00a0\u00bb overlay_icon_use_icon_font_size=\u00a0\u00bbon\u00a0\u00bb overlay_icon_font_size=\u00a0\u00bb30px\u00a0\u00bb filter_bar_padding=\u00a0\u00bb10px|0px|10px|0px|true|false\u00a0\u00bb filter_bar_background_color=\u00a0\u00bbRGBA(255,255,255,0)\u00a0\u00bb filter_bar_item_padding=\u00a0\u00bb5px|20px|5px|20px|false|true\u00a0\u00bb filter_bar_item_padding_active=\u00a0\u00bb5px|25px|5px|25px|false|false\u00a0\u00bb filter_bar_item_background_color=\u00a0\u00bbgcid-fda3dd49-cf62-4573-911e-e7fbf318a93d\u00a0\u00bb filter_bar_item_background_color_active=\u00a0\u00bb#E02B20&Prime; columns_tablet=\u00a0\u00bb2&Prime; columns_phone=\u00a0\u00bb1&Prime; columns_last_edited=\u00a0\u00bbon|phone\u00a0\u00bb _builder_version=\u00a0\u00bb4.18.0&Prime; _module_preset=\u00a0\u00bbdefault\u00a0\u00bb filter_bar_normal_text_color=\u00a0\u00bb#000000&Prime; filter_bar_normal_font_size=\u00a0\u00bb14px\u00a0\u00bb filter_bar_normal_letter_spacing=\u00a0\u00bb1px\u00a0\u00bb filter_bar_active_text_align=\u00a0\u00bbcenter\u00a0\u00bb filter_bar_active_text_color=\u00a0\u00bb#FFFFFF\u00a0\u00bb filter_bar_active_font_size=\u00a0\u00bb14px\u00a0\u00bb filter_bar_normal_font_size_tablet=\u00a0\u00bb14px\u00a0\u00bb filter_bar_normal_font_size_phone=\u00a0\u00bb12px\u00a0\u00bb filter_bar_normal_font_size_last_edited=\u00a0\u00bbon|phone\u00a0\u00bb filter_bar_active_font_size_tablet=\u00a0\u00bb14px\u00a0\u00bb filter_bar_active_font_size_phone=\u00a0\u00bb12px\u00a0\u00bb filter_bar_active_font_size_last_edited=\u00a0\u00bbon|phone\u00a0\u00bb border_radii_filter_bar_item=\u00a0\u00bbon|50px|50px|50px|50px\u00a0\u00bb border_radii_filter_bar_item_active=\u00a0\u00bbon|50px|50px|50px|50px\u00a0\u00bb locked=\u00a0\u00bboff\u00a0\u00bb global_colors_info=\u00a0\u00bb{%22gcid-fda3dd49-cf62-4573-911e-e7fbf318a93d%22:%91%22filter_bar_item_background_color%22%93}\u00a0\u00bb _i=\u00a0\u00bb0&Prime; _address=\u00a0\u00bb1.1.0.0&Prime; \/][dipl_masonry_gallery _builder_version=\u00a0\u00bb4.25.0&Prime; _module_preset=\u00a0\u00bbdefault\u00a0\u00bb hover_enabled=\u00a0\u00bb0&Prime; sticky_enabled=\u00a0\u00bb0&Prime;][\/dipl_masonry_gallery][\/et_pb_column][\/et_pb_row][\/et_pb_section]<\/p>\n","protected":false},"excerpt":{"rendered":"<p>Des clients satisfaits et leurs barres de toit se retrouvent dans notre galerie.Notre galerie de clients D\u00e9couvre de nouvelles id\u00e9es ou partage-les.Nous avons re\u00e7u de plus en plus d&rsquo;images de clients. C&rsquo;est pourquoi nous avons d\u00e9cid\u00e9 de partager cette joie avec tout le monde. C&rsquo;est toujours un sentiment agr\u00e9able de voir que nos produits rencontrent [&hellip;]<\/p>\n","protected":false},"author":2,"featured_media":0,"parent":0,"menu_order":0,"comment_status":"closed","ping_status":"closed","template":"","meta":{"_acf_changed":false,"_et_pb_use_builder":"on","_et_pb_old_content":"","_et_gb_content_width":"","footnotes":""},"class_list":["post-25992195","page","type-page","status-publish","hentry"],"acf":[],"_links":{"self":[{"href":"https:\/\/hgm-rack.at\/fr\/wp-json\/wp\/v2\/pages\/25992195","targetHints":{"allow":["GET"]}}],"collection":[{"href":"https:\/\/hgm-rack.at\/fr\/wp-json\/wp\/v2\/pages"}],"about":[{"href":"https:\/\/hgm-rack.at\/fr\/wp-json\/wp\/v2\/types\/page"}],"author":[{"embeddable":true,"href":"https:\/\/hgm-rack.at\/fr\/wp-json\/wp\/v2\/users\/2"}],"replies":[{"embeddable":true,"href":"https:\/\/hgm-rack.at\/fr\/wp-json\/wp\/v2\/comments?post=25992195"}],"version-history":[{"count":1,"href":"https:\/\/hgm-rack.at\/fr\/wp-json\/wp\/v2\/pages\/25992195\/revisions"}],"predecessor-version":[{"id":25992200,"href":"https:\/\/hgm-rack.at\/fr\/wp-json\/wp\/v2\/pages\/25992195\/revisions\/25992200"}],"wp:attachment":[{"href":"https:\/\/hgm-rack.at\/fr\/wp-json\/wp\/v2\/media?parent=25992195"}],"curies":[{"name":"wp","href":"https:\/\/api.w.org\/{rel}","templated":true}]}}