{"id":25992568,"date":"2024-09-06T09:52:44","date_gmt":"2024-09-06T07:52:44","guid":{"rendered":"https:\/\/hgm-rack.at\/expedition-et-livraison\/"},"modified":"2024-09-06T09:52:45","modified_gmt":"2024-09-06T07:52:45","slug":"expedition-et-livraison","status":"publish","type":"page","link":"https:\/\/hgm-rack.at\/fr\/expedition-et-livraison\/","title":{"rendered":"Exp\u00e9dition et livraison"},"content":{"rendered":"<p>[et_pb_section fb_built=\u00a0\u00bb1&Prime; _builder_version=\u00a0\u00bb4.16&Prime; _module_preset=\u00a0\u00bbdefault\u00a0\u00bb global_colors_info=\u00a0\u00bb{}\u00a0\u00bb][et_pb_row _builder_version=\u00a0\u00bb4.16&Prime; _module_preset=\u00a0\u00bbdefault\u00a0\u00bb global_colors_info=\u00a0\u00bb{}\u00a0\u00bb][et_pb_column type=\u00a0\u00bb4_4&Prime; _builder_version=\u00a0\u00bb4.16&Prime; _module_preset=\u00a0\u00bbdefault\u00a0\u00bb global_colors_info=\u00a0\u00bb{}\u00a0\u00bb][et_pb_text content_phone=\u00a0\u00bb<\/p>\n<h1>Conditions d&apos;exp\u00e9dition<\/h1>\n<p>\u00a0\u00bb content_last_edited=\u00a0\u00bboff|desktop\u00a0\u00bb _builder_version=\u00a0\u00bb4.25.1&Prime; _module_preset=\u00a0\u00bbec5fe9ba-1303-4c9b-957c-2b5324f5035d\u00a0\u00bb global_colors_info=\u00a0\u00bb{}\u00a0\u00bb hover_enabled=\u00a0\u00bb0&Prime; sticky_enabled=\u00a0\u00bb0&Prime;]<\/p>\n<h1>Exp\u00e9dition et livraison<\/h1>\n<p>[\/et_pb_text][et_pb_divider color=\u00a0\u00bb#CE0C0C\u00a0\u00bb divider_weight_tablet=\u00a0\u00bb\u00a0\u00bb divider_weight_last_edited=\u00a0\u00bbon|tablet\u00a0\u00bb _builder_version=\u00a0\u00bb4.25.1&Prime; _module_preset=\u00a0\u00bbdefault\u00a0\u00bb module_alignment=\u00a0\u00bbleft\u00a0\u00bb hover_enabled=\u00a0\u00bb0&Prime; module_alignment_phone=\u00a0\u00bbleft\u00a0\u00bb module_alignment_last_edited=\u00a0\u00bboff|desktop\u00a0\u00bb saved_tabs=\u00a0\u00bball\u00a0\u00bb global_colors_info=\u00a0\u00bb{}\u00a0\u00bb theme_builder_area=\u00a0\u00bbpost_content\u00a0\u00bb sticky_enabled=\u00a0\u00bb0&Prime; divider_weight_phone=\u00a0\u00bb\u00a0\u00bb][\/et_pb_divider][et_pb_text _builder_version=\u00a0\u00bb4.25.1&Prime; _module_preset=\u00a0\u00bbec5fe9ba-1303-4c9b-957c-2b5324f5035d\u00a0\u00bb header_2_text_align_last_edited=\u00a0\u00bboff|desktop\u00a0\u00bb header_2_text_align=\u00a0\u00bbleft\u00a0\u00bb hover_enabled=\u00a0\u00bb0&Prime; sticky_enabled=\u00a0\u00bb0&Prime;]<\/p>\n<h2>Conditions d&rsquo;exp\u00e9dition<\/h2>\n<p>[\/et_pb_text][et_pb_divider color=\u00a0\u00bb#CE0C0C\u00a0\u00bb divider_weight_tablet=\u00a0\u00bb\u00a0\u00bb divider_weight_last_edited=\u00a0\u00bbon|tablet\u00a0\u00bb _builder_version=\u00a0\u00bb4.25.1&Prime; _module_preset=\u00a0\u00bbdefault\u00a0\u00bb module_alignment=\u00a0\u00bbleft\u00a0\u00bb hover_enabled=\u00a0\u00bb0&Prime; module_alignment_phone=\u00a0\u00bbleft\u00a0\u00bb module_alignment_last_edited=\u00a0\u00bboff|desktop\u00a0\u00bb saved_tabs=\u00a0\u00bball\u00a0\u00bb global_colors_info=\u00a0\u00bb{}\u00a0\u00bb theme_builder_area=\u00a0\u00bbpost_content\u00a0\u00bb sticky_enabled=\u00a0\u00bb0&Prime; divider_weight_phone=\u00a0\u00bb\u00a0\u00bb][\/et_pb_divider][et_pb_text _builder_version=\u00a0\u00bb4.25.1&Prime; _module_preset=\u00a0\u00bbdefault\u00a0\u00bb hover_enabled=\u00a0\u00bb0&Prime; sticky_enabled=\u00a0\u00bb0&Prime; custom_padding=\u00a0\u00bb||40px||false|false\u00a0\u00bb]<\/p>\n<p>Conditions de livraison et d&rsquo;exp\u00e9dition : Les commandes ne peuvent \u00eatre pass\u00e9es que par des personnes \u00e2g\u00e9es de 18 ans r\u00e9volus.<\/p>\n<p>Si aucun autre d\u00e9lai n&rsquo;est indiqu\u00e9 dans la description de l&rsquo;article, la livraison de la marchandise en Autriche a lieu dans le d\u00e9lai indiqu\u00e9 pr\u00e9c\u00e9demment apr\u00e8s la confirmation de la commande (en cas de paiement anticip\u00e9 convenu, apr\u00e8s la date de votre ordre de paiement ou de r\u00e9ception sur notre compte). Veuillez noter qu&rsquo;il n&rsquo;y a pas de livraison le dimanche et les jours f\u00e9ri\u00e9s. Si vous avez command\u00e9 des articles avec des d\u00e9lais de livraison diff\u00e9rents, nous envoyons la marchandise dans un envoi commun, sauf si nous avons convenu d&rsquo;un autre accord avec vous. Dans ce cas, le d\u00e9lai de livraison est d\u00e9termin\u00e9 par l&rsquo;article dont le d\u00e9lai de livraison est le plus long que vous avez command\u00e9.<\/p>\n<p>[\/et_pb_text][et_pb_text _builder_version=\u00a0\u00bb4.25.1&Prime; _module_preset=\u00a0\u00bbec5fe9ba-1303-4c9b-957c-2b5324f5035d\u00a0\u00bb header_2_text_align_last_edited=\u00a0\u00bboff|desktop\u00a0\u00bb header_2_text_align=\u00a0\u00bbleft\u00a0\u00bb hover_enabled=\u00a0\u00bb0&Prime; sticky_enabled=\u00a0\u00bb0&Prime;]<\/p>\n<h2>Frais d&rsquo;envoi<\/h2>\n<p>[\/et_pb_text][et_pb_divider color=\u00a0\u00bb#CE0C0C\u00a0\u00bb divider_weight_tablet=\u00a0\u00bb\u00a0\u00bb divider_weight_last_edited=\u00a0\u00bbon|tablet\u00a0\u00bb _builder_version=\u00a0\u00bb4.25.1&Prime; _module_preset=\u00a0\u00bbdefault\u00a0\u00bb module_alignment=\u00a0\u00bbleft\u00a0\u00bb hover_enabled=\u00a0\u00bb0&Prime; module_alignment_phone=\u00a0\u00bbleft\u00a0\u00bb module_alignment_last_edited=\u00a0\u00bboff|desktop\u00a0\u00bb saved_tabs=\u00a0\u00bball\u00a0\u00bb global_colors_info=\u00a0\u00bb{}\u00a0\u00bb theme_builder_area=\u00a0\u00bbpost_content\u00a0\u00bb sticky_enabled=\u00a0\u00bb0&Prime; divider_weight_phone=\u00a0\u00bb\u00a0\u00bb][\/et_pb_divider][et_pb_text _builder_version=\u00a0\u00bb4.25.1&Prime; _module_preset=\u00a0\u00bbec5fe9ba-1303-4c9b-957c-2b5324f5035d\u00a0\u00bb hover_enabled=\u00a0\u00bb0&Prime; sticky_enabled=\u00a0\u00bb0&Prime; custom_padding=\u00a0\u00bb||40px||false|false\u00a0\u00bb]<\/p>\n<h3><strong>Gratuit<\/strong><\/h3>\n<p><strong>\u00c0 partir<\/strong> d&rsquo;un  <strong>Panier de 1.000\u20ac TTC<br \/>\nTVA. <\/strong>  l&rsquo;exp\u00e9dition est<strong> gratuite<\/strong> pour les pays disponibles.<br \/>\nLa zone d&rsquo;exp\u00e9dition est n&rsquo;importe quel pays de l&rsquo;UE.<br \/>Il est \u00e9galement possible d&rsquo;acheter des produits directement \u00e0 l&rsquo;usine sans frais de livraison.  Pour ce faire, il convient de s\u00e9lectionner l&rsquo;option \u00ab\u00a0Enl\u00e8vement sur place\u00a0\u00bb lors du processus de commande.<\/p>\n<h3><strong>Forfait d&rsquo;envoi<\/strong><\/h3>\n<p>En dessous, un prix forfaitaire est utilis\u00e9 en fonction du produit, et seule la livraison la plus ch\u00e8re est factur\u00e9e une fois.<br \/>Les frais de livraison sont calcul\u00e9s et affich\u00e9s avant l&rsquo;achat.<\/p>\n<table border=\"1\" style=\"border-collapse: collapse; width: 100%; height: 48px;\">\n<tbody>\n<tr style=\"height: 24px;\">\n<td style=\"width: 16.6667%; height: 24px;\"><strong>Classe d&rsquo;exp\u00e9dition<\/strong><\/td>\n<td style=\"width: 16.6667%; height: 24px;\">Small<\/td>\n<td style=\"width: 16.6667%; height: 24px;\">Moyen<\/td>\n<td style=\"width: 16.6667%; height: 24px;\">Large<\/td>\n<td style=\"width: 16.6667%; height: 24px;\">XXL<\/td>\n<\/tr>\n<tr style=\"height: 24px;\">\n<td style=\"width: 16.6667%; height: 24px;\"><strong>Prix<\/strong><\/td>\n<td style=\"width: 16.6667%; height: 24px;\">11.00 \u20ac incl. 20 % de TVA<\/td>\n<td style=\"width: 16.6667%; height: 24px;\">19.00 \u20ac incl. 20 % de TVA<\/td>\n<td style=\"width: 16.6667%; height: 24px;\">49.00 \u20ac incl. 20 % de TVA<\/td>\n<td style=\"width: 16.6667%; height: 24px;\">139.00 \u20ac incl. 20 % de TVA<\/td>\n<\/tr>\n<\/tbody>\n<\/table>\n<p>&nbsp;<\/p>\n<p>[\/et_pb_text][et_pb_text _builder_version=\u00a0\u00bb4.25.1&Prime; _module_preset=\u00a0\u00bbec5fe9ba-1303-4c9b-957c-2b5324f5035d\u00a0\u00bb header_2_text_align_last_edited=\u00a0\u00bboff|desktop\u00a0\u00bb header_2_text_align=\u00a0\u00bbleft\u00a0\u00bb hover_enabled=\u00a0\u00bb0&Prime; sticky_enabled=\u00a0\u00bb0&Prime;]<\/p>\n<h2>D\u00e9lai de livraison<\/h2>\n<p>[\/et_pb_text][et_pb_divider color=\u00a0\u00bb#CE0C0C\u00a0\u00bb divider_weight_tablet=\u00a0\u00bb\u00a0\u00bb divider_weight_last_edited=\u00a0\u00bbon|tablet\u00a0\u00bb _builder_version=\u00a0\u00bb4.25.1&Prime; _module_preset=\u00a0\u00bbdefault\u00a0\u00bb module_alignment=\u00a0\u00bbleft\u00a0\u00bb hover_enabled=\u00a0\u00bb0&Prime; module_alignment_phone=\u00a0\u00bbleft\u00a0\u00bb module_alignment_last_edited=\u00a0\u00bboff|desktop\u00a0\u00bb saved_tabs=\u00a0\u00bball\u00a0\u00bb global_colors_info=\u00a0\u00bb{}\u00a0\u00bb theme_builder_area=\u00a0\u00bbpost_content\u00a0\u00bb sticky_enabled=\u00a0\u00bb0&Prime; divider_weight_phone=\u00a0\u00bb\u00a0\u00bb][\/et_pb_divider][et_pb_text _builder_version=\u00a0\u00bb4.25.1&Prime; _module_preset=\u00a0\u00bbdefault\u00a0\u00bb hover_enabled=\u00a0\u00bb0&Prime; sticky_enabled=\u00a0\u00bb0&Prime; custom_padding=\u00a0\u00bb||40px||false|false\u00a0\u00bb]<\/p>\n<p><span>Le<strong> d\u00e9lai de livraison g\u00e9n\u00e9ral<\/strong> est de <strong>3 \u00e0 10 jours ouvrables,<\/strong> sauf indication contraire.<\/span><br \/><span>Les exceptions sont les produits qui sont marqu\u00e9s avec l&rsquo;exp\u00e9dition sp\u00e9ciale.<\/span><\/p>\n<p>[\/et_pb_text][et_pb_text _builder_version=\u00a0\u00bb4.25.1&Prime; _module_preset=\u00a0\u00bbec5fe9ba-1303-4c9b-957c-2b5324f5035d\u00a0\u00bb header_2_text_align_last_edited=\u00a0\u00bboff|desktop\u00a0\u00bb header_2_text_align=\u00a0\u00bbleft\u00a0\u00bb hover_enabled=\u00a0\u00bb0&Prime; sticky_enabled=\u00a0\u00bb0&Prime;]<\/p>\n<h2>Envois d&rsquo;\u00e9chantillons<\/h2>\n<p>[\/et_pb_text][et_pb_divider color=\u00a0\u00bb#CE0C0C\u00a0\u00bb divider_weight_tablet=\u00a0\u00bb\u00a0\u00bb divider_weight_last_edited=\u00a0\u00bbon|tablet\u00a0\u00bb _builder_version=\u00a0\u00bb4.25.1&Prime; _module_preset=\u00a0\u00bbdefault\u00a0\u00bb module_alignment=\u00a0\u00bbleft\u00a0\u00bb hover_enabled=\u00a0\u00bb0&Prime; module_alignment_phone=\u00a0\u00bbleft\u00a0\u00bb module_alignment_last_edited=\u00a0\u00bboff|desktop\u00a0\u00bb saved_tabs=\u00a0\u00bball\u00a0\u00bb global_colors_info=\u00a0\u00bb{}\u00a0\u00bb theme_builder_area=\u00a0\u00bbpost_content\u00a0\u00bb sticky_enabled=\u00a0\u00bb0&Prime; divider_weight_phone=\u00a0\u00bb\u00a0\u00bb][\/et_pb_divider][et_pb_text _builder_version=\u00a0\u00bb4.25.1&Prime; _module_preset=\u00a0\u00bbdefault\u00a0\u00bb hover_enabled=\u00a0\u00bb0&Prime; sticky_enabled=\u00a0\u00bb0&Prime; custom_padding=\u00a0\u00bb||40px||false|false\u00a0\u00bb]<\/p>\n<p>Pour les envois d&rsquo;\u00e9chantillons payants, l&rsquo;envoi est effectu\u00e9 imm\u00e9diatement apr\u00e8s r\u00e9ception du paiement. Frais d&rsquo;exp\u00e9dition : l&rsquo;exp\u00e9dition s&rsquo;effectue par livraison standard dans le cadre des d\u00e9lais de livraison en vigueur des fabricants respectifs, franco bord de trottoir, non charg\u00e9, dans la valeur respective de la marchandise avec suppl\u00e9ment &#8211; d\u00e9lai de livraison de 2 \u00e0 10 semaines ; des indications plus pr\u00e9cises peuvent \u00eatre demand\u00e9es aupr\u00e8s de nos services en fonction du produit et du fabricant. Toutefois, si une livraison est r\u00e9partie sur plusieurs envois, la participation aux frais de livraison n&rsquo;est due qu&rsquo;une seule fois.<\/p>\n<p>[\/et_pb_text][\/et_pb_column][\/et_pb_row][\/et_pb_section]<\/p>\n","protected":false},"excerpt":{"rendered":"<p>Exp\u00e9dition et livraisonConditions d&rsquo;exp\u00e9ditionConditions de livraison et d&rsquo;exp\u00e9dition : Les commandes ne peuvent \u00eatre pass\u00e9es que par des personnes \u00e2g\u00e9es de 18 ans r\u00e9volus. Si aucun autre d\u00e9lai n&rsquo;est indiqu\u00e9 dans la description de l&rsquo;article, la livraison de la marchandise en Autriche a lieu dans le d\u00e9lai indiqu\u00e9 pr\u00e9c\u00e9demment apr\u00e8s la confirmation de la commande [&hellip;]<\/p>\n","protected":false},"author":2,"featured_media":0,"parent":0,"menu_order":0,"comment_status":"closed","ping_status":"closed","template":"","meta":{"_acf_changed":false,"_et_pb_use_builder":"on","_et_pb_old_content":"","_et_gb_content_width":"","footnotes":""},"class_list":["post-25992568","page","type-page","status-publish","hentry"],"acf":[],"_links":{"self":[{"href":"https:\/\/hgm-rack.at\/fr\/wp-json\/wp\/v2\/pages\/25992568","targetHints":{"allow":["GET"]}}],"collection":[{"href":"https:\/\/hgm-rack.at\/fr\/wp-json\/wp\/v2\/pages"}],"about":[{"href":"https:\/\/hgm-rack.at\/fr\/wp-json\/wp\/v2\/types\/page"}],"author":[{"embeddable":true,"href":"https:\/\/hgm-rack.at\/fr\/wp-json\/wp\/v2\/users\/2"}],"replies":[{"embeddable":true,"href":"https:\/\/hgm-rack.at\/fr\/wp-json\/wp\/v2\/comments?post=25992568"}],"version-history":[{"count":2,"href":"https:\/\/hgm-rack.at\/fr\/wp-json\/wp\/v2\/pages\/25992568\/revisions"}],"predecessor-version":[{"id":25992572,"href":"https:\/\/hgm-rack.at\/fr\/wp-json\/wp\/v2\/pages\/25992568\/revisions\/25992572"}],"wp:attachment":[{"href":"https:\/\/hgm-rack.at\/fr\/wp-json\/wp\/v2\/media?parent=25992568"}],"curies":[{"name":"wp","href":"https:\/\/api.w.org\/{rel}","templated":true}]}}