{"id":25992225,"date":"2021-10-01T12:44:28","date_gmt":"2024-09-06T07:48:32","guid":{"rendered":"https:\/\/hgm-rack.at\/produkt\/defender-90-roofrack-droit\/"},"modified":"2024-09-06T09:48:32","modified_gmt":"2024-09-06T07:48:32","slug":"defender-90-roofrack-droit","status":"publish","type":"product","link":"https:\/\/hgm-rack.at\/fr\/produit\/defender-90-roofrack-droit\/","title":{"rendered":"Defender 90 Roofrack droit"},"content":{"rendered":"<p>Cette galerie de toit allie un look tout-terrain extr\u00eame \u00e0 une utilisation pratique ! La variante \u00ab\u00a0Straight\u00a0\u00bb s&rsquo;\u00e9tend en ligne droite sur toute la longueur du v\u00e9hicule et offre ainsi plus de surface utile que la variante \u00ab\u00a0Slopped\u00a0\u00bb. Les 5 traverses peuvent \u00eatre d\u00e9plac\u00e9es librement sur la longueur du v\u00e9hicule. Cela permet \u00e9galement d&rsquo;ins\u00e9rer parfaitement nos modules photovolta\u00efques entre les traverses. Le syst\u00e8me de double rainure \u00e0 l&rsquo;avant et \u00e0 l&rsquo;arri\u00e8re est \u00e9galement parfait pour le montage de phares suppl\u00e9mentaires ou de tout autre accessoire. &nbsp;<strong>Capacit\u00e9 de charge statique 300kgCapacit\u00e9 de charge<\/strong><strong>dynamique 150kgDimensions de<\/strong><strong>la traverse 60x30x1500mmT\u00fcv<\/strong><strong>\u00e0 l&rsquo;appr\u00e9ciation de l&rsquo;expert<\/strong><\/p>\n","protected":false},"excerpt":{"rendered":"<p>Commence ton aventure avec les nouveaux roofracks HGM pour ton Defender !<\/p>\n","protected":false},"featured_media":25992224,"comment_status":"open","ping_status":"closed","template":"","meta":{"_acf_changed":false,"_et_pb_use_builder":"","_et_pb_old_content":"","_et_gb_content_width":""},"product_brand":[],"product_cat":[1012,1011,1013],"product_tag":[],"class_list":{"0":"post-25992225","1":"product","2":"type-product","3":"status-publish","4":"has-post-thumbnail","6":"product_cat-barres-de-toit","7":"product_cat-land-rover-fr","8":"product_cat-land-rover-defender-fr","9":"product_shipping_class-classe-dexpedition-xxl","11":"first","12":"outofstock","13":"taxable","14":"shipping-taxable","15":"purchasable","16":"product-type-simple"},"acf":[],"gallery_images":[25992227,25992222],"_links":{"self":[{"href":"https:\/\/hgm-rack.at\/fr\/wp-json\/wp\/v2\/product\/25992225","targetHints":{"allow":["GET"]}}],"collection":[{"href":"https:\/\/hgm-rack.at\/fr\/wp-json\/wp\/v2\/product"}],"about":[{"href":"https:\/\/hgm-rack.at\/fr\/wp-json\/wp\/v2\/types\/product"}],"replies":[{"embeddable":true,"href":"https:\/\/hgm-rack.at\/fr\/wp-json\/wp\/v2\/comments?post=25992225"}],"wp:featuredmedia":[{"embeddable":true,"href":"https:\/\/hgm-rack.at\/fr\/wp-json\/wp\/v2\/media\/25992224"}],"wp:attachment":[{"href":"https:\/\/hgm-rack.at\/fr\/wp-json\/wp\/v2\/media?parent=25992225"}],"wp:term":[{"taxonomy":"product_brand","embeddable":true,"href":"https:\/\/hgm-rack.at\/fr\/wp-json\/wp\/v2\/product_brand?post=25992225"},{"taxonomy":"product_cat","embeddable":true,"href":"https:\/\/hgm-rack.at\/fr\/wp-json\/wp\/v2\/product_cat?post=25992225"},{"taxonomy":"product_tag","embeddable":true,"href":"https:\/\/hgm-rack.at\/fr\/wp-json\/wp\/v2\/product_tag?post=25992225"}],"curies":[{"name":"wp","href":"https:\/\/api.w.org\/{rel}","templated":true}]}}