{"id":25992226,"date":"2021-12-08T19:39:47","date_gmt":"2021-12-08T18:39:47","guid":{"rendered":"https:\/\/hgm-rack.at\/produkt\/kit-de-fixation-pour-barres-de-toit-c-rail-vw-t5-t6\/"},"modified":"2026-04-14T05:12:54","modified_gmt":"2026-04-14T03:12:54","slug":"kit-de-fixation-pour-barres-de-toit-c-rail-vw-t5-t6","status":"publish","type":"product","link":"https:\/\/hgm-rack.at\/fr\/produit\/kit-de-fixation-pour-barres-de-toit-c-rail-vw-t5-t6\/","title":{"rendered":"Support de galerie de toit rail C VW T5 T6"},"content":{"rendered":"<h3><strong>Support de galerie de toit rail C VW T5 T6<\/strong><\/h3>\n<p>Les supports sont sp\u00e9cialement con\u00e7us pour le rail C mont\u00e9 en usine des mod\u00e8les T5 et T6 de VW.<br \/>\nElles sont fabriqu\u00e9es en acier inoxydable de 3 mm d&rsquo;\u00e9paisseur, rev\u00eatues de poudre noire mate et offrent une base stable pour la construction d&rsquo;un syst\u00e8me de barres de toit personnalis\u00e9.<\/p>\n<p><strong>Hauteurs de support s\u00e9lectionnables<\/strong> (en fonction du nombre de supports par c\u00f4t\u00e9 du v\u00e9hicule) :<strong><br \/>\n<\/strong>Un kit contient deux supports \u00e0 la fois.<\/p>\n<ul>\n<li><strong>4 supports par c\u00f4t\u00e9 :<\/strong> 2 kits par H60 mm et 2x kits par H50 mm. (Au total 4 kits de 2 supports)<\/li>\n<li><strong>6 supports par c\u00f4t\u00e9 :<\/strong> 2 kits H53 mm suppl\u00e9mentaires (6 kits de 2 supports au total)<\/li>\n<\/ul>\n<p>Pour les barres de toit construites soi-m\u00eame \u00e0 partir de profil\u00e9s en aluminium 40 \u00d7 40, il est possible d&rsquo;inclure <a href=\"https:\/\/hgm-rack.at\/fr\/produit\/coulisseau-pour-le-montage-daccessoires\/\">des \u00e9crous coulissants M8 avec des vis M8x16<\/a>. Ceux-ci peuvent \u00eatre positionn\u00e9s de mani\u00e8re flexible dans le rail C. Si tu commandes nos barres transversales standard, les doubles \u00e9crous coulissants pour relier les supports \u00e0 la barre transversale sont inclus dans la livraison.  <\/p>\n<p>Ce support de barre de toit rail C VW T5 T6 fait partie de nos kits de barres de toit<\/p>\n<ul>\n<li><a href=\"https:\/\/hgm-rack.at\/produkt\/dachtraeger-flexi-250-vw-t5-t6-kurzer-radstand\/\" class=\"broken_link\">Galerie de toit VW T5 \/ T6 empattement court<\/a><\/li>\n<li><a href=\"https:\/\/hgm-rack.at\/produkt\/vw-t5-t6-l-r-dachtraeger-300cm\/\" class=\"broken_link\">Galerie de toit VW T5 \/ T6 empattement long<\/a><\/li>\n<\/ul>\n","protected":false},"excerpt":{"rendered":"<h1>Support de barre de toit rail C VW T5 \/ T6<\/h1>\n<p>Le <strong>kit de support rail C VW T5 \/ T6<\/strong> est id\u00e9al pour tes propres projets de barres de toit. Les supports sont fabriqu\u00e9s en acier inoxydable de 3 mm d&rsquo;\u00e9paisseur, rev\u00eatus de poudre noire mate et offrent une solution stable et durable pour ton projet de galerie de toit. Diff\u00e9rentes hauteurs peuvent \u00eatre choisies en fonction du nombre de supports n\u00e9cessaires par c\u00f4t\u00e9 du v\u00e9hicule. Un set comprend deux supports.   <\/p>\n<ul>\n<li><strong>4 supports par c\u00f4t\u00e9 :<\/strong> 2 kits H60 mm et 2 kits H50 mm<\/li>\n<li><strong>6 supports par c\u00f4t\u00e9 :<\/strong> 2 kits H53 mm suppl\u00e9mentaires<\/li>\n<\/ul>\n<p>Pour les projets de bricolage, des \u00e9crous coulissants M8 pour profil\u00e9s en aluminium 40 \u00d7 40 sont disponibles en tant qu&rsquo;accessoires. Ce support de rail en C VW T5 \/ T6 fait \u00e9galement partie de nos kits complets de barres de toit <strong> <\/strong><\/p>\n<ul>\n<li><a href=\"https:\/\/hgm-rack.at\/produkt\/dachtraeger-flexi-250-vw-t5-t6-kurzer-radstand\/\">Galerie de toit VW T5 \/ T6 empattement court<\/a><\/li>\n<li><a href=\"https:\/\/hgm-rack.at\/produkt\/vw-t5-t6-l-r-dachtraeger-300cm\/\">Galerie de toit VW T5 \/ T6 empattement long<\/a><\/li>\n<\/ul>\n","protected":false},"featured_media":25992232,"comment_status":"open","ping_status":"closed","template":"","meta":{"_acf_changed":false,"_et_pb_use_builder":"","_et_pb_old_content":"","_et_gb_content_width":""},"product_brand":[],"product_cat":[1012,1018,1020,1019],"product_tag":[],"class_list":{"0":"post-25992226","1":"product","2":"type-product","3":"status-publish","4":"has-post-thumbnail","6":"product_cat-barres-de-toit","7":"product_cat-vw-fr","8":"product_cat-vw-t5-fr","9":"product_cat-vw-t6-fr","10":"product_shipping_class-classe-dexpedition-small","11":"pa_hoehe-2x50mm","12":"pa_hoehe-2x53mm","13":"pa_hoehe-2x60mm","14":"pa_material-acier-inoxydable-de-3-mm-de-haute-qualite","15":"pa_zubehoer-excl-coulisseau-pour-profile-en-aluminium-40x40","16":"pa_zubehoer-incl-coulisseau-pour-profile-en-aluminium-40x40","18":"first","19":"instock","20":"taxable","21":"shipping-taxable","22":"purchasable","23":"product-type-variable"},"acf":[],"gallery_images":[25992233,25992234],"_links":{"self":[{"href":"https:\/\/hgm-rack.at\/fr\/wp-json\/wp\/v2\/product\/25992226","targetHints":{"allow":["GET"]}}],"collection":[{"href":"https:\/\/hgm-rack.at\/fr\/wp-json\/wp\/v2\/product"}],"about":[{"href":"https:\/\/hgm-rack.at\/fr\/wp-json\/wp\/v2\/types\/product"}],"replies":[{"embeddable":true,"href":"https:\/\/hgm-rack.at\/fr\/wp-json\/wp\/v2\/comments?post=25992226"}],"wp:featuredmedia":[{"embeddable":true,"href":"https:\/\/hgm-rack.at\/fr\/wp-json\/wp\/v2\/media\/25992232"}],"wp:attachment":[{"href":"https:\/\/hgm-rack.at\/fr\/wp-json\/wp\/v2\/media?parent=25992226"}],"wp:term":[{"taxonomy":"product_brand","embeddable":true,"href":"https:\/\/hgm-rack.at\/fr\/wp-json\/wp\/v2\/product_brand?post=25992226"},{"taxonomy":"product_cat","embeddable":true,"href":"https:\/\/hgm-rack.at\/fr\/wp-json\/wp\/v2\/product_cat?post=25992226"},{"taxonomy":"product_tag","embeddable":true,"href":"https:\/\/hgm-rack.at\/fr\/wp-json\/wp\/v2\/product_tag?post=25992226"}],"curies":[{"name":"wp","href":"https:\/\/api.w.org\/{rel}","templated":true}]}}