{"id":25992231,"date":"2021-10-04T11:17:01","date_gmt":"2024-09-06T07:48:34","guid":{"rendered":"https:\/\/hgm-rack.at\/produkt\/barres-de-toit-roofrack-defender-110-slopped\/"},"modified":"2024-09-06T09:48:34","modified_gmt":"2024-09-06T07:48:34","slug":"barres-de-toit-roofrack-defender-110-slopped","status":"publish","type":"product","link":"https:\/\/hgm-rack.at\/fr\/produit\/barres-de-toit-roofrack-defender-110-slopped\/","title":{"rendered":"Barres de toit Roofrack Defender 110 Slopped"},"content":{"rendered":"<p>Cette galerie de toit allie un look tout-terrain extr\u00eame \u00e0 une utilisation pratique ! L&rsquo;inclinaison avant te permet de monter nos panneaux photovolta\u00efques avec un rendement accru gr\u00e2ce \u00e0 l&rsquo;inclinaison de 4 degr\u00e9s. Les 7 traverses peuvent \u00eatre d\u00e9plac\u00e9es librement sur la longueur du v\u00e9hicule. Le syst\u00e8me de double rainure \u00e0 l&rsquo;avant et \u00e0 l&rsquo;arri\u00e8re vous permet de monter des phares suppl\u00e9mentaires ou des accessoires similaires sans avoir \u00e0 percer. <strong>Capacit\u00e9 de charge statique 300kgCapacit\u00e9 de charge<\/strong><strong>dynamique 150 kgDimensions<\/strong><strong>de la traverse 60x30x1500mmT\u00fcv<\/strong><strong>\u00e0 la discr\u00e9tion de l&rsquo;expert<\/strong> Photovolta\u00efque et les \u00e9ventuels accessoires repr\u00e9sent\u00e9s ne sont pas inclus dans la livraison !  &nbsp;<\/p>\n","protected":false},"excerpt":{"rendered":"<p>Commence ton aventure avec les nouveaux roofracks pour ton Defender.<\/p>\n","protected":false},"featured_media":25992244,"comment_status":"open","ping_status":"closed","template":"","meta":{"_acf_changed":false,"_et_pb_use_builder":"","_et_pb_old_content":"","_et_gb_content_width":""},"product_brand":[],"product_cat":[1012,1011,1013],"product_tag":[],"class_list":{"0":"post-25992231","1":"product","2":"type-product","3":"status-publish","4":"has-post-thumbnail","6":"product_cat-barres-de-toit","7":"product_cat-land-rover-fr","8":"product_cat-land-rover-defender-fr","9":"product_shipping_class-classe-dexpedition-xxl","11":"first","12":"outofstock","13":"taxable","14":"shipping-taxable","15":"purchasable","16":"product-type-simple"},"acf":[],"gallery_images":[25992220,25992221,25992222,25992245],"_links":{"self":[{"href":"https:\/\/hgm-rack.at\/fr\/wp-json\/wp\/v2\/product\/25992231","targetHints":{"allow":["GET"]}}],"collection":[{"href":"https:\/\/hgm-rack.at\/fr\/wp-json\/wp\/v2\/product"}],"about":[{"href":"https:\/\/hgm-rack.at\/fr\/wp-json\/wp\/v2\/types\/product"}],"replies":[{"embeddable":true,"href":"https:\/\/hgm-rack.at\/fr\/wp-json\/wp\/v2\/comments?post=25992231"}],"wp:featuredmedia":[{"embeddable":true,"href":"https:\/\/hgm-rack.at\/fr\/wp-json\/wp\/v2\/media\/25992244"}],"wp:attachment":[{"href":"https:\/\/hgm-rack.at\/fr\/wp-json\/wp\/v2\/media?parent=25992231"}],"wp:term":[{"taxonomy":"product_brand","embeddable":true,"href":"https:\/\/hgm-rack.at\/fr\/wp-json\/wp\/v2\/product_brand?post=25992231"},{"taxonomy":"product_cat","embeddable":true,"href":"https:\/\/hgm-rack.at\/fr\/wp-json\/wp\/v2\/product_cat?post=25992231"},{"taxonomy":"product_tag","embeddable":true,"href":"https:\/\/hgm-rack.at\/fr\/wp-json\/wp\/v2\/product_tag?post=25992231"}],"curies":[{"name":"wp","href":"https:\/\/api.w.org\/{rel}","templated":true}]}}