{"id":25992252,"date":"2022-02-12T21:44:50","date_gmt":"2022-02-12T20:44:50","guid":{"rendered":"https:\/\/hgm-rack.at\/produkt\/jeu-de-plaques-pour-flexi-250-vw-t5-t6-empattement-court\/"},"modified":"2025-06-09T14:48:06","modified_gmt":"2025-06-09T12:48:06","slug":"jeu-de-plaques-pour-flexi-250-vw-t5-t6-empattement-court","status":"publish","type":"product","link":"https:\/\/hgm-rack.at\/fr\/produit\/jeu-de-plaques-pour-flexi-250-vw-t5-t6-empattement-court\/","title":{"rendered":"Upgrade jeu de plaques terrasse sur le toit"},"content":{"rendered":"<p>Une terrasse sur le toit du bus ? Ce kit de panneaux le rend possible. Que tu veuilles profiter du soleil ou d&rsquo;une vue sublime sur le toit, ou que tu veuilles monter de nombreux petits accessoires ou des caisses, ce kit de plaques est la solution pour toi. La livraison comprend un jeu de plaques en aluminium de six pi\u00e8ces (Ford Custom 9 pi\u00e8ces) avec le mat\u00e9riel de montage. Comme les barres transversales ne sont plus accessibles, nous recommandons de monter nos <a href=\"https:\/\/hgm-rack.at\/fr\/produit\/point-de-contact-de-la-compagnie-aerienne\/\">points d&rsquo;ancrage Airline<\/a>.    <\/p>\n<p><strong>Avantages avec le jeu de plaques :<\/strong><\/p>\n<ul>\n<li>Moins de chaleur dans la voiture gr\u00e2ce \u00e0 l&rsquo;effet de toit froid.<\/li>\n<li>Protection contre la gr\u00eale<\/li>\n<li>Pas de neige en hiver entre les traverses<\/li>\n<li>Aspect tout-terrain pur<\/li>\n<\/ul>\n<p><strong>Fixation des accessoires :<\/strong><\/p>\n<p>La fixation des accessoires s&rsquo;effectue \u00e0 l&rsquo;aide de vis de fixation disponibles dans le commerce. Tu as \u00e9galement la possibilit\u00e9 de visser des accessoires d&rsquo;une \u00e9paisseur maximale de 3 mm sur les 100 points de fixation \u00e0 l&rsquo;aide des 8 vis M8x20 fournies. <\/p>\n<p><strong>Aussi flexible que toi :<\/strong><\/p>\n<p>Tu n&rsquo;as pas besoin de tous les panneaux, ou tu ne veux par exemple \u00e9quiper qu&rsquo;une moiti\u00e9 de ta barre de toit pour pouvoir acc\u00e9der facilement \u00e0 ton coffre de toit ? \u00c9cris-nous simplement les panneaux que tu souhaites utiliser. <\/p>\n<p><strong>Contenu de la livraison :<\/strong><\/p>\n<ul>\n<li><strong> <\/strong>6x plaque en aluminium (Transit Custom 9)<\/li>\n<li>100x vis en acier inoxydable+\u00e9crous \u00e0 encoches<\/li>\n<li>8x vis M8x20<\/li>\n<li>Instructions de montage<\/li>\n<\/ul>\n<p>Fixation des accessoires :<\/p>\n<p>&nbsp;<\/p>\n<p>Fabriqu\u00e9 en t\u00f4le d&rsquo;aluminium de 3 mm, peint en noir mat par pulv\u00e9risation !<\/p>\n<p><strong>Uniquement compatible avec l&rsquo;aspiration compl\u00e8te !!!!<\/strong><\/p>\n<p><strong>D\u00e9lai de livraison actuel : 3 semaines !<\/strong><\/p>\n<p>&nbsp;<\/p>\n","protected":false},"excerpt":{"rendered":"<p>Avec<strong> ce jeu de plaques, ta galerie de toit devient une terrasse !<\/strong><\/p>\n","protected":false},"featured_media":25995293,"comment_status":"closed","ping_status":"closed","template":"","meta":{"_acf_changed":false,"_et_pb_use_builder":"","_et_pb_old_content":"","_et_gb_content_width":""},"product_brand":[],"product_cat":[1012,1040,1039,1018,1020,1019],"product_tag":[],"class_list":{"0":"post-25992252","1":"product","2":"type-product","3":"status-publish","4":"has-post-thumbnail","6":"product_cat-barres-de-toit","7":"product_cat-ford-tourneo-custom-fr","8":"product_cat-ford-transit-custom-fr","9":"product_cat-vw-fr","10":"product_cat-vw-t5-fr","11":"product_cat-vw-t6-fr","12":"product_shipping_class-classe-dexpedition-large","14":"first","15":"instock","16":"taxable","17":"shipping-taxable","18":"purchasable","19":"product-type-variable"},"acf":[],"gallery_images":[],"_links":{"self":[{"href":"https:\/\/hgm-rack.at\/fr\/wp-json\/wp\/v2\/product\/25992252","targetHints":{"allow":["GET"]}}],"collection":[{"href":"https:\/\/hgm-rack.at\/fr\/wp-json\/wp\/v2\/product"}],"about":[{"href":"https:\/\/hgm-rack.at\/fr\/wp-json\/wp\/v2\/types\/product"}],"replies":[{"embeddable":true,"href":"https:\/\/hgm-rack.at\/fr\/wp-json\/wp\/v2\/comments?post=25992252"}],"wp:featuredmedia":[{"embeddable":true,"href":"https:\/\/hgm-rack.at\/fr\/wp-json\/wp\/v2\/media\/25995293"}],"wp:attachment":[{"href":"https:\/\/hgm-rack.at\/fr\/wp-json\/wp\/v2\/media?parent=25992252"}],"wp:term":[{"taxonomy":"product_brand","embeddable":true,"href":"https:\/\/hgm-rack.at\/fr\/wp-json\/wp\/v2\/product_brand?post=25992252"},{"taxonomy":"product_cat","embeddable":true,"href":"https:\/\/hgm-rack.at\/fr\/wp-json\/wp\/v2\/product_cat?post=25992252"},{"taxonomy":"product_tag","embeddable":true,"href":"https:\/\/hgm-rack.at\/fr\/wp-json\/wp\/v2\/product_tag?post=25992252"}],"curies":[{"name":"wp","href":"https:\/\/api.w.org\/{rel}","templated":true}]}}