{"id":25992256,"date":"2022-04-22T11:25:48","date_gmt":"2022-04-22T09:25:48","guid":{"rendered":"https:\/\/hgm-rack.at\/produkt\/support-fiamma-f45-adapte-aux-barres-transversales-flexi-250-flexi-300-et-standart\/"},"modified":"2025-07-18T11:31:06","modified_gmt":"2025-07-18T09:31:06","slug":"support-fiamma-f45-adapte-aux-barres-transversales-flexi-250-flexi-300-et-standart","status":"publish","type":"product","link":"https:\/\/hgm-rack.at\/fr\/produit\/support-fiamma-f45-adapte-aux-barres-transversales-flexi-250-flexi-300-et-standart\/","title":{"rendered":"Support Fiamma\u00ae F45 adapt\u00e9 aux barres transversales Flexi 250, Flexi 300 et Standart"},"content":{"rendered":"<p>Avec ces supports, ton Fiamma\u00ae F45 s&rsquo;adapte aussi \u00e0 ta galerie de toit !<\/p>\n<p>Le montage est bien s\u00fbr possible ult\u00e9rieurement sur n&rsquo;importe quelle galerie Flexi sans travaux de d\u00e9montage.<\/p>\n<p><strong>Attention ! <\/strong>Le store doit \u00eatre perc\u00e9 avec des trous de 4 mm.<\/p>\n","protected":false},"excerpt":{"rendered":"<p><strong>Avec ces adaptateurs, tu peux monter ton Fiamma\u00ae F45 sur tous les Flexi Roofracks et nos barres transversales standard !<\/strong><\/p>\n","protected":false},"featured_media":25992258,"comment_status":"open","ping_status":"closed","template":"","meta":{"_acf_changed":false,"_et_pb_use_builder":"","_et_pb_old_content":"","_et_gb_content_width":""},"product_brand":[],"product_cat":[1024,1028],"product_tag":[],"class_list":{"0":"post-25992256","1":"product","2":"type-product","3":"status-publish","4":"has-post-thumbnail","6":"product_cat-accessoires","7":"product_cat-stores","8":"product_shipping_class-classe-dexpedition-small","10":"first","11":"instock","12":"taxable","13":"shipping-taxable","14":"purchasable","15":"product-type-variable"},"acf":[],"gallery_images":[25992259,25992260],"_links":{"self":[{"href":"https:\/\/hgm-rack.at\/fr\/wp-json\/wp\/v2\/product\/25992256","targetHints":{"allow":["GET"]}}],"collection":[{"href":"https:\/\/hgm-rack.at\/fr\/wp-json\/wp\/v2\/product"}],"about":[{"href":"https:\/\/hgm-rack.at\/fr\/wp-json\/wp\/v2\/types\/product"}],"replies":[{"embeddable":true,"href":"https:\/\/hgm-rack.at\/fr\/wp-json\/wp\/v2\/comments?post=25992256"}],"wp:featuredmedia":[{"embeddable":true,"href":"https:\/\/hgm-rack.at\/fr\/wp-json\/wp\/v2\/media\/25992258"}],"wp:attachment":[{"href":"https:\/\/hgm-rack.at\/fr\/wp-json\/wp\/v2\/media?parent=25992256"}],"wp:term":[{"taxonomy":"product_brand","embeddable":true,"href":"https:\/\/hgm-rack.at\/fr\/wp-json\/wp\/v2\/product_brand?post=25992256"},{"taxonomy":"product_cat","embeddable":true,"href":"https:\/\/hgm-rack.at\/fr\/wp-json\/wp\/v2\/product_cat?post=25992256"},{"taxonomy":"product_tag","embeddable":true,"href":"https:\/\/hgm-rack.at\/fr\/wp-json\/wp\/v2\/product_tag?post=25992256"}],"curies":[{"name":"wp","href":"https:\/\/api.w.org\/{rel}","templated":true}]}}