{"id":25992264,"date":"2022-04-23T12:05:41","date_gmt":"2024-09-06T07:48:42","guid":{"rendered":"https:\/\/hgm-rack.at\/produkt\/jeu-de-barres-de-toit-ford-transit-l2h2\/"},"modified":"2025-06-09T14:48:11","modified_gmt":"2025-06-09T12:48:11","slug":"jeu-de-barres-de-toit-ford-transit-l2h2","status":"publish","type":"product","link":"https:\/\/hgm-rack.at\/fr\/produit\/jeu-de-barres-de-toit-ford-transit-l2h2\/","title":{"rendered":"Jeu de barres de toit Ford Transit L2H2"},"content":{"rendered":"<p><strong>Ton nouveau compagnon d&rsquo;aventure et de chantier ! !!  <\/strong><\/p>\n<p>Les barres de toit pour le Transit L2H2 sont id\u00e9ales pour le montage de panneaux photovolta\u00efques, de coffres de toit ou de tentes de toit. Bien entendu, nos anneaux d&rsquo;arrimage pivotants et les adaptateurs Fiamma\u00ae F45 sont \u00e9galement adapt\u00e9s \u00e0 cette s\u00e9rie.<\/p>\n<p><strong>capacit\u00e9 de charge : <\/strong> 150kg dynamique (avec r\u00e9partition uniforme !)<\/p>\n<p>300kg statique (avec une r\u00e9partition uniforme !)<\/p>\n<p><strong>Dimensions : <\/strong>Longueur : 287cm<\/p>\n<p>Largeur:167cm<\/p>\n<p>&nbsp;<\/p>\n<p><strong>Dimensions de la traverse : <\/strong>164x4x4cm<\/p>\n<p><strong>T\u00fcv \u00e0 la discr\u00e9tion de l&rsquo;expert !<\/strong><\/p>\n<p>&nbsp;<\/p>\n","protected":false},"excerpt":{"rendered":"<p><strong>Ton nouveau syst\u00e8me Roofrack pour le Transit L2H2 !<\/strong><\/p>\n","protected":false},"featured_media":25992265,"comment_status":"open","ping_status":"closed","template":"","meta":{"_acf_changed":false,"_et_pb_use_builder":"","_et_pb_old_content":"","_et_gb_content_width":""},"product_brand":[],"product_cat":[1012,1029,1030],"product_tag":[],"class_list":{"0":"post-25992264","1":"product","2":"type-product","3":"status-publish","4":"has-post-thumbnail","6":"product_cat-barres-de-toit","7":"product_cat-ford-fr","8":"product_cat-ford-transit-fr","9":"product_shipping_class-classe-dexpedition-xxl","11":"first","12":"outofstock","13":"taxable","14":"shipping-taxable","15":"purchasable","16":"product-type-simple"},"acf":[],"gallery_images":[25992266,25992267],"_links":{"self":[{"href":"https:\/\/hgm-rack.at\/fr\/wp-json\/wp\/v2\/product\/25992264","targetHints":{"allow":["GET"]}}],"collection":[{"href":"https:\/\/hgm-rack.at\/fr\/wp-json\/wp\/v2\/product"}],"about":[{"href":"https:\/\/hgm-rack.at\/fr\/wp-json\/wp\/v2\/types\/product"}],"replies":[{"embeddable":true,"href":"https:\/\/hgm-rack.at\/fr\/wp-json\/wp\/v2\/comments?post=25992264"}],"wp:featuredmedia":[{"embeddable":true,"href":"https:\/\/hgm-rack.at\/fr\/wp-json\/wp\/v2\/media\/25992265"}],"wp:attachment":[{"href":"https:\/\/hgm-rack.at\/fr\/wp-json\/wp\/v2\/media?parent=25992264"}],"wp:term":[{"taxonomy":"product_brand","embeddable":true,"href":"https:\/\/hgm-rack.at\/fr\/wp-json\/wp\/v2\/product_brand?post=25992264"},{"taxonomy":"product_cat","embeddable":true,"href":"https:\/\/hgm-rack.at\/fr\/wp-json\/wp\/v2\/product_cat?post=25992264"},{"taxonomy":"product_tag","embeddable":true,"href":"https:\/\/hgm-rack.at\/fr\/wp-json\/wp\/v2\/product_tag?post=25992264"}],"curies":[{"name":"wp","href":"https:\/\/api.w.org\/{rel}","templated":true}]}}