{"id":25992268,"date":"2022-08-20T18:38:23","date_gmt":"2022-08-20T16:38:23","guid":{"rendered":"https:\/\/hgm-rack.at\/produkt\/support-de-barres-de-toit-flexi-pour-ford-transit\/"},"modified":"2025-06-09T14:48:18","modified_gmt":"2025-06-09T12:48:18","slug":"support-de-barres-de-toit-flexi-pour-ford-transit","status":"publish","type":"product","link":"https:\/\/hgm-rack.at\/fr\/produit\/support-de-barres-de-toit-flexi-pour-ford-transit\/","title":{"rendered":"Support de barres de toit Flexi Ford Transit"},"content":{"rendered":"<h2>Support de barres de toit Flexi Ford Transit<\/h2>\n<p>Nos supports de barres de toit maintenant aussi pour le grand Ford Transit. Lance ton projet DIY de barres de toit. <\/p>\n<p>Convient \u00e0 tous les mod\u00e8les avec points fixes sur le toit !<\/p>\n<ul>\n<li>La hauteur est r\u00e9glable de 70mm \u00e0 87mm !<\/li>\n<li>Fabriqu\u00e9 en acier inoxydable de 3 mm<\/li>\n<li>capacit\u00e9 de charge 75kg en utilisant des profil\u00e9s en aluminium 40&#215;40 (2x support + traverse)<\/li>\n<\/ul>\n<p><strong>Contenu de la livraison :<\/strong><\/p>\n<ul>\n<li class=\"Text\"><span lang=\"DE\">1x support de barres de toit Flexi pour Ford Transit<\/span><\/li>\n<li class=\"Text\"><span lang=\"DE\">1x accessoires de montage (vis + \u00e9crous, joint en caoutchouc, plaquette en plastique, rondelle de s\u00e9curit\u00e9 en m\u00e9tal)<\/span><\/li>\n<\/ul>\n<p><strong>T\u00fcv \u00e0 la discr\u00e9tion de l&rsquo;expert<\/strong><\/p>\n<p><strong>Le prix s&rsquo;entend par pi\u00e8ce<\/strong><\/p>\n<p>&nbsp;<\/p>\n","protected":false},"excerpt":{"rendered":"<h1><strong>Support de barres de toit Flexi Ford Transit pour ton projet de barres de toit DIY !<\/strong><\/h1>\n<p>Convient pour le ,,grand \u00ab  \u00bb Transit !<\/p>\n","protected":false},"featured_media":26008895,"comment_status":"open","ping_status":"closed","template":"","meta":{"_acf_changed":false,"_et_pb_use_builder":"","_et_pb_old_content":"","_et_gb_content_width":""},"product_brand":[],"product_cat":[1012,1029,1030],"product_tag":[],"class_list":{"0":"post-25992268","1":"product","2":"type-product","3":"status-publish","4":"has-post-thumbnail","6":"product_cat-barres-de-toit","7":"product_cat-ford-fr","8":"product_cat-ford-transit-fr","9":"product_shipping_class-classe-dexpedition-small","10":"pa_zubehoer-excl-coulisseau-pour-profile-en-aluminium-40x40","11":"pa_zubehoer-incl-coulisseau-pour-profile-en-aluminium-40x40","13":"first","14":"instock","15":"taxable","16":"shipping-taxable","17":"purchasable","18":"product-type-variable"},"acf":[],"gallery_images":[26008900,26008921,26008906],"_links":{"self":[{"href":"https:\/\/hgm-rack.at\/fr\/wp-json\/wp\/v2\/product\/25992268","targetHints":{"allow":["GET"]}}],"collection":[{"href":"https:\/\/hgm-rack.at\/fr\/wp-json\/wp\/v2\/product"}],"about":[{"href":"https:\/\/hgm-rack.at\/fr\/wp-json\/wp\/v2\/types\/product"}],"replies":[{"embeddable":true,"href":"https:\/\/hgm-rack.at\/fr\/wp-json\/wp\/v2\/comments?post=25992268"}],"wp:featuredmedia":[{"embeddable":true,"href":"https:\/\/hgm-rack.at\/fr\/wp-json\/wp\/v2\/media\/26008895"}],"wp:attachment":[{"href":"https:\/\/hgm-rack.at\/fr\/wp-json\/wp\/v2\/media?parent=25992268"}],"wp:term":[{"taxonomy":"product_brand","embeddable":true,"href":"https:\/\/hgm-rack.at\/fr\/wp-json\/wp\/v2\/product_brand?post=25992268"},{"taxonomy":"product_cat","embeddable":true,"href":"https:\/\/hgm-rack.at\/fr\/wp-json\/wp\/v2\/product_cat?post=25992268"},{"taxonomy":"product_tag","embeddable":true,"href":"https:\/\/hgm-rack.at\/fr\/wp-json\/wp\/v2\/product_tag?post=25992268"}],"curies":[{"name":"wp","href":"https:\/\/api.w.org\/{rel}","templated":true}]}}