{"id":25992280,"date":"2022-11-19T21:34:39","date_gmt":"2024-09-06T07:48:49","guid":{"rendered":"https:\/\/hgm-rack.at\/produkt\/point-de-contact-de-la-compagnie-aerienne\/"},"modified":"2025-06-09T14:48:15","modified_gmt":"2025-06-09T12:48:15","slug":"point-de-contact-de-la-compagnie-aerienne","status":"publish","type":"product","link":"https:\/\/hgm-rack.at\/fr\/produit\/point-de-contact-de-la-compagnie-aerienne\/","title":{"rendered":"Point de contact de la compagnie a\u00e9rienne"},"content":{"rendered":"<h2>Point d&rsquo;ancrage Airline pour s&rsquo;adapter \u00e0 tous les roofracks HGM.<\/h2>\n<p>Avec ces points d&rsquo;ancrage, tu peux utiliser nos raccords Airline et nos sangles d&rsquo;arrimage Airline. Pour un arrimage parfait et surtout s\u00fbr, nous recommandons nos <a href=\"https:\/\/hgm-rack.at\/fr\/produit\/airlinefitting-avec-anneau-darrimage\/\">raccords<\/a>! <\/p>\n<p>Sur le Flexi 250, jusqu&rsquo;\u00e0 20 pi\u00e8ces<\/p>\n<p>Sur le Flexi 300, jusqu&rsquo;\u00e0 22 pi\u00e8ces<\/p>\n<p>Sur le Flexi 325, jusqu&rsquo;\u00e0 24 pi\u00e8ces<\/p>\n<p>Sur l&rsquo;Ineos Grenadier, max. 8 pi\u00e8ces (sur le Safari-Rack, d\u00e9j\u00e0 6 pi\u00e8ces sur la partie avant incluses) <\/p>\n<p>Le montage est bien s\u00fbr possible \u00e0 une date ult\u00e9rieure !<\/p>\n<p><strong>Le prix s&rsquo;entend par pi\u00e8ce !<\/strong><\/p>\n","protected":false},"excerpt":{"rendered":"<h1><strong>Point d&rsquo;ancrage Airline pour tes barres de toit HGM<\/strong><\/h1>\n","protected":false},"featured_media":26004908,"comment_status":"open","ping_status":"closed","template":"","meta":{"_acf_changed":false,"_et_pb_use_builder":"","_et_pb_old_content":"","_et_gb_content_width":""},"product_brand":[],"product_cat":[1024,1049,1025],"product_tag":[],"class_list":{"0":"post-25992280","1":"product","2":"type-product","3":"status-publish","4":"has-post-thumbnail","6":"product_cat-accessoires","7":"product_cat-securites-de-transport","8":"product_cat-systemes-de-compagnies-aeriennes","9":"product_shipping_class-classe-dexpedition-small","11":"first","12":"instock","13":"taxable","14":"shipping-taxable","15":"purchasable","16":"product-type-simple"},"acf":[],"gallery_images":[26004913],"_links":{"self":[{"href":"https:\/\/hgm-rack.at\/fr\/wp-json\/wp\/v2\/product\/25992280","targetHints":{"allow":["GET"]}}],"collection":[{"href":"https:\/\/hgm-rack.at\/fr\/wp-json\/wp\/v2\/product"}],"about":[{"href":"https:\/\/hgm-rack.at\/fr\/wp-json\/wp\/v2\/types\/product"}],"replies":[{"embeddable":true,"href":"https:\/\/hgm-rack.at\/fr\/wp-json\/wp\/v2\/comments?post=25992280"}],"wp:featuredmedia":[{"embeddable":true,"href":"https:\/\/hgm-rack.at\/fr\/wp-json\/wp\/v2\/media\/26004908"}],"wp:attachment":[{"href":"https:\/\/hgm-rack.at\/fr\/wp-json\/wp\/v2\/media?parent=25992280"}],"wp:term":[{"taxonomy":"product_brand","embeddable":true,"href":"https:\/\/hgm-rack.at\/fr\/wp-json\/wp\/v2\/product_brand?post=25992280"},{"taxonomy":"product_cat","embeddable":true,"href":"https:\/\/hgm-rack.at\/fr\/wp-json\/wp\/v2\/product_cat?post=25992280"},{"taxonomy":"product_tag","embeddable":true,"href":"https:\/\/hgm-rack.at\/fr\/wp-json\/wp\/v2\/product_tag?post=25992280"}],"curies":[{"name":"wp","href":"https:\/\/api.w.org\/{rel}","templated":true}]}}