{"id":25992327,"date":"2023-03-19T16:50:28","date_gmt":"2023-03-19T15:50:28","guid":{"rendered":"https:\/\/hgm-rack.at\/produkt\/set-de-montage-fiamma-f35-pour-flexi-250-et-flexi-300\/"},"modified":"2025-06-09T14:48:18","modified_gmt":"2025-06-09T12:48:18","slug":"set-de-montage-fiamma-f35-pour-flexi-250-et-flexi-300","status":"publish","type":"product","link":"https:\/\/hgm-rack.at\/fr\/produit\/set-de-montage-fiamma-f35-pour-flexi-250-et-flexi-300\/","title":{"rendered":"Kit de montage Fiamma\u00ae F35 pour Flexi 250, Flexi 300 et Flexi 325"},"content":{"rendered":"<p>Avec ce kit de montage, tu peux fixer ton store Fiamma\u00ae F35 sur le Flexi 250 ou le Flexi 300. Les 9 vis sont gliss\u00e9es dans la rainure en C du store et viss\u00e9es aux trous lat\u00e9raux des panneaux lat\u00e9raux de l&rsquo;int\u00e9rieur.<\/p>\n","protected":false},"excerpt":{"rendered":"<p>Tu as d\u00e9j\u00e0 une Fiamma\u00ae F35 ? Avec ce kit de montage, tu peux les fixer sur nos parties lat\u00e9rales.<\/p>\n","protected":false},"featured_media":25992329,"comment_status":"open","ping_status":"closed","template":"","meta":{"_acf_changed":false,"_et_pb_use_builder":"","_et_pb_old_content":"","_et_gb_content_width":""},"product_brand":[],"product_cat":[1024,1028],"product_tag":[],"class_list":{"0":"post-25992327","1":"product","2":"type-product","3":"status-publish","4":"has-post-thumbnail","6":"product_cat-accessoires","7":"product_cat-stores","8":"product_shipping_class-classe-dexpedition-small","10":"first","11":"instock","12":"taxable","13":"shipping-taxable","14":"purchasable","15":"product-type-simple"},"acf":[],"gallery_images":[],"_links":{"self":[{"href":"https:\/\/hgm-rack.at\/fr\/wp-json\/wp\/v2\/product\/25992327","targetHints":{"allow":["GET"]}}],"collection":[{"href":"https:\/\/hgm-rack.at\/fr\/wp-json\/wp\/v2\/product"}],"about":[{"href":"https:\/\/hgm-rack.at\/fr\/wp-json\/wp\/v2\/types\/product"}],"replies":[{"embeddable":true,"href":"https:\/\/hgm-rack.at\/fr\/wp-json\/wp\/v2\/comments?post=25992327"}],"wp:featuredmedia":[{"embeddable":true,"href":"https:\/\/hgm-rack.at\/fr\/wp-json\/wp\/v2\/media\/25992329"}],"wp:attachment":[{"href":"https:\/\/hgm-rack.at\/fr\/wp-json\/wp\/v2\/media?parent=25992327"}],"wp:term":[{"taxonomy":"product_brand","embeddable":true,"href":"https:\/\/hgm-rack.at\/fr\/wp-json\/wp\/v2\/product_brand?post=25992327"},{"taxonomy":"product_cat","embeddable":true,"href":"https:\/\/hgm-rack.at\/fr\/wp-json\/wp\/v2\/product_cat?post=25992327"},{"taxonomy":"product_tag","embeddable":true,"href":"https:\/\/hgm-rack.at\/fr\/wp-json\/wp\/v2\/product_tag?post=25992327"}],"curies":[{"name":"wp","href":"https:\/\/api.w.org\/{rel}","templated":true}]}}