{"id":25992332,"date":"2023-04-29T09:07:58","date_gmt":"2024-09-06T07:48:57","guid":{"rendered":"https:\/\/hgm-rack.at\/produkt\/airlinefitting-avec-anneau-darrimage\/"},"modified":"2025-06-09T14:48:25","modified_gmt":"2025-06-09T12:48:25","slug":"airlinefitting-avec-anneau-darrimage","status":"publish","type":"product","link":"https:\/\/hgm-rack.at\/fr\/produit\/airlinefitting-avec-anneau-darrimage\/","title":{"rendered":"Airlinefitting avec anneau d&rsquo;arrimage"},"content":{"rendered":"<p>Avec ces raccords Airline, tu peux facilement s\u00e9curiser ton chargement ou fixer une voile d&rsquo;ombrage, des cordes \u00e0 linge ou tout ce dont tu as besoin sur tes <a href=\"https:\/\/hgm-rack.at\/produkt\/airlineschienen-fuer-flexi-300-1-seite\/\">rails lat\u00e9raux Ailrin<\/a> ou sur les <a href=\"https:\/\/hgm-rack.at\/fr\/produit\/point-de-contact-de-la-compagnie-aerienne\/\">points d&rsquo;arrimage<\/a> pour le c\u00f4t\u00e9 sup\u00e9rieur des panneaux lat\u00e9raux.<\/p>\n<p>&nbsp;<\/p>\n","protected":false},"excerpt":{"rendered":"<h1><strong>Airlinefitting avec anneau d&rsquo;arrimage<\/strong><\/h1>\n<p><strong>Avec ces raccords Airline, tu peux facilement s\u00e9curiser ton chargement ou fixer une voile d&rsquo;ombrage, des cordes \u00e0 linge ou tout ce dont tu as besoin sur tes rails lat\u00e9raux Ailrin ou sur les points d&rsquo;ancrage pour le c\u00f4t\u00e9 sup\u00e9rieur des panneaux lat\u00e9raux.<\/strong><\/p>\n","protected":false},"featured_media":25992342,"comment_status":"open","ping_status":"closed","template":"","meta":{"_acf_changed":false,"_et_pb_use_builder":"","_et_pb_old_content":"","_et_gb_content_width":""},"product_brand":[],"product_cat":[1024,1025],"product_tag":[],"class_list":{"0":"post-25992332","1":"product","2":"type-product","3":"status-publish","4":"has-post-thumbnail","6":"product_cat-accessoires","7":"product_cat-systemes-de-compagnies-aeriennes","8":"product_shipping_class-classe-dexpedition-small","10":"first","11":"instock","12":"taxable","13":"shipping-taxable","14":"purchasable","15":"product-type-simple"},"acf":[],"gallery_images":[26004919],"_links":{"self":[{"href":"https:\/\/hgm-rack.at\/fr\/wp-json\/wp\/v2\/product\/25992332","targetHints":{"allow":["GET"]}}],"collection":[{"href":"https:\/\/hgm-rack.at\/fr\/wp-json\/wp\/v2\/product"}],"about":[{"href":"https:\/\/hgm-rack.at\/fr\/wp-json\/wp\/v2\/types\/product"}],"replies":[{"embeddable":true,"href":"https:\/\/hgm-rack.at\/fr\/wp-json\/wp\/v2\/comments?post=25992332"}],"wp:featuredmedia":[{"embeddable":true,"href":"https:\/\/hgm-rack.at\/fr\/wp-json\/wp\/v2\/media\/25992342"}],"wp:attachment":[{"href":"https:\/\/hgm-rack.at\/fr\/wp-json\/wp\/v2\/media?parent=25992332"}],"wp:term":[{"taxonomy":"product_brand","embeddable":true,"href":"https:\/\/hgm-rack.at\/fr\/wp-json\/wp\/v2\/product_brand?post=25992332"},{"taxonomy":"product_cat","embeddable":true,"href":"https:\/\/hgm-rack.at\/fr\/wp-json\/wp\/v2\/product_cat?post=25992332"},{"taxonomy":"product_tag","embeddable":true,"href":"https:\/\/hgm-rack.at\/fr\/wp-json\/wp\/v2\/product_tag?post=25992332"}],"curies":[{"name":"wp","href":"https:\/\/api.w.org\/{rel}","templated":true}]}}