{"id":25992357,"date":"2024-03-17T11:51:54","date_gmt":"2024-03-17T10:51:54","guid":{"rendered":"https:\/\/hgm-rack.at\/produkt\/rails-airlin-pour-flexi-250-300\/"},"modified":"2025-06-09T14:48:39","modified_gmt":"2025-06-09T12:48:39","slug":"rails-airlin-pour-flexi-250-300","status":"publish","type":"product","link":"https:\/\/hgm-rack.at\/fr\/produit\/rails-airlin-pour-flexi-250-300\/","title":{"rendered":"Rails Airlin pour panneau lat\u00e9ral"},"content":{"rendered":"<p>Jeu de rails Airlin en 2 parties pour <strong>un c\u00f4t\u00e9<\/strong> de ton roofrack Flexi 250\/300 ou 325.<\/p>\n<p>En plus de l&rsquo;aspect tout-terrain, ce jeu de rails Airlin te permet de monter des accessoires \u00e0 l&rsquo;aide de<a href=\"https:\/\/hgm-rack.at\/fr\/produit\/airlinefitting-avec-anneau-darrimage\/\"> raccords<\/a> sans outils.<\/p>\n<p><strong>Un seul accessoire peut \u00eatre mont\u00e9 par c\u00f4t\u00e9 ! Tous les articles d&rsquo;extension comme les stores ou notre \u00e9chelle se montent sans les rails Airlin. <\/strong><\/p>\n<p><strong>Dimensions Flexi 250 :<\/strong><\/p>\n<p>Rail Airlin \u00e0 l&rsquo;avant : 1050mm<\/p>\n<p>Rail Airlin arri\u00e8re : 1050mm<\/p>\n<p>&nbsp;<\/p>\n<p><strong>Dimensions Flexi 300 :<\/strong><\/p>\n<p>Rail Airlin \u00e0 l&rsquo;avant : 1240mm<\/p>\n<p>Rail Airlin arri\u00e8re : 1190mm<\/p>\n<p><strong>Dimensions Flexi 325 : (ici, tu as la possibilit\u00e9 de monter un \u00e9clairage d&rsquo;ambiance au milieu)<\/strong><\/p>\n<p>Rail Airlin \u00e0 l&rsquo;avant : 1240mm<\/p>\n<p>Rail Airlin arri\u00e8re : 1190mm<\/p>\n<p>&nbsp;<\/p>\n","protected":false},"excerpt":{"rendered":"<p>Am\u00e9liore ta barre de toit Flexi 250,300 ou 325 avec nos rails Airlin en 2 parties !<\/p>\n","protected":false},"featured_media":25992248,"comment_status":"open","ping_status":"closed","template":"","meta":{"_acf_changed":false,"_et_pb_use_builder":"","_et_pb_old_content":"","_et_gb_content_width":""},"product_brand":[],"product_cat":[1024,1025],"product_tag":[],"class_list":{"0":"post-25992357","1":"product","2":"type-product","3":"status-publish","4":"has-post-thumbnail","6":"product_cat-accessoires","7":"product_cat-systemes-de-compagnies-aeriennes","8":"product_shipping_class-classe-dexpedition-medium","9":"pa_variante-flexi-250-empattement-court","10":"pa_variante-flexi-300-empattement-long","11":"pa_variante-flexi-325-empattement-long-ford-trc-a-partir-de-2024","13":"first","14":"instock","15":"taxable","16":"shipping-taxable","17":"purchasable","18":"product-type-variable"},"acf":[],"gallery_images":[25992358,26004796],"_links":{"self":[{"href":"https:\/\/hgm-rack.at\/fr\/wp-json\/wp\/v2\/product\/25992357","targetHints":{"allow":["GET"]}}],"collection":[{"href":"https:\/\/hgm-rack.at\/fr\/wp-json\/wp\/v2\/product"}],"about":[{"href":"https:\/\/hgm-rack.at\/fr\/wp-json\/wp\/v2\/types\/product"}],"replies":[{"embeddable":true,"href":"https:\/\/hgm-rack.at\/fr\/wp-json\/wp\/v2\/comments?post=25992357"}],"wp:featuredmedia":[{"embeddable":true,"href":"https:\/\/hgm-rack.at\/fr\/wp-json\/wp\/v2\/media\/25992248"}],"wp:attachment":[{"href":"https:\/\/hgm-rack.at\/fr\/wp-json\/wp\/v2\/media?parent=25992357"}],"wp:term":[{"taxonomy":"product_brand","embeddable":true,"href":"https:\/\/hgm-rack.at\/fr\/wp-json\/wp\/v2\/product_brand?post=25992357"},{"taxonomy":"product_cat","embeddable":true,"href":"https:\/\/hgm-rack.at\/fr\/wp-json\/wp\/v2\/product_cat?post=25992357"},{"taxonomy":"product_tag","embeddable":true,"href":"https:\/\/hgm-rack.at\/fr\/wp-json\/wp\/v2\/product_tag?post=25992357"}],"curies":[{"name":"wp","href":"https:\/\/api.w.org\/{rel}","templated":true}]}}