{"id":25992370,"date":"2024-03-27T17:47:10","date_gmt":"2024-03-27T16:47:10","guid":{"rendered":"https:\/\/hgm-rack.at\/produkt\/barres-de-toit-id-buzz\/"},"modified":"2025-06-09T14:48:44","modified_gmt":"2025-06-09T12:48:44","slug":"barres-de-toit-id-buzz","status":"publish","type":"product","link":"https:\/\/hgm-rack.at\/fr\/produit\/barres-de-toit-id-buzz\/","title":{"rendered":"Barres de toit ID. Buzz (empattement court)"},"content":{"rendered":"<p><strong>Ta nouvelle galerie de toit pour le ID. Buzz ( empattement court) dans le nouveau design HGM ! <\/strong><\/p>\n<p>Extensible avec des rails Airlin, le Fiamma F45s 230cm, nos phares avant et arri\u00e8re et bien s\u00fbr notre \u00e9chelle.<\/p>\n<p><strong>(d\u00e9lai de livraison de 3 semaines)<\/strong><\/p>\n<p><strong>Dimensions :  <\/strong><\/p>\n<p>Longueur : 207cm<\/p>\n<p>Largeur \u00e0 l&rsquo;avant : 140cm<\/p>\n<p>Largeur \u00e0 l&rsquo;arri\u00e8re : 137cm<\/p>\n<p>Hauteur de construction : environ 7cm<\/p>\n<p>&nbsp;<\/p>\n<p>Poids : environ 35kg<\/p>\n<p>&nbsp;<\/p>\n","protected":false},"excerpt":{"rendered":"<p><strong>Ton nouveau compagnon \u00e0 l&rsquo;ID. Buzz dans le nouveau design HGM ! Buzz parfait !  <\/strong><\/p>\n","protected":false},"featured_media":26008859,"comment_status":"open","ping_status":"closed","template":"","meta":{"_acf_changed":false,"_et_pb_use_builder":"","_et_pb_old_content":"","_et_gb_content_width":""},"product_brand":[],"product_cat":[1012,1018,1048],"product_tag":[],"class_list":{"0":"post-25992370","1":"product","2":"type-product","3":"status-publish","4":"has-post-thumbnail","6":"product_cat-barres-de-toit","7":"product_cat-vw-fr","8":"product_cat-vw-id-buzz-fr","9":"product_shipping_class-classe-dexpedition-xxl","11":"first","12":"instock","13":"taxable","14":"shipping-taxable","15":"purchasable","16":"product-type-simple"},"acf":[],"gallery_images":[25992380,25992381,26008855],"_links":{"self":[{"href":"https:\/\/hgm-rack.at\/fr\/wp-json\/wp\/v2\/product\/25992370","targetHints":{"allow":["GET"]}}],"collection":[{"href":"https:\/\/hgm-rack.at\/fr\/wp-json\/wp\/v2\/product"}],"about":[{"href":"https:\/\/hgm-rack.at\/fr\/wp-json\/wp\/v2\/types\/product"}],"replies":[{"embeddable":true,"href":"https:\/\/hgm-rack.at\/fr\/wp-json\/wp\/v2\/comments?post=25992370"}],"wp:featuredmedia":[{"embeddable":true,"href":"https:\/\/hgm-rack.at\/fr\/wp-json\/wp\/v2\/media\/26008859"}],"wp:attachment":[{"href":"https:\/\/hgm-rack.at\/fr\/wp-json\/wp\/v2\/media?parent=25992370"}],"wp:term":[{"taxonomy":"product_brand","embeddable":true,"href":"https:\/\/hgm-rack.at\/fr\/wp-json\/wp\/v2\/product_brand?post=25992370"},{"taxonomy":"product_cat","embeddable":true,"href":"https:\/\/hgm-rack.at\/fr\/wp-json\/wp\/v2\/product_cat?post=25992370"},{"taxonomy":"product_tag","embeddable":true,"href":"https:\/\/hgm-rack.at\/fr\/wp-json\/wp\/v2\/product_tag?post=25992370"}],"curies":[{"name":"wp","href":"https:\/\/api.w.org\/{rel}","templated":true}]}}