{"id":25992378,"date":"2023-10-09T08:53:25","date_gmt":"2023-10-09T06:53:25","guid":{"rendered":"https:\/\/hgm-rack.at\/produkt\/echelle-avec-fonction-detendoir-a-linge\/"},"modified":"2025-09-22T21:06:02","modified_gmt":"2025-09-22T19:06:02","slug":"echelle-avec-fonction-detendoir-a-linge","status":"publish","type":"product","link":"https:\/\/hgm-rack.at\/fr\/produit\/echelle-avec-fonction-detendoir-a-linge\/","title":{"rendered":"\u00c9chelle pour barres de toit avec fonction d&rsquo;\u00e9tendoir \u00e0 linge"},"content":{"rendered":"<div class=\"flex-shrink-0 flex flex-col relative items-end\">\n<div>\n<div class=\"pt-0\">\n<div class=\"gizmo-bot-avatar flex h-8 w-8 items-center justify-center overflow-hidden rounded-full\">\n<div class=\"relative p-1 rounded-sm flex items-center justify-center bg-token-main-surface-primary text-token-text-primary h-8 w-8\"><\/div>\n<\/div>\n<\/div>\n<\/div>\n<\/div>\n<div class=\"group\/conversation-turn relative flex w-full min-w-0 flex-col agent-turn\">\n<div class=\"flex-col gap-1 md:gap-3\">\n<div class=\"flex max-w-full flex-col flex-grow\">\n<div class=\"min-h-8 text-message flex w-full flex-col items-end gap-2 whitespace-normal break-words text-start [.text-message+&amp;]:mt-5\" dir=\"auto\" data-message-author-role=\"assistant\" data-message-id=\"33301205-13b4-4588-ad5a-e8dae8261894\" data-message-model-slug=\"gpt-4o-mini\">\n<div class=\"flex w-full flex-col gap-1 empty:hidden first:pt-[3px]\">\n<div class=\"markdown prose w-full break-words dark:prose-invert light\">\n<h2><strong>\u00c9chelle pour barres de toit avec fonction d&rsquo;\u00e9tendoir \u00e0 linge &#8211; peu encombrante, polyvalente et innovante ! Convient \u00e0 tous les roofracks HGM <\/strong><\/h2>\n<p>L \u00ab <strong>\u00e9chelle pour barres de toit avec fonction d \u00bb \u00e9tendoir \u00e0 linge<\/strong> est une solution innovante pour tous ceux qui souhaitent \u00e9quiper leur v\u00e9hicule de mani\u00e8re efficace et multifonctionnelle. Cette \u00e9chelle sp\u00e9cialement con\u00e7ue s&rsquo;adapte parfaitement \u00e0 nos roofracks et offre une mani\u00e8re pratique de fixer une \u00e9chelle en toute s\u00e9curit\u00e9 tout en \u00e9conomisant de l&rsquo;espace. Elle facilite l&rsquo;acc\u00e8s aux coffres de toit et permet une manipulation confortable, m\u00eame dans les v\u00e9hicules hauts. De plus, elle dispose d&rsquo;une fonction suppl\u00e9mentaire astucieuse : un s\u00e9choir \u00e0 linge pour les d\u00e9placements.   <\/p>\n<h3>Polyvalence et flexibilit\u00e9 pour tes barres de toit<\/h3>\n<p>Notre <strong>\u00e9chelle avec fonction d \u00ab \u00e9tendoir \u00e0 linge<\/strong> est la solution id\u00e9ale pour les artisans, les campeurs, les passionn\u00e9s de plein air ou tous ceux qui se d\u00e9placent souvent. Le syst\u00e8me se monte directement sur les parties lat\u00e9rales de la barre de toit, ce qui signifie qu&rsquo;il n&rsquo;est pas n\u00e9cessaire d&rsquo;ajouter des rails Airlin ou de percer. Cette m\u00e9thode de fixation pratique rend l&rsquo;installation facile et rapide sans endommager ton v\u00e9hicule. Le design a \u00e9t\u00e9 sp\u00e9cialement con\u00e7u pour fixer l \u00bb \u00e9chelle de mani\u00e8re s\u00fbre et peu encombrante, afin que tu puisses l&rsquo;avoir rapidement \u00e0 port\u00e9e de main en cas de besoin.   <\/p>\n<p>Un avantage d\u00e9cisif de cette solution est la possibilit\u00e9 d&rsquo;utiliser l&rsquo;\u00e9chelle \u00e0 plusieurs fins. La <strong>fonction d&rsquo;\u00e9tendoir \u00e0 linge<\/strong> se d\u00e9plie en un clin d&rsquo;\u0153il. Tu peux donc utiliser l&rsquo;\u00e9chelle comme un s\u00e9choir \u00e0 linge pratique pour s\u00e9cher tes v\u00eatements ou tes serviettes lorsque tu es en d\u00e9placement &#8211; id\u00e9al pour les campeurs et les voyageurs. L&rsquo;\u00e9tendoir \u00e0 linge s&rsquo;actionne facilement en d\u00e9tachant les sangles de s\u00e9curit\u00e9 et offre une utilit\u00e9 suppl\u00e9mentaire lorsque tu es en voyage.   <\/p>\n<h3>Utilisation efficace des barres de toit<\/h3>\n<p>Gr\u00e2ce au montage lat\u00e9ral de l \u00ab \u00e9chelle, aucun espace suppl\u00e9mentaire n&rsquo;est pris sur la galerie de toit. L \u00bb \u00e9chelle est mont\u00e9e sur le v\u00e9hicule de telle sorte qu&rsquo;elle ne s \u00ab \u00e9l\u00e8ve que de la hauteur de la barre de toit, ce qui minimise la <strong>r\u00e9sistance \u00e0 l&rsquo;air<\/strong> et optimise l \u00bb<strong>a\u00e9rodynamisme<\/strong> de ton v\u00e9hicule. Cela entra\u00eene une meilleure efficacit\u00e9 \u00e9nerg\u00e9tique et te permet de circuler sans probl\u00e8me dans les parkings souterrains, m\u00eame les plus \u00e9troits.  <\/p>\n<p>Le petit volume suppl\u00e9mentaire permet \u00e0 ton v\u00e9hicule de rester compact sans pour autant renoncer \u00e0 la fonctionnalit\u00e9. Que tu veuilles acc\u00e9der facilement \u00e0 la <a href=\"https:\/\/hgm-rack.at\/fr\/produit\/sheepie-tente-de-toit-bookara-2-0\/\">tente de toit<\/a> ou que tu aies besoin d&rsquo;acc\u00e9der r\u00e9guli\u00e8rement au toit de ton v\u00e9hicule, cette \u00e9chelle te permet d&rsquo;y acc\u00e9der \u00e0 tout moment de mani\u00e8re s\u00fbre et confortable. <\/p>\n<h3>Confortable \u00e0 utiliser et facile \u00e0 mettre en place<\/h3>\n<p>L&rsquo;<strong>\u00e9chelle pour barres de toit avec fonction d&rsquo;\u00e9tendoir \u00e0 linge<\/strong> est particuli\u00e8rement facile \u00e0 utiliser. Lorsque tu as besoin de l&rsquo;\u00e9chelle sur ton v\u00e9hicule, il te suffit de la retirer des supports et de l&rsquo;appuyer en toute s\u00e9curit\u00e9 sur ton v\u00e9hicule. Le dispositif de serrage assure un rangement stable et s\u00fbr jusqu&rsquo;\u00e0 ce que tu aies \u00e0 nouveau besoin de l&rsquo;\u00e9chelle.  <\/p>\n<p>Comme les supports se fixent directement sur la barre de toit, tu n&rsquo;as pas besoin de t&#8217;emb\u00eater \u00e0 monter des rails ou des supports suppl\u00e9mentaires, ce qui te permet d&rsquo;\u00e9conomiser non seulement du temps mais aussi de l&rsquo;argent. C&rsquo;est particuli\u00e8rement pratique si tu souhaites utiliser ton \u00e9chelle de mani\u00e8re flexible \u00e0 d&rsquo;autres fins, en dehors de ton v\u00e9hicule. <\/p>\n<p>Mat\u00e9riaux et poids \u00c9chelle pour barres de toit avec fonction d&rsquo;\u00e9tendoir \u00e0 lingeNotre <strong>\u00e9chelle pour barres de toit avec fonction d&rsquo;\u00e9tendoir \u00e0 linge<\/strong> est robuste et durable. Les supports sont fabriqu\u00e9s en <strong>acier inoxydable de 3 mm<\/strong>, tandis que l&rsquo;\u00e9chelle elle-m\u00eame est une combinaison d&rsquo;<strong>aluminium et d&rsquo;acier inoxydable<\/strong>. Avec un poids de seulement <strong>5,5 kg<\/strong>, l&rsquo;\u00e9chelle reste n\u00e9anmoins stable et r\u00e9sistante, sans ajouter de poids inutile qui pourrait nuire au confort de conduite.  <\/p>\n<h3>Compatibilit\u00e9 et s\u00e9curit\u00e9<\/h3>\n<p>Il est important de noter que ce <strong>syst\u00e8me d&rsquo;\u00e9chelle<\/strong> est sp\u00e9cialement con\u00e7u pour les mod\u00e8les Flexi 250, Flexi 300, Flexi 325 et Ineos Grenadier. Il ne s&rsquo;adapte pas aux autres mod\u00e8les de barres de toit. Avant d&rsquo;acheter, assure-toi donc que ton v\u00e9hicule dispose de l&rsquo;un de ces roofracks compatibles afin de garantir le meilleur ajustement et la meilleure fonctionnalit\u00e9.  <\/p>\n<h3>Conclusion : ta solution id\u00e9ale pour plus de confort et de flexibilit\u00e9<\/h3>\n<p>L \u00ab <strong>\u00e9chelle pour barres de toit avec fonction d \u00bb \u00e9tendoir \u00e0 linge<\/strong> est un compl\u00e9ment parfait pour ton v\u00e9hicule. Elle \u00e9conomise de l&rsquo;espace, augmente la polyvalence et assure plus de confort en fixant une \u00e9chelle de mani\u00e8re s\u00fbre et efficace sur les barres de toit. Si tu cherches une solution pratique et peu encombrante tout en \u00e9tant polyvalente, ce syst\u00e8me est fait pour toi.  <\/p>\n<p>Exp\u00e9rimente la libert\u00e9 d&rsquo;acc\u00e9der \u00e0 tout moment au toit de ton v\u00e9hicule tout en profitant d&rsquo;une fonction suppl\u00e9mentaire d&rsquo;\u00e9tendoir \u00e0 linge &#8211; le tout avec un syst\u00e8me sp\u00e9cialement con\u00e7u pour tes barres de toit Flexi ou Grenadier. Obtiens d\u00e8s maintenant l&rsquo;<strong>\u00e9chelle pour barres de toit avec fonction d&rsquo;\u00e9tendoir \u00e0 linge<\/strong> et d\u00e9couvre une nouvelle dimension de mobilit\u00e9 et de flexibilit\u00e9 ! <\/p>\n<p>Pour plus d&rsquo;informations et des instructions d\u00e9taill\u00e9es, regarde la<a href=\"https:\/\/www.youtube.com\/watch?v=kLfh_IBh7bs&amp;t=16s\" rel=\"nofollow noopener\" target=\"_blank\"> vid\u00e9o de montage ici <\/a>.<\/p>\n<\/div>\n<\/div>\n<\/div>\n<\/div>\n<\/div>\n<\/div>\n<p>&nbsp;<\/p>\n<p>&nbsp;<\/p>\n<p>&nbsp;<\/p>\n<p>&nbsp;<\/p>\n","protected":false},"excerpt":{"rendered":"<h1>\u00c9chelle pour barres de toit avec fonction d&rsquo;\u00e9tendoir \u00e0 linge<\/h1>\n<p><strong>Que tu sois bricoleur, campeur ou passionn\u00e9 de plein air, notre solution innovante t&rsquo;aidera \u00e0 gagner de la place et \u00e0 garder ton \u00e9chelle \u00e0 port\u00e9e de main.<\/strong><\/p>\n","protected":false},"featured_media":25992753,"comment_status":"open","ping_status":"closed","template":"","meta":{"_acf_changed":false,"_et_pb_use_builder":"","_et_pb_old_content":"","_et_gb_content_width":""},"product_brand":[],"product_cat":[1024,1041],"product_tag":[],"class_list":{"0":"post-25992378","1":"product","2":"type-product","3":"status-publish","4":"has-post-thumbnail","6":"product_cat-accessoires","7":"product_cat-echelles","8":"product_shipping_class-classe-dexpedition-large","10":"first","11":"instock","12":"taxable","13":"shipping-taxable","14":"purchasable","15":"product-type-variable"},"acf":[],"gallery_images":[25992395,25994707,25992753,25995412],"_links":{"self":[{"href":"https:\/\/hgm-rack.at\/fr\/wp-json\/wp\/v2\/product\/25992378","targetHints":{"allow":["GET"]}}],"collection":[{"href":"https:\/\/hgm-rack.at\/fr\/wp-json\/wp\/v2\/product"}],"about":[{"href":"https:\/\/hgm-rack.at\/fr\/wp-json\/wp\/v2\/types\/product"}],"replies":[{"embeddable":true,"href":"https:\/\/hgm-rack.at\/fr\/wp-json\/wp\/v2\/comments?post=25992378"}],"wp:featuredmedia":[{"embeddable":true,"href":"https:\/\/hgm-rack.at\/fr\/wp-json\/wp\/v2\/media\/25992753"}],"wp:attachment":[{"href":"https:\/\/hgm-rack.at\/fr\/wp-json\/wp\/v2\/media?parent=25992378"}],"wp:term":[{"taxonomy":"product_brand","embeddable":true,"href":"https:\/\/hgm-rack.at\/fr\/wp-json\/wp\/v2\/product_brand?post=25992378"},{"taxonomy":"product_cat","embeddable":true,"href":"https:\/\/hgm-rack.at\/fr\/wp-json\/wp\/v2\/product_cat?post=25992378"},{"taxonomy":"product_tag","embeddable":true,"href":"https:\/\/hgm-rack.at\/fr\/wp-json\/wp\/v2\/product_tag?post=25992378"}],"curies":[{"name":"wp","href":"https:\/\/api.w.org\/{rel}","templated":true}]}}