{"id":25992385,"date":"2024-04-14T12:12:52","date_gmt":"2024-04-14T10:12:52","guid":{"rendered":"https:\/\/hgm-rack.at\/produkt\/3-4-rack-ineos-grenadier\/"},"modified":"2025-06-09T14:48:42","modified_gmt":"2025-06-09T12:48:42","slug":"3-4-rack-ineos-grenadier","status":"publish","type":"product","link":"https:\/\/hgm-rack.at\/fr\/produit\/3-4-rack-ineos-grenadier\/","title":{"rendered":"Barres de toit Ineos Grenadier"},"content":{"rendered":"<div class=\"react-scroll-to-bottom--css-nqdpd-79elbk _chat-scroller_ybums_31\">\n<div class=\"react-scroll-to-bottom--css-nqdpd-1n7m0yu _chat-scroller__scroll_ybums_34\">\n<div class=\"_chat-messages_ybums_17\">\n<div class=\"_chat-messages__inner_ybums_20\">\n<div>\n<div class=\"_message-item_tj7m6_1\">\n<div class=\"_message-item__content_tj7m6_9\">\n<div class=\"_message-content_3ffle_2 _message-content--markdown_3ffle_20\">\n<p>La galerie de toit Ineos Grenadier de HGM Rack est un roofrack performant, sp\u00e9cialement con\u00e7u pour l&rsquo;Ineos Grenadier. Il a \u00e9t\u00e9 con\u00e7u dans le but de combiner robustesse et polyvalence pour faire face \u00e0 toutes les aventures. Cette galerie de toit est id\u00e9ale pour monter des tentes de toit, des auvents et d&rsquo;autres accessoires que tu souhaites transporter sur ton v\u00e9hicule.  <\/p>\n<p><strong>Mat\u00e9riaux et finition de haute qualit\u00e9<\/strong><br \/>\nLa barre de toit est fabriqu\u00e9e en aluminium a\u00e9ronautique durable, ce qui lui conf\u00e8re une stabilit\u00e9 extr\u00eamement \u00e9lev\u00e9e. Les m\u00e2choires de serrage sont usin\u00e9es avec pr\u00e9cision et garantissent une fixation s\u00fbre \u00e0 ton v\u00e9hicule. Gr\u00e2ce aux rails Airlin qui l&rsquo;entourent, tu peux facilement fixer et adapter d&rsquo;autres accessoires.  <\/p>\n<p><strong>Fonctionnalit\u00e9 optimale<\/strong><br \/>\nAvec une structure extr\u00eamement plate de seulement 7 cm, ton Grenadier s&rsquo;\u00e9l\u00e8ve \u00e0 peine. Cela permet un a\u00e9rodynamisme optimal et r\u00e9duit la r\u00e9sistance \u00e0 l&rsquo;air, ce qui entra\u00eene une meilleure efficacit\u00e9 du carburant. De plus, les fen\u00eatres Safari restent utilisables, ce qui te donne la flexibilit\u00e9 dont tu as besoin lors de tes voyages.  <\/p>\n<p><strong>Possibilit\u00e9s de personnalisation<\/strong><br \/>\nUn autre point fort de la barre de toit est la possibilit\u00e9 de la personnaliser. Les incrustations des m\u00e2choires peuvent \u00eatre personnalis\u00e9es avec le texte que tu souhaites et une couleur de v\u00e9hicule assortie, ce qui donne \u00e0 ta galerie de toit un flair unique. <\/p>\n<p><strong>D\u00e9tails techniques<\/strong><\/p>\n<ul>\n<li><strong>Longueur :<\/strong> 210 cm<\/li>\n<li><strong>Largeur :<\/strong> 160 cm<\/li>\n<li><strong>Largeur utile des traverses :<\/strong> 150 cm<\/li>\n<li><strong>Hauteur de montage :<\/strong> environ 7 cm (hauteur totale du v\u00e9hicule : 208 cm)<\/li>\n<li><strong>Capacit\u00e9 de charge dynamique :<\/strong> 150 kg<\/li>\n<li><strong>Capacit\u00e9 de charge statique :<\/strong> 300 kg<\/li>\n<li><strong>Poids net :<\/strong> 41 kg<\/li>\n<\/ul>\n<p><strong>Contenu de la livraison et raisons de l&rsquo;achat<\/strong><br \/>\nLe contenu de la livraison comprend tous les kits de montage n\u00e9cessaires et des instructions d\u00e9taill\u00e9es pour garantir une installation facile. Chez HGM Rack, tu peux faire confiance \u00e0 la grande qualit\u00e9 des produits r\u00e9gionaux autrichiens. Nous n&rsquo;avons pas m\u00e9nag\u00e9 nos efforts pour cr\u00e9er la galerie de toit la plus robuste et la plus polyvalente pour l&rsquo;Ineos Grenadier. Avec un d\u00e9lai de livraison actuel de seulement 10 jours ouvrables, tu seras rapidement pr\u00eat pour ta prochaine aventure.   <\/p>\n<p>Que tu sois \u00e0 la recherche d&rsquo;une galerie fiable pour ta tente de toit ou pour d&rsquo;autres accessoires d&rsquo;aventure, la galerie Ineos Grenadier de HGM Rack t&rsquo;offre la solution parfaite !<\/p>\n<\/div>\n<\/div>\n<\/div>\n<\/div>\n<\/div>\n<\/div>\n<\/div>\n<\/div>\n","protected":false},"excerpt":{"rendered":"<div class=\"react-scroll-to-bottom--css-nqdpd-79elbk _chat-scroller_ybums_31\">\n<div class=\"react-scroll-to-bottom--css-nqdpd-1n7m0yu _chat-scroller__scroll_ybums_34\">\n<div class=\"_chat-messages_ybums_17\">\n<div class=\"_chat-messages__inner_ybums_20\">\n<div class=\"_message-item_tj7m6_1\">\n<div class=\"_message-item__content_tj7m6_9\">\n<div class=\"_message-content_3ffle_2 _message-content--markdown_3ffle_20\">\n<p>La nouvelle galerie de toit Ineos Grenadier de HGM Rack est la solution optimale pour les aventuriers.<\/p>\n<ul>\n<li>En aluminium robuste de qualit\u00e9 a\u00e9ronautique<\/li>\n<li>Utiliser les \u00e9toiles de safari<\/li>\n<li>Rails Airlin en circulation<\/li>\n<li>Extr\u00eamement plat &#8211; seulement 7cm plus haut<\/li>\n<li>Personnalisable (incrustations+couleur)<\/li>\n<\/ul>\n<p>Monte facilement et en toute s\u00e9curit\u00e9 des tentes de toit et des stores. Regarde aussi nos autres produits ! <\/p>\n<\/div>\n<\/div>\n<\/div>\n<\/div>\n<\/div>\n<\/div>\n<\/div>\n","protected":false},"featured_media":25992386,"comment_status":"open","ping_status":"closed","template":"","meta":{"_acf_changed":false,"_et_pb_use_builder":"","_et_pb_old_content":"","_et_gb_content_width":""},"product_brand":[],"product_cat":[1012,1046,1047],"product_tag":[],"class_list":{"0":"post-25992385","1":"product","2":"type-product","3":"status-publish","4":"has-post-thumbnail","6":"product_cat-barres-de-toit","7":"product_cat-ineos-fr","8":"product_cat-ineos-grenadier-fr","9":"pa_plattensatz-avec-jeu-de-plaques-arriere","10":"pa_plattensatz-sans-jeu-de-plaques-arriere","12":"first","13":"instock","14":"taxable","15":"shipping-taxable","16":"purchasable","17":"product-type-variable"},"acf":[],"gallery_images":[25992387,25992388],"_links":{"self":[{"href":"https:\/\/hgm-rack.at\/fr\/wp-json\/wp\/v2\/product\/25992385","targetHints":{"allow":["GET"]}}],"collection":[{"href":"https:\/\/hgm-rack.at\/fr\/wp-json\/wp\/v2\/product"}],"about":[{"href":"https:\/\/hgm-rack.at\/fr\/wp-json\/wp\/v2\/types\/product"}],"replies":[{"embeddable":true,"href":"https:\/\/hgm-rack.at\/fr\/wp-json\/wp\/v2\/comments?post=25992385"}],"wp:featuredmedia":[{"embeddable":true,"href":"https:\/\/hgm-rack.at\/fr\/wp-json\/wp\/v2\/media\/25992386"}],"wp:attachment":[{"href":"https:\/\/hgm-rack.at\/fr\/wp-json\/wp\/v2\/media?parent=25992385"}],"wp:term":[{"taxonomy":"product_brand","embeddable":true,"href":"https:\/\/hgm-rack.at\/fr\/wp-json\/wp\/v2\/product_brand?post=25992385"},{"taxonomy":"product_cat","embeddable":true,"href":"https:\/\/hgm-rack.at\/fr\/wp-json\/wp\/v2\/product_cat?post=25992385"},{"taxonomy":"product_tag","embeddable":true,"href":"https:\/\/hgm-rack.at\/fr\/wp-json\/wp\/v2\/product_tag?post=25992385"}],"curies":[{"name":"wp","href":"https:\/\/api.w.org\/{rel}","templated":true}]}}