{"id":25992405,"date":"2023-10-18T10:31:35","date_gmt":"2023-10-18T08:31:35","guid":{"rendered":"https:\/\/hgm-rack.at\/produkt\/support-de-base-transversal-ineos-grenadier\/"},"modified":"2025-06-09T14:48:36","modified_gmt":"2025-06-09T12:48:36","slug":"support-de-base-transversal-ineos-grenadier","status":"publish","type":"product","link":"https:\/\/hgm-rack.at\/fr\/produit\/support-de-base-transversal-ineos-grenadier\/","title":{"rendered":"Support de base transversal Ineos Grenadier"},"content":{"rendered":"<p><strong>  Support de base Ineos Grenadier<\/strong><\/p>\n<p>D\u00e9couvre le m\u00e9lange parfait de fonctionnalit\u00e9 et d&rsquo;adaptabilit\u00e9 avec nos barres de toit de base, sp\u00e9cialement con\u00e7ues pour l&rsquo;Ineos Grenadier. Ces barres de toit robustes et durables offrent non seulement un moyen de transport s\u00fbr pour ton \u00e9quipement, mais aussi la flexibilit\u00e9 dont tu as besoin pour tes prochaines aventures. <\/p>\n<p><strong>Principales caract\u00e9ristiques :<\/strong><\/p>\n<ul>\n<li><strong>Incrustations personnalisables :<\/strong> nos barres de toit de base disposent d&rsquo;incrustations personnalisables uniques des m\u00e2choires de serrage, ce qui te permet de personnaliser le look et la fonctionnalit\u00e9 selon tes envies. Personnalise ton v\u00e9hicule selon tes go\u00fbts et tes besoins. La couleur et le texte des incrustations des supports (en rouge sur l&rsquo;image du produit) sont librement s\u00e9lectionnables sur demande ! (+100\u20ac)    Dans le cas contraire, elles sont sur fond noir.<\/li>\n<li><strong>Extensibilit\u00e9 :<\/strong> les supports de base sont con\u00e7us de mani\u00e8re \u00e0 pouvoir \u00eatre facilement \u00e9tendus ult\u00e9rieurement avec nos grands <a href=\"https:\/\/hgm-rack.at\/produkt\/roofrack\/\">roofracks<\/a>. Tu peux ainsi facilement adapter la capacit\u00e9 de transport de ton Ineos Grenadier \u00e0 tes besoins individuels.  Si tu souhaites ajouter des barres de toit ult\u00e9rieurement, les barres de base seront d\u00e9duites du prix.<\/li>\n<li><strong>Une construction robuste :<\/strong> Fabriqu\u00e9es en acier inoxydable de haute qualit\u00e9 et en aluminium de qualit\u00e9 a\u00e9ronautique , nos barres de toit de base sont particuli\u00e8rement solides et durables, parfaites pour les d\u00e9fis de la vie en plein air.<\/li>\n<li><strong>Montage facile :<\/strong> l&rsquo;installation n&rsquo;est pas compliqu\u00e9e et ne n\u00e9cessite pas d&rsquo;outils sp\u00e9ciaux, tu seras donc pr\u00eat \u00e0 l&#8217;emploi en un rien de temps.<\/li>\n<\/ul>\n<p>Parfait pour les aventuriers qui veulent personnaliser leurs voyages et pour tous ceux qui cherchent une solution polyvalente et adaptable \u00e0 leurs besoins de transport. \u00c9quipe ton Ineos Grenadier avec nos barres de toit de base et pr\u00e9pare-toi \u00e0 explorer de nouveaux horizons ! <\/p>\n<p><strong>Donn\u00e9es techniques :<\/strong><\/p>\n<ul>\n<li>capacit\u00e9 de charge 75kg dynamique<\/li>\n<li>charge statique admissible 100kg<\/li>\n<li>Augmentation du v\u00e9hicule d&rsquo;environ 7cm<\/li>\n<li>poids propre 5,8kg<\/li>\n<\/ul>\n<p><strong>Contenu de la livraison par support :<\/strong><\/p>\n<ul>\n<li>2x pi\u00e8ce de serrage en aluminium a\u00e9ronautique (usin\u00e9e dans la masse !)<\/li>\n<li>2x support en acier inoxydable de 3mm<\/li>\n<li>1x profil\u00e9 en aluminium 60x30x1595mm + embouts<\/li>\n<li>Films de protection pour peinture<\/li>\n<li>Mat\u00e9riel de montage<\/li>\n<\/ul>\n<p><strong>Le prix s&rsquo;entend par traverse !<\/strong><\/p>\n","protected":false},"excerpt":{"rendered":"<p><strong>Support de base Heavy-Duty pour ton Ineos Grenadier !<\/strong><\/p>\n","protected":false},"featured_media":25992406,"comment_status":"open","ping_status":"closed","template":"","meta":{"_acf_changed":false,"_et_pb_use_builder":"","_et_pb_old_content":"","_et_gb_content_width":""},"product_brand":[],"product_cat":[1012,1046,1047],"product_tag":[],"class_list":{"0":"post-25992405","1":"product","2":"type-product","3":"status-publish","4":"has-post-thumbnail","6":"product_cat-barres-de-toit","7":"product_cat-ineos-fr","8":"product_cat-ineos-grenadier-fr","9":"product_shipping_class-classe-dexpedition-medium","10":"pa_befestigung-comme-lexige-ineos-sur-la-gouttiere-a-laide-de-machoires-usinees-dans-la-masse","11":"pa_traglast-75kg-par-traverse-en-dynamique-100kg-en-statique","13":"first","14":"instock","15":"taxable","16":"shipping-taxable","17":"purchasable","18":"product-type-simple"},"acf":[],"gallery_images":[25992407],"_links":{"self":[{"href":"https:\/\/hgm-rack.at\/fr\/wp-json\/wp\/v2\/product\/25992405","targetHints":{"allow":["GET"]}}],"collection":[{"href":"https:\/\/hgm-rack.at\/fr\/wp-json\/wp\/v2\/product"}],"about":[{"href":"https:\/\/hgm-rack.at\/fr\/wp-json\/wp\/v2\/types\/product"}],"replies":[{"embeddable":true,"href":"https:\/\/hgm-rack.at\/fr\/wp-json\/wp\/v2\/comments?post=25992405"}],"wp:featuredmedia":[{"embeddable":true,"href":"https:\/\/hgm-rack.at\/fr\/wp-json\/wp\/v2\/media\/25992406"}],"wp:attachment":[{"href":"https:\/\/hgm-rack.at\/fr\/wp-json\/wp\/v2\/media?parent=25992405"}],"wp:term":[{"taxonomy":"product_brand","embeddable":true,"href":"https:\/\/hgm-rack.at\/fr\/wp-json\/wp\/v2\/product_brand?post=25992405"},{"taxonomy":"product_cat","embeddable":true,"href":"https:\/\/hgm-rack.at\/fr\/wp-json\/wp\/v2\/product_cat?post=25992405"},{"taxonomy":"product_tag","embeddable":true,"href":"https:\/\/hgm-rack.at\/fr\/wp-json\/wp\/v2\/product_tag?post=25992405"}],"curies":[{"name":"wp","href":"https:\/\/api.w.org\/{rel}","templated":true}]}}