{"id":25992464,"date":"2024-07-10T22:10:31","date_gmt":"2024-09-06T07:51:22","guid":{"rendered":"https:\/\/hgm-rack.at\/produkt\/galerie-de-toit-mercedes-sprinter\/"},"modified":"2025-11-02T20:06:28","modified_gmt":"2025-11-02T19:06:28","slug":"galerie-de-toit-mercedes-sprinter","status":"publish","type":"product","link":"https:\/\/hgm-rack.at\/fr\/produit\/galerie-de-toit-mercedes-sprinter\/","title":{"rendered":"Galerie de toit Mercedes Sprinter"},"content":{"rendered":"<p><strong>Ta nouvelle galerie de toit pour ton Sprinter L2H2 !<\/strong><\/p>\n<p>Notre exp\u00e9rience nous a montr\u00e9 que dans cette cat\u00e9gorie de v\u00e9hicules, nous sommes loin de pouvoir satisfaire tous les souhaits des clients avec un produit standard dans la boutique, car la plupart des v\u00e9hicules sont \u00e9quip\u00e9s de lucarnes, de climatiseurs ou autres. N\u00e9anmoins, avec une planification suffisante, tout ce que le c\u0153ur des campeurs d\u00e9sire est possible. Que ce soit une plate-forme de jogging, une centrale solaire mobile ou une terrasse sur le toit ! Bien entendu, tous les pr\u00e9paratifs pour les radars bleus ou jaunes ont \u00e9t\u00e9 faits.   <\/p>\n<p>Mont\u00e9 sur notre syst\u00e8me de rails ou sur les rails install\u00e9s en usine pour pouvoir ajuster toutes les barres transversales comme tu le souhaites. Tu n&rsquo;as donc aucun probl\u00e8me avec les lucarnes ou les climatiseurs. <\/p>\n<p>Prix indicatifs :<\/p>\n<ul>\n<li>Barres de toit sans accessoires, mont\u00e9es sur rails en C en usine 2190\u20ac.<\/li>\n<li>Barres de toit sans accessoires, mont\u00e9es sur syst\u00e8me de rails HGM 2690\u20ac.<\/li>\n<li><a href=\"https:\/\/hgm-rack.at\/produkt\/strands-scheinwerfer-upgrade\/\">Mise \u00e0 niveau des phares 2 par 2<\/a> (max. 12 possible) 189\u20ac.<\/li>\n<li>T\u00e9l\u00e9commande des phares avec centre de contr\u00f4le sur le toit 699\u20ac.<\/li>\n<li>Store Fiamma F45s 325cm avec fixations 999\u20ac. <\/li>\n<li>Modules PV 320w 290\u20ac<\/li>\n<li>Panneaux PV \u00e9troits 200w (id\u00e9al \u00e0 c\u00f4t\u00e9 des lucarnes) 290\u20ac.<\/li>\n<li>Rails Airlin 2x panneau lat\u00e9ral, 1x panneau avant, 1x panneau arri\u00e8re 190\u20ac<\/li>\n<li>Montage sans accessoires \u00e9lectriques pour les rails en C mont\u00e9s en usine 300\u20ac (environ 4-5 heures)<\/li>\n<li>Montage sans accessoires \u00e9lectriques avec syst\u00e8me de rail HGM 500\u20ac (environ 1 jour ouvrable)<\/li>\n<li>Montage avec accessoires \u00e9lectriques pour les rails en C mont\u00e9s en usine 900\u20ac (environ 1,5 jour de travail)<\/li>\n<li>Montage avec accessoires \u00e9lectriques avec syst\u00e8me de rail HGM 1100\u20ac (environ 2 jours ouvrables)<\/li>\n<\/ul>\n","protected":false},"excerpt":{"rendered":"<p><strong>Notre galerie de toit Sprinter L2H2 !<\/strong><\/p>\n<p>En raison de la diversit\u00e9 des variantes, cette galerie de toit n&rsquo;est disponible que chez nous ! Chaque projet Sprinter est con\u00e7u et fabriqu\u00e9 pour r\u00e9pondre \u00e0 tes besoins ! <\/p>\n","protected":false},"featured_media":25992469,"comment_status":"open","ping_status":"closed","template":"","meta":{"_acf_changed":false,"_et_pb_use_builder":"","_et_pb_old_content":"","_et_gb_content_width":""},"product_brand":[],"product_cat":[1012,1071,1074],"product_tag":[],"class_list":{"0":"post-25992464","1":"product","2":"type-product","3":"status-publish","4":"has-post-thumbnail","6":"product_cat-barres-de-toit","7":"product_cat-mercedes-fr","8":"product_cat-mercedes-sprinter-fr","10":"first","11":"instock","12":"taxable","13":"shipping-taxable","14":"purchasable","15":"product-type-simple"},"acf":[],"gallery_images":[25992470,25992471,25992472,25992473,25992474,25992475,25992476,25992477,25992478,25992479],"_links":{"self":[{"href":"https:\/\/hgm-rack.at\/fr\/wp-json\/wp\/v2\/product\/25992464","targetHints":{"allow":["GET"]}}],"collection":[{"href":"https:\/\/hgm-rack.at\/fr\/wp-json\/wp\/v2\/product"}],"about":[{"href":"https:\/\/hgm-rack.at\/fr\/wp-json\/wp\/v2\/types\/product"}],"replies":[{"embeddable":true,"href":"https:\/\/hgm-rack.at\/fr\/wp-json\/wp\/v2\/comments?post=25992464"}],"wp:featuredmedia":[{"embeddable":true,"href":"https:\/\/hgm-rack.at\/fr\/wp-json\/wp\/v2\/media\/25992469"}],"wp:attachment":[{"href":"https:\/\/hgm-rack.at\/fr\/wp-json\/wp\/v2\/media?parent=25992464"}],"wp:term":[{"taxonomy":"product_brand","embeddable":true,"href":"https:\/\/hgm-rack.at\/fr\/wp-json\/wp\/v2\/product_brand?post=25992464"},{"taxonomy":"product_cat","embeddable":true,"href":"https:\/\/hgm-rack.at\/fr\/wp-json\/wp\/v2\/product_cat?post=25992464"},{"taxonomy":"product_tag","embeddable":true,"href":"https:\/\/hgm-rack.at\/fr\/wp-json\/wp\/v2\/product_tag?post=25992464"}],"curies":[{"name":"wp","href":"https:\/\/api.w.org\/{rel}","templated":true}]}}