{"id":25992501,"date":"2021-03-05T15:22:47","date_gmt":"2021-03-05T14:22:47","guid":{"rendered":"https:\/\/hgm-rack.at\/produkt\/support-de-galerie-de-toit-flexi\/"},"modified":"2025-06-18T21:07:46","modified_gmt":"2025-06-18T19:07:46","slug":"support-de-galerie-de-toit-flexi","status":"publish","type":"product","link":"https:\/\/hgm-rack.at\/fr\/produit\/support-de-galerie-de-toit-flexi\/","title":{"rendered":"Support de barres de toit Flexi VW T5"},"content":{"rendered":"<h2>Support de barres de toit Flexi VW T5<\/h2>\n<p>Le support de barres de toit Flexi VW T5 est la solution parfaite pour tous ceux qui recherchent un support de barres de toit robuste, flexible et facile \u00e0 monter pour leur projet DIY. Ces supports offrent non seulement une grande qualit\u00e9 et un montage rapide, mais aussi une personnalisation qui est id\u00e9ale pour tout projet de bricolage. Gr\u00e2ce au design bien pens\u00e9, m\u00eame les bricoleurs inexp\u00e9riment\u00e9s peuvent facilement fixer les supports \u00e0 leur v\u00e9hicule et ainsi am\u00e9liorer leur VW T5 pour les utilisations les plus diverses.  <\/p>\n<p><strong>Montage facile &#8211; Id\u00e9al pour les projets de bricolage<\/strong><\/p>\n<p>Les supports de barres de toit Flexi se distinguent par un montage particuli\u00e8rement simple. Aucune connaissance particuli\u00e8re n&rsquo;est n\u00e9cessaire pour installer les supports sur le v\u00e9hicule. Des instructions d\u00e9taill\u00e9es te guident pas \u00e0 pas dans le processus d&rsquo;installation, ce qui te permet de monter rapidement et en toute s\u00e9curit\u00e9 le support parfait, m\u00eame si tu n&rsquo;as pas beaucoup d&rsquo;exp\u00e9rience. C&rsquo;est un grand avantage, surtout pour les amateurs de DIY &#8211; tu peux r\u00e9aliser tes projets toi-m\u00eame avec un minimum d&rsquo;efforts et profiter du confort d&rsquo;une galerie de toit sur mesure.   <\/p>\n<p><strong>R\u00e9glable en hauteur &#8211; flexibilit\u00e9 d&rsquo;utilisation<\/strong><\/p>\n<p>L&rsquo;une des caract\u00e9ristiques les plus remarquables du support de barres de toit Flexi est sa possibilit\u00e9 de r\u00e9glage en hauteur. Le support peut \u00eatre ajust\u00e9 dans une plage de 63 \u00e0 78 mm. Cela te donne la flexibilit\u00e9 n\u00e9cessaire pour adapter id\u00e9alement le support aux exigences sp\u00e9cifiques de ton v\u00e9hicule et de ton chargement. Que tu souhaites transporter des objets encombrants ou s\u00e9curiser des mat\u00e9riaux fragiles sur le toit de ta VW T5, la capacit\u00e9 d&rsquo;adaptation des supports Flexi garantit une fixation s\u00fbre et stable des barres transversales.   <\/p>\n<p><strong>Structure plate &#8211; optimale pour le T5 de VW<\/strong><\/p>\n<p>Gr\u00e2ce aux dimensions ajust\u00e9es avec pr\u00e9cision, le r\u00e9glage le plus bas au milieu du toit du T5 VW laisse encore un espace d&rsquo;environ 2 cm par rapport au toit. Cela correspond \u00e0 une augmentation de hauteur de 6-7cm en utilisant des <a href=\"https:\/\/hgm-rack.at\/fr\/produit\/traverse-standard\/\">profil\u00e9s en aluminium 40&#215;40<\/a>. Cette faible hauteur permet d&rsquo;obtenir une structure particuli\u00e8rement plate, ce qui am\u00e9liore non seulement l&rsquo;a\u00e9rodynamisme du v\u00e9hicule, mais minimise \u00e9galement la r\u00e9sistance \u00e0 l&rsquo;air et la consommation de carburant. En m\u00eame temps, il reste suffisamment d&rsquo;espace pour fixer en toute s\u00e9curit\u00e9 la charge sur le toit sans que le support n&rsquo;affecte l&rsquo;aspect ou la fonctionnalit\u00e9 du v\u00e9hicule. Avec ces supports de barres de toit, tu peux utiliser la VW T5 de mani\u00e8re optimale pour des projets de transport ou de voyage.    <\/p>\n<p><strong>Robuste et fiable &#8211; Pr\u00eat pour chaque aventure<\/strong><\/p>\n<p>Notre support de barre de toit Flexi VW T5 n&rsquo;est pas seulement facile \u00e0 monter, il est aussi extr\u00eamement robuste. La grande qualit\u00e9 des mat\u00e9riaux utilis\u00e9s garantit que les supports fonctionnent de mani\u00e8re fiable, m\u00eame dans des conditions exigeantes. Que tu fasses r\u00e9guli\u00e8rement de longs trajets, que tu voyages dans diff\u00e9rentes conditions m\u00e9t\u00e9orologiques ou que tu doives transporter de lourdes charges, les supports Flexi t&rsquo;offrent la stabilit\u00e9 et la durabilit\u00e9 n\u00e9cessaires pour transporter ton \u00e9quipement en toute s\u00e9curit\u00e9 et profiter de tes voyages sans soucis.  <\/p>\n<p><strong>Parfait pour chaque projet et chaque voyage<\/strong><\/p>\n<p>Avec le support de barres de toit Flexi pour le VW T5, tu as un partenaire \u00e0 tes c\u00f4t\u00e9s qui convient aussi bien \u00e0 une utilisation priv\u00e9e que professionnelle. Que ce soit pour les week-ends, les vacances en camping ou le transport professionnel d&rsquo;\u00e9quipements, ces supports t&rsquo;offrent la polyvalence dont tu as besoin pour r\u00e9aliser au mieux tes projets et tes voyages. <\/p>\n<p>Misez sur la qualit\u00e9, la flexibilit\u00e9 et la facilit\u00e9 d&rsquo;utilisation &#8211; avec le support de barres de toit Flexi pour le T5 de VW, tu as la base id\u00e9ale pour chaque aventure. Compose ta galerie de toit parfaite et d\u00e9couvre \u00e0 quel point le transport de charges peut \u00eatre simple et confortable ! <\/p>\n<h3>Support de barres de toit Flexi VW T5, qu&rsquo;est-ce qui est inclus ?<\/h3>\n<ul>\n<li>Support Flexi partie inf\u00e9rieure avec joint (acier inoxydable 3mm)<\/li>\n<li>Support Flexi partie sup\u00e9rieure (acier inoxydable 3mm)<\/li>\n<li>Kit de vis<\/li>\n<li>Fusibles en plastique pour r\u00e9gler la hauteur<\/li>\n<\/ul>\n<p>Tu veux savoir ce qui t&rsquo;attend pendant le montage ? Regarde notre <a href=\"https:\/\/www.youtube.com\/watch?v=8QSfa3_qDdg\" rel=\"nofollow noopener\" target=\"_blank\">vid\u00e9o de montage <\/a>. Si tu commandes un roofrack Flexi 250 ou Flexi 300, ces supports sont bien s\u00fbr inclus dans la livraison.  <\/p>\n<p>L&rsquo;\u00e9quipe de HGM-Rack te souhaite beaucoup de plaisir \u00e0 construire des barres de toit !<\/p>\n","protected":false},"excerpt":{"rendered":"<div class=\"flex-1 overflow-hidden @container\/thread\">\n<div class=\"h-full\">\n<div class=\"react-scroll-to-bottom--css-tjlwy-79elbk h-full\">\n<div class=\"react-scroll-to-bottom--css-tjlwy-1n7m0yu\">\n<div class=\"flex flex-col text-sm md:pb-9\">\n<article class=\"w-full scroll-mb-[var(--thread-trailing-height,150px)] text-token-text-primary focus-visible:outline-2 focus-visible:outline-offset-[-4px]\" dir=\"auto\" data-testid=\"conversation-turn-3\" data-scroll-anchor=\"true\">\n<div class=\"m-auto text-base py-[18px] px-3 md:px-4 w-full md:px-5 lg:px-4 xl:px-5\">\n<div class=\"mx-auto flex flex-1 gap-4 text-base md:gap-5 lg:gap-6 md:max-w-3xl\">\n<div class=\"group\/conversation-turn relative flex w-full min-w-0 flex-col agent-turn\">\n<div class=\"flex-col gap-1 md:gap-3\">\n<div class=\"flex max-w-full flex-col flex-grow\">\n<div class=\"min-h-8 text-message flex w-full flex-col items-end gap-2 whitespace-normal break-words text-start [.text-message+&amp;]:mt-5\" dir=\"auto\" data-message-author-role=\"assistant\" data-message-id=\"12956d86-1f3b-48a6-aa6b-a8ff82a0ca51\" data-message-model-slug=\"gpt-4o-mini\">\n<div class=\"flex w-full flex-col gap-1 empty:hidden first:pt-[3px]\">\n<div class=\"markdown prose w-full break-words dark:prose-invert light\">\n<h1><strong>Support de barres de toit Flexi VW T5 &#8211; Le compagnon id\u00e9al pour chaque aventure<\/strong><\/h1>\n<p>&nbsp;<\/p>\n<\/div>\n<\/div>\n<\/div>\n<\/div>\n<div class=\"mb-2 flex gap-3 empty:hidden -ml-2\">\n<div class=\"items-center justify-start rounded-xl p-1 flex\">\n<div class=\"flex items-center\"><\/div>\n<\/div>\n<\/div>\n<div class=\"pr-2 lg:pr-0\"><\/div>\n<div class=\"mt-3 w-full empty:hidden\">\n<div class=\"text-center\"><\/div>\n<\/div>\n<\/div>\n<div class=\"absolute\">\n<div class=\"flex items-center justify-center\"><\/div>\n<\/div>\n<\/div>\n<\/div>\n<\/div>\n<\/article>\n<\/div>\n<\/div>\n<\/div>\n<\/div>\n<\/div>\n<div class=\"md:pt-0 dark:border-white\/20 md:border-transparent md:dark:border-transparent w-full\">\n<div>\n<div class=\"m-auto text-base px-3 md:px-4 w-full md:px-5 lg:px-4 xl:px-5\">\n<div class=\"mx-auto flex flex-1 gap-4 text-base md:gap-5 lg:gap-6 md:max-w-3xl\">\n<div class=\"flex justify-center\"><\/div>\n<\/div>\n<\/div>\n<\/div>\n<\/div>\n<p>&nbsp;<\/p>\n","protected":false},"featured_media":26008895,"comment_status":"open","ping_status":"closed","template":"","meta":{"_acf_changed":false,"_et_pb_use_builder":"off","_et_pb_old_content":"<strong>Support de galerie de toit VW T5 \/ T6<\/strong>\n\nNos supports de barres de toit sont con\u00e7us pour tous ceux qui veulent r\u00e9aliser leur propre id\u00e9e de roofrack. Gr\u00e2ce \u00e0 la hauteur r\u00e9glable, notre support de galerie de toit VW T5 \/ T6 s'adapte \u00e0 chaque position de ton v\u00e9hicule, il suffit de r\u00e9gler la hauteur selon les instructions de montage. Pour le montage de notre support, nous recommandons d'utiliser 8 pi\u00e8ces de notre support sur un bus VW \u00e0 empattement court et 10 pi\u00e8ces sur un empattement long.  \n\n<strong>Mat\u00e9riau : <\/strong>nos supports sont fabriqu\u00e9s en acier inoxydable de 3 mm et sont ensuite recouverts de deux couches de peinture en poudre.\n\n<strong>Montage sur le v\u00e9hicule :<\/strong> notre support de barres de toit VW T5 \/T6 est livr\u00e9 avec un joint. Aucun mastic suppl\u00e9mentaire n'est n\u00e9cessaire. Tout s'enl\u00e8ve sans laisser de traces !  \n\n<strong>Capacit\u00e9 de charge : <\/strong>en utilisant des profil\u00e9s en aluminium 40x40, la capacit\u00e9 de charge est de 75kg par traverse ! (2x supports) \n\n<strong>Double rainure : <\/strong>si tu r\u00e9alises ton projet de barres de toit DIY avec des profil\u00e9s en aluminium 40x40, nous te recommandons d'utiliser les supports avec les <strong>rainures <\/strong>. Avec d'autres barres transversales, tu dois utiliser des vis, etc. \n\n<strong>Ne convient pas aux v\u00e9hicules \u00e9quip\u00e9s d'un rail C !<\/strong>\n\n<span lang=\"DE\">Veuillez toujours tenir compte des limites maximales respectives. Charges utiles de ton v\u00e9hicule et lois de ton pays.\nToutes les donn\u00e9es sont sans garantie.<\/span>\n\n\u00a0\n\n\u00a0\n<ul>\n \t<li class=\"Text\"><span lang=\"DE\">1x support de barre de toit VW T5 \/ T6<\/span><\/li>\n \t<li class=\"Text\"><span lang=\"DE\">1x accessoires de montage (vis + \u00e9crous, joint en silicone, plaquette en plastique, rondelle de s\u00e9curit\u00e9 en m\u00e9tal)  <\/span><\/li>\n<\/ul>","_et_gb_content_width":""},"product_brand":[],"product_cat":[1012,1018,1020],"product_tag":[],"class_list":{"0":"post-25992501","1":"product","2":"type-product","3":"status-publish","4":"has-post-thumbnail","6":"product_cat-barres-de-toit","7":"product_cat-vw-fr","8":"product_cat-vw-t5-fr","9":"product_shipping_class-classe-dexpedition-small","10":"pa_material-acier-inoxydable-de-3-mm-de-haute-qualite","11":"pa_traglast-75-kg-par-montage-avec-notre-barre-transversale-standard-sur-2-de-nos-supports-de-barres-de-toit-flexi-ou-ftc","12":"pa_zubehoer-excl-coulisseau-pour-profile-en-aluminium-40x40","13":"pa_zubehoer-incl-coulisseau-pour-profile-en-aluminium-40x40","15":"first","16":"instock","17":"taxable","18":"shipping-taxable","19":"purchasable","20":"product-type-variable"},"acf":[],"gallery_images":[26008900,26008906,26008921],"_links":{"self":[{"href":"https:\/\/hgm-rack.at\/fr\/wp-json\/wp\/v2\/product\/25992501","targetHints":{"allow":["GET"]}}],"collection":[{"href":"https:\/\/hgm-rack.at\/fr\/wp-json\/wp\/v2\/product"}],"about":[{"href":"https:\/\/hgm-rack.at\/fr\/wp-json\/wp\/v2\/types\/product"}],"replies":[{"embeddable":true,"href":"https:\/\/hgm-rack.at\/fr\/wp-json\/wp\/v2\/comments?post=25992501"}],"wp:featuredmedia":[{"embeddable":true,"href":"https:\/\/hgm-rack.at\/fr\/wp-json\/wp\/v2\/media\/26008895"}],"wp:attachment":[{"href":"https:\/\/hgm-rack.at\/fr\/wp-json\/wp\/v2\/media?parent=25992501"}],"wp:term":[{"taxonomy":"product_brand","embeddable":true,"href":"https:\/\/hgm-rack.at\/fr\/wp-json\/wp\/v2\/product_brand?post=25992501"},{"taxonomy":"product_cat","embeddable":true,"href":"https:\/\/hgm-rack.at\/fr\/wp-json\/wp\/v2\/product_cat?post=25992501"},{"taxonomy":"product_tag","embeddable":true,"href":"https:\/\/hgm-rack.at\/fr\/wp-json\/wp\/v2\/product_tag?post=25992501"}],"curies":[{"name":"wp","href":"https:\/\/api.w.org\/{rel}","templated":true}]}}