{"id":25992556,"date":"2021-03-06T12:57:51","date_gmt":"2021-03-06T11:57:51","guid":{"rendered":"https:\/\/hgm-rack.at\/produkt\/supports-de-barres-de-toit-ftc\/"},"modified":"2024-09-06T09:52:35","modified_gmt":"2024-09-06T07:52:35","slug":"supports-de-barres-de-toit-ftc","status":"publish","type":"product","link":"https:\/\/hgm-rack.at\/fr\/produit\/supports-de-barres-de-toit-ftc\/","title":{"rendered":"Supports de barres de toit FTC"},"content":{"rendered":"<ul>\n<li class=\"Text\"><span lang=\"DE\">4 x support FTC long  <\/span><\/li>\n<li class=\"Text\"><span lang=\"DE\">2 x support FTC court<\/span><\/li>\n<li class=\"Text\"><span lang=\"DE\">1 x accessoires de montage (vis de fixation, joint en caoutchouc)<\/span><\/li>\n<\/ul>\n","protected":false},"excerpt":{"rendered":"<p class=\"Text\"><span lang=\"DE\">Support de barres de toit pour Ford Transit Custom et Tourneo Custom (empattement court)<\/span><\/p>\n<p class=\"Text\"><span lang=\"DE\">Notre support de barres de toit FTC constitue la base de toutes les autres structures sur le toit de ton v\u00e9hicule. Il se distingue par sa grande qualit\u00e9 et sa facilit\u00e9 de montage, ce qui permet aux vendeurs inexp\u00e9riment\u00e9s de monter plus facilement les supports sur leur v\u00e9hicule.<\/span><\/p>\n<p class=\"Text\"><span lang=\"DE\">  Notre syst\u00e8me modulaire permet donc \u00e0 chacun de nos clients de composer sa galerie de toit en fonction de ses souhaits et de ses exigences.<\/span><\/p>\n<p class=\"Text\"><span lang=\"DE\">  Gr\u00e2ce \u00e0 nos exigences \u00e9lev\u00e9es en mati\u00e8re de qualit\u00e9 de nos produits, nous proposons avec ce composant le compagnon parfait pour chacune de tes aventures.<\/span><\/p>\n<p><strong>Ce produit est extensible par syst\u00e8me modulaire avec : 40x40mm profil\u00e9 en aluminium 1500mm<\/strong><\/p>\n<p><strong>T\u00f4le de protection contre le vent 1500mm<\/strong><\/p>\n<blockquote><p><span lang=\"DE\">Veuillez toujours tenir compte des limites maximales respectives. les charges utiles de ton v\u00e9hicule et les lois de ton pays. Toutes les donn\u00e9es sont fournies sans garantie.<\/span><\/p><\/blockquote>\n","protected":false},"featured_media":25992525,"comment_status":"open","ping_status":"closed","template":"","meta":{"_acf_changed":false,"_et_pb_use_builder":"","_et_pb_old_content":"","_et_gb_content_width":""},"product_brand":[],"product_cat":[1012,1029,1040,1039],"product_tag":[],"class_list":{"0":"post-25992556","1":"product","2":"type-product","3":"status-publish","4":"has-post-thumbnail","6":"product_cat-barres-de-toit","7":"product_cat-ford-fr","8":"product_cat-ford-tourneo-custom-fr","9":"product_cat-ford-transit-custom-fr","10":"product_shipping_class-classe-dexpedition-small","11":"pa_zubehoer-excl-coulisseau-pour-profile-en-aluminium-40x40","12":"pa_zubehoer-incl-coulisseau-pour-profile-en-aluminium-40x40","14":"first","15":"instock","16":"taxable","17":"shipping-taxable","18":"purchasable","19":"product-type-variable"},"acf":[],"gallery_images":[4265,4266],"_links":{"self":[{"href":"https:\/\/hgm-rack.at\/fr\/wp-json\/wp\/v2\/product\/25992556","targetHints":{"allow":["GET"]}}],"collection":[{"href":"https:\/\/hgm-rack.at\/fr\/wp-json\/wp\/v2\/product"}],"about":[{"href":"https:\/\/hgm-rack.at\/fr\/wp-json\/wp\/v2\/types\/product"}],"replies":[{"embeddable":true,"href":"https:\/\/hgm-rack.at\/fr\/wp-json\/wp\/v2\/comments?post=25992556"}],"wp:featuredmedia":[{"embeddable":true,"href":"https:\/\/hgm-rack.at\/fr\/wp-json\/wp\/v2\/media\/25992525"}],"wp:attachment":[{"href":"https:\/\/hgm-rack.at\/fr\/wp-json\/wp\/v2\/media?parent=25992556"}],"wp:term":[{"taxonomy":"product_brand","embeddable":true,"href":"https:\/\/hgm-rack.at\/fr\/wp-json\/wp\/v2\/product_brand?post=25992556"},{"taxonomy":"product_cat","embeddable":true,"href":"https:\/\/hgm-rack.at\/fr\/wp-json\/wp\/v2\/product_cat?post=25992556"},{"taxonomy":"product_tag","embeddable":true,"href":"https:\/\/hgm-rack.at\/fr\/wp-json\/wp\/v2\/product_tag?post=25992556"}],"curies":[{"name":"wp","href":"https:\/\/api.w.org\/{rel}","templated":true}]}}