{"id":25992560,"date":"2021-08-20T13:55:58","date_gmt":"2024-09-06T07:52:41","guid":{"rendered":"https:\/\/hgm-rack.at\/produkt\/mobileblack-200w-kit-solaire-complet\/"},"modified":"2024-09-06T09:52:41","modified_gmt":"2024-09-06T07:52:41","slug":"mobileblack-200w-kit-solaire-complet","status":"publish","type":"product","link":"https:\/\/hgm-rack.at\/fr\/produit\/mobileblack-200w-kit-solaire-complet\/","title":{"rendered":"MobileBlack 200W kit solaire complet"},"content":{"rendered":"<p><strong>Syst\u00e8me complet MobileBlack Caravan 200W<\/strong> Ce syst\u00e8me complet contient tout ce dont vous avez besoin pour recharger vos batteries de mani\u00e8re mobile.<br \/>\nLe r\u00e9gulateur double inclus dans le kit vous permet de charger votre batterie de bord et de charger la batterie de d\u00e9marrage en m\u00eame temps, car il dispose d&rsquo;une sortie de charge secondaire correspondante.<br \/>\nLe kit est accompagn\u00e9 d&rsquo;une documentation compl\u00e8te expliquant \u00e9tape par \u00e9tape le montage et le raccordement, qu&rsquo;il s&rsquo;agisse du raccordement technique, du collage des spoilers de fixation ou de la travers\u00e9e de toit.<br \/>\nLa travers\u00e9e de toit est sans doute l&rsquo;un des points les plus critiques, car c&rsquo;est l\u00e0 que se fait la transition vers l&rsquo;int\u00e9rieur du camping-car.<br \/>\nLa travers\u00e9e est fabriqu\u00e9e dans le m\u00eame mat\u00e9riau que les d\u00e9flecteurs &#8211; la visserie PEG est conforme \u00e0 la classe de protection IP68 et est donc parfaitement \u00e9tanche si elle est install\u00e9e correctement.      <\/p>\n<ul>\n<li><strong>Contenu de la livraison du syst\u00e8me solaire de caravane MobileBlack 200W<\/strong>  2x Offgridtec\u00ae OLP Panneau solaire 100W 12W PERC avec technologie de bardeaux 1x Offgridtec ABS Passe-c\u00e2ble simple &#8211; noir avec presse-\u00e9toupe \u00e9tanche PEG 2x Offgridtec 55cm ABS Profil\u00e9s de montage (1paire) &#8211; pour fixer les panneaux solaires en noir 1x Offgridtec 8m 2x6mm H07RNF &#8211; C\u00e2ble de connexion panneau solaire au r\u00e9gulateur de charge solaire en version caravane 1x Offgridtec 1,5m 2x6mm 30A Batterieverbindungskabel &#8211; C\u00e2ble de connexion entre le r\u00e9gulateur de charge solaire et la batterie avec bornes de batterie et connexion de cosse de c\u00e2ble M8 1x Offgridtec\u00ae 30A MPPT Dual r\u00e9gulateur de charge solaire avec sortie de charge secondaire et de commutation AES 1x affichage \u00e0 distance \/ \u00e9cran pour MPPT Pro Duo r\u00e9gulateur de charge 1x kit de colle Dekalin avec colle polym\u00e8re Dekasyl MS-5, Dekavator, chiffon de nettoyage et mode d&#8217;emploi 1x cartouche individuelle de colle Dekasyl MS-5 de Dekalin 1x prises de d\u00e9rivation pour le raccordement en parall\u00e8le des modules solaires 2x c\u00e2ble d&rsquo;extension MC-4 de 50cm pour le raccordement des c\u00e2bles de connexion se trouvant sur le module avec les prises de d\u00e9rivation<br \/>\n<strong>Le r\u00e9gulateur de charge solaire Offgridtec\u00ae MPPT Pro Duo 30A<\/strong> Le r\u00e9gulateur MPPT Pro Duo peut traiter un courant de charge maximal de 30A.<br \/>\nCela signifie que ce syst\u00e8me peut th\u00e9oriquement \u00eatre \u00e9tendu \u00e0 pr\u00e8s de 400W de puissance de panneau solaire.   En outre, l&rsquo;appareil dispose d&rsquo;une sortie de charge secondaire qui permet de charger la batterie de d\u00e9marrage parall\u00e8lement \u00e0 la batterie de bord lors de longues p\u00e9riodes d&rsquo;immobilisation &#8211; une fonctionnalit\u00e9 qui sera certainement tr\u00e8s appr\u00e9ci\u00e9e dans le cadre d&rsquo;une utilisation mobile \u00e0 domicile. Pour que l&rsquo;on puisse vraiment parler d&rsquo;efficacit\u00e9 optimale, l&rsquo;appareil dispose en outre d&rsquo;une sortie de commutation AES &#8211; celle-ci permet, en cas de surplus d&rsquo;\u00e9lectricit\u00e9 solaire, de commuter automatiquement les r\u00e9frig\u00e9rateurs avec \u00ab\u00a0AES\u00a0\u00bb du fonctionnement au gaz \u00e0 celui en 12V.<\/li>\n<\/ul>\n<p>  Courant de charge maximal 30A &#8211; 390W de puissance de module th\u00e9oriquement utilisable Sortie de charge 30A pour les consommateurs 12V directement sur le r\u00e9gulateur de charge l&rsquo;affichage \u00e0 distance clair permet de monter le r\u00e9gulateur dans des endroits difficiles d&rsquo;acc\u00e8s dans le v\u00e9hicule sans que cela ne limite l&rsquo;utilisation et la vue d&rsquo;ensemble des param\u00e8tres du syst\u00e8me Signal de commande AES pour le r\u00e9frig\u00e9rateur de la voiture, pour \u00e9viter le gaspillage d&rsquo;\u00e9nergie Tension d&rsquo;entr\u00e9e PV maximale 100V Contr\u00f4le de circuit num\u00e9rique du mode de charge adaptatif en trois \u00e9tapes pour am\u00e9liorer la dur\u00e9e de vie de la batterie Technologie de suivi Max Power-Point avec une vitesse de suivi ultra rapide et une efficacit\u00e9 de suivi garantie d&rsquo;au moins 99,5% Dimensions : 24,7cm x 16,5cm x 6,9cm (LxLxH) Poids : 1,4KG Consommation propre : 26mA \u00e0 12V Equilibrage actif de la temp\u00e9rature pour une charge optimale et une garantie de longue dur\u00e9e de vie de la batterie Prise en charge de tous les principaux types de batteries (plomb-acide, AGM, GEL, LiFePo4) Charge max.<br \/>\nRendement : 98% contr\u00f4lable via Bluetooth (dongle s\u00e9par\u00e9 Art.Nr. 8-01-011271 n\u00e9cessaire) &#8211; UNIQUEMENT POUR APPAREILS ANDROID Le module solaire OLP 100W avec la derni\u00e8re technologie de bardeaux Le module solaire OLP 100W avec technologie PERC utilis\u00e9 dans le syst\u00e8me se distingue d&rsquo;une part par sa conception de module unique avec disposition des tranches se chevauchant (Overlapping-Design) et d&rsquo;autre part par son rendement de module \u00e9lev\u00e9, ce qui rend ce module particuli\u00e8rement int\u00e9ressant pour les applications sur les v\u00e9hicules en raison de l&rsquo;espace limit\u00e9.<br \/>\nTension du module (Vmp) : 18,7V Courant max.<br \/>\nCourant (Imp) : 5,35A Tension en circuit ouvert (Voc) : 22,1V Courant de court-circuit (Isc) : 5,67A Rendement des cellules : &gt;23% Temp\u00e9rature ambiante : -40\u00b0C &#8211; +85\u00b0C Coefficient de temp\u00e9rature puissance : -0,43 %\/\u00b0C Coefficient de temp\u00e9rature tension : -0,34 %\/\u00b0C Coefficient de temp\u00e9rature courant : -0,05 %\/\u00b0C Poids : 6,09KG Dimensions : 988mm x 560mm x 35mm Classe de protection bo\u00eete de jonction : IP68 (\u00e9tanche) Longueur des c\u00e2bles de connexion pr\u00e9mont\u00e9s : 55cm Connecteurs pr\u00e9mont\u00e9s : connecteurs compatibles MC4 Nombre de cellules : 108 (6&#215;18) Le syst\u00e8me de montage solaire professionnel Les profil\u00e9s Spoile sont le premier choix, sp\u00e9cialement pour les caravanes et les camping-cars, lorsqu&rsquo;il s&rsquo;agit de fixer proprement les modules solaires.    Si l&rsquo;on monte les modules dans le sens de la marche, les bruits de vent ne sont plus un probl\u00e8me (cela vaut \u00e9galement pour les capucines). Gr\u00e2ce \u00e0 la construction ferm\u00e9e des spoilers, les branches ou autres ne peuvent pas non plus se coincer sous les modules solaires. Dimensions du spoiler : L x l x H : 55cm x 8,9cm (dont environ 3cm de surface d&rsquo;appui module par spoiler) x 6,5cm. <strong>Le collage<\/strong> Un collage correctement effectu\u00e9 est sup\u00e9rieur \u00e0 tout assemblage viss\u00e9 dans les conditions difficiles d&rsquo;utilisation d&rsquo;un camping-car ou d&rsquo;un bateau. Sur les surfaces peintes ou en PRV, il est possible d&rsquo;atteindre une r\u00e9sistance de plus de 4 N\/mm2, ce qui, calcul\u00e9 sur la surface de collage, serait une valeur qui ne pourrait jamais \u00eatre atteinte avec un assemblage viss\u00e9 dans la fine couche de support en aluminium ou en PRV. Ce kit de colle permet m\u00eame \u00e0 un profane de cr\u00e9er une liaison absolument solide entre les spoilers et le support concern\u00e9. Le kit de collage Dekalin contient tous les composants n\u00e9cessaires pour que m\u00eame un installateur amateur puisse r\u00e9aliser un assemblage professionnel. Des vis en acier inoxydable pour la fixation des modules solaires sont \u00e9galement fournies, ainsi que des instructions de collage d\u00e9taill\u00e9es. En outre, vous avez seulement besoin d&rsquo;une presse manuelle pour cartouches et d&rsquo;un chiffon non pelucheux. <strong>Les profil\u00e9s de montage ABS<\/strong> Les passages de c\u00e2bles du toit vers l&rsquo;int\u00e9rieur sont toujours assez d\u00e9licats, car il faut s&rsquo;assurer que tout est parfaitement \u00e9tanche et le reste, m\u00eame apr\u00e8s des ann\u00e9es. En effet, la moindre infiltration d&rsquo;eau peut entra\u00eener des d\u00e9g\u00e2ts souvent irr\u00e9parables sur l&rsquo;isolation int\u00e9rieure et l&rsquo;am\u00e9nagement. D&rsquo;autant plus que l&rsquo;humidit\u00e9 n&rsquo;est souvent remarqu\u00e9e qu&rsquo;assez tard. C&rsquo;est pour cette raison que les travers\u00e9es de toit ont \u00e9t\u00e9 d\u00e9velopp\u00e9es : Les bo\u00eetiers sont fabriqu\u00e9s dans le m\u00eame mat\u00e9riau r\u00e9sistant aux UV et aux intemp\u00e9ries que les supports de montage propos\u00e9s dans la boutique en ligne. Ils sont extr\u00eamement stables et parfaitement antid\u00e9rapants. Le large bord adh\u00e9sif garantit une \u00e9tanch\u00e9it\u00e9 optimale. Les travers\u00e9es sont coll\u00e9es avec le kit de colle que vous utilisez \u00e9galement pour coller les supports de montage solaire. Les bo\u00eetiers peuvent en outre \u00eatre peints \u00e0 volont\u00e9 pour s&rsquo;adapter au support sur lequel ils doivent \u00eatre install\u00e9s <strong>Le kit de c\u00e2blage professionnel<\/strong> Tous les c\u00e2bles n\u00e9cessaires sont livr\u00e9s plug &amp; play et sont d\u00e9j\u00e0 pr\u00e9-sertis avec des outils professionnels. Vous n&rsquo;avez donc pas besoin d&rsquo;acheter des pinces sp\u00e9ciales pour les connecteurs MC-4.<\/p>\n","protected":false},"excerpt":{"rendered":"<p><strong>Utilise la puissance du soleil !<\/strong>  Le kit MobileBlack 200Watt contient tout ce dont vous avez besoin pour \u00eatre autonome sur la route !<\/p>\n","protected":false},"featured_media":25992561,"comment_status":"open","ping_status":"closed","template":"","meta":{"_acf_changed":false,"_et_pb_use_builder":"","_et_pb_old_content":"","_et_gb_content_width":""},"product_brand":[],"product_cat":[1098],"product_tag":[],"class_list":{"0":"post-25992560","1":"product","2":"type-product","3":"status-publish","4":"has-post-thumbnail","6":"product_cat-photovoltaique-stockage-denergie","7":"product_shipping_class-classe-dexpedition-medium","9":"first","10":"outofstock","11":"taxable","12":"shipping-taxable","13":"purchasable","14":"product-type-simple"},"acf":[],"gallery_images":[25992562,25992563,25992564,25992565,25992566],"_links":{"self":[{"href":"https:\/\/hgm-rack.at\/fr\/wp-json\/wp\/v2\/product\/25992560","targetHints":{"allow":["GET"]}}],"collection":[{"href":"https:\/\/hgm-rack.at\/fr\/wp-json\/wp\/v2\/product"}],"about":[{"href":"https:\/\/hgm-rack.at\/fr\/wp-json\/wp\/v2\/types\/product"}],"replies":[{"embeddable":true,"href":"https:\/\/hgm-rack.at\/fr\/wp-json\/wp\/v2\/comments?post=25992560"}],"wp:featuredmedia":[{"embeddable":true,"href":"https:\/\/hgm-rack.at\/fr\/wp-json\/wp\/v2\/media\/25992561"}],"wp:attachment":[{"href":"https:\/\/hgm-rack.at\/fr\/wp-json\/wp\/v2\/media?parent=25992560"}],"wp:term":[{"taxonomy":"product_brand","embeddable":true,"href":"https:\/\/hgm-rack.at\/fr\/wp-json\/wp\/v2\/product_brand?post=25992560"},{"taxonomy":"product_cat","embeddable":true,"href":"https:\/\/hgm-rack.at\/fr\/wp-json\/wp\/v2\/product_cat?post=25992560"},{"taxonomy":"product_tag","embeddable":true,"href":"https:\/\/hgm-rack.at\/fr\/wp-json\/wp\/v2\/product_tag?post=25992560"}],"curies":[{"name":"wp","href":"https:\/\/api.w.org\/{rel}","templated":true}]}}